{"id":11932,"date":"2026-02-27T08:47:45","date_gmt":"2026-02-27T07:47:45","guid":{"rendered":"https:\/\/weinhundert.styleinc.eu\/produkt\/dreissigacker-bechtheim-chardonnay-2021-075-l\/"},"modified":"2026-03-10T21:31:35","modified_gmt":"2026-03-10T20:31:35","slug":"dreissigacker-bechtheim-chardonnay-2021-075-l","status":"publish","type":"product","link":"https:\/\/weinhundert.styleinc.eu\/da\/produkt\/dreissigacker-bechtheim-chardonnay-2021-075-l\/","title":{"rendered":"Dreissigacker Bechtheim Chardonnay 2021 0,75 l"},"content":{"rendered":"<p>Entdecke den Dreissigacker Bechtheim Chardonnay aus dem Jahr 2021 \u2013 ein Wein, der mit seiner frischen Art sofort begeistert. Hergestellt im Herzen Rheinhessens, bringt dieser Chardonnay die Sonne der Region in dein Glas. Mit einer verlockenden Frucht, die an saftige \u00c4pfel und reife Birnen erinnert, kombiniert er sich wunderbar mit einem Hauch von feinen Kr\u00e4utern. Egal, ob du ihn solo genie\u00dft oder zu einem leckeren Risotto mit frischem Spargel servierst, dieser Wein bringt einfach gute Laune. Lass dich von seinem Charme verf\u00fchren und hole dir ein St\u00fcck Rheinhessen nach Hause!<\/p>\n","protected":false},"excerpt":{"rendered":"<p>Frischer Rheinhessen-Chardonnay mit verf\u00fchrerischem Apfel- und Birnenbukett \u2013 Sonne im Glas f\u00fcr jeden Tag.<\/p>\n","protected":false},"featured_media":11933,"comment_status":"open","ping_status":"closed","template":"","meta":{"_acf_changed":false,"_et_pb_use_builder":"","_et_pb_old_content":"","_et_gb_content_width":"","inline_featured_image":false,"_price":"38.90","_stock":"30","_tribe_ticket_header":"","_tribe_default_ticket_provider":"","_ticket_start_date":"","_ticket_end_date":"","_tribe_ticket_show_description":"","_tribe_ticket_show_not_going":false,"_tribe_ticket_use_global_stock":"","_tribe_ticket_global_stock_level":"","_global_stock_mode":"","_global_stock_cap":"","_tribe_rsvp_for_event":"","_tribe_ticket_going_count":"","_tribe_ticket_not_going_count":"","_tribe_tickets_list":"[]","_tribe_ticket_has_attendee_info_fields":false},"product_brand":[],"product_cat":[120],"product_tag":[],"class_list":{"0":"post-11932","1":"product","2":"type-product","3":"status-publish","4":"has-post-thumbnail","6":"product_cat-weisswein","8":"first","9":"instock","10":"taxable","11":"shipping-taxable","12":"purchasable","13":"product-type-simple"},"acf":[],"_links":{"self":[{"href":"https:\/\/weinhundert.styleinc.eu\/da\/wp-json\/wp\/v2\/product\/11932","targetHints":{"allow":["GET"]}}],"collection":[{"href":"https:\/\/weinhundert.styleinc.eu\/da\/wp-json\/wp\/v2\/product"}],"about":[{"href":"https:\/\/weinhundert.styleinc.eu\/da\/wp-json\/wp\/v2\/types\/product"}],"replies":[{"embeddable":true,"href":"https:\/\/weinhundert.styleinc.eu\/da\/wp-json\/wp\/v2\/comments?post=11932"}],"wp:featuredmedia":[{"embeddable":true,"href":"https:\/\/weinhundert.styleinc.eu\/da\/wp-json\/wp\/v2\/media\/11933"}],"wp:attachment":[{"href":"https:\/\/weinhundert.styleinc.eu\/da\/wp-json\/wp\/v2\/media?parent=11932"}],"wp:term":[{"taxonomy":"product_brand","embeddable":true,"href":"https:\/\/weinhundert.styleinc.eu\/da\/wp-json\/wp\/v2\/product_brand?post=11932"},{"taxonomy":"product_cat","embeddable":true,"href":"https:\/\/weinhundert.styleinc.eu\/da\/wp-json\/wp\/v2\/product_cat?post=11932"},{"taxonomy":"product_tag","embeddable":true,"href":"https:\/\/weinhundert.styleinc.eu\/da\/wp-json\/wp\/v2\/product_tag?post=11932"}],"curies":[{"name":"wp","href":"https:\/\/api.w.org\/{rel}","templated":true}]}}