{"id":11914,"date":"2026-02-27T08:47:16","date_gmt":"2026-02-27T07:47:16","guid":{"rendered":"https:\/\/weinhundert.styleinc.eu\/produkt\/dreissigacker-grauburgunder-2022-075-l\/"},"modified":"2026-03-10T21:31:31","modified_gmt":"2026-03-10T20:31:31","slug":"dreissigacker-grauburgunder-2022-075-l","status":"publish","type":"product","link":"https:\/\/weinhundert.styleinc.eu\/da\/produkt\/dreissigacker-grauburgunder-2022-075-l\/","title":{"rendered":"Dreissigacker Grauburgunder 2022 0,75 l"},"content":{"rendered":"<p>Lass dich von diesem Grauburgunder aus Rheinhessen verzaubern! Der Jahrgang 2022 des Weinguts Dreissigacker bringt frische Aromen von saftigen Birnen und einem Hauch Zitrus in dein Glas. Er ist so lebendig, dass du ihn am liebsten mit Freunden auf dem Balkon genie\u00dfen w\u00fcrdest. Mit seinen 12,5 % Alkohol ist er der perfekte Begleiter f\u00fcr einen entspannten Abend oder ein leckeres Dinner. Wie w\u00e4re es mit einer cremigen Pasta oder frischen Meeresfr\u00fcchten dazu? G\u00f6nn dir diesen unkomplizierten Wein, der einfach gute Laune macht!<\/p>\n","protected":false},"excerpt":{"rendered":"<p>Frische Birnen und Zitrus treffen auf lebendige Leichtigkeit \u2013 ein unkomplizierter Genussmoment f\u00fcr entspannte Abende mit Freunden.<\/p>\n","protected":false},"featured_media":11915,"comment_status":"open","ping_status":"closed","template":"","meta":{"_acf_changed":false,"_et_pb_use_builder":"","_et_pb_old_content":"","_et_gb_content_width":"","inline_featured_image":false,"_price":"12.49","_stock":"12","_tribe_ticket_header":"","_tribe_default_ticket_provider":"","_ticket_start_date":"","_ticket_end_date":"","_tribe_ticket_show_description":"","_tribe_ticket_show_not_going":false,"_tribe_ticket_use_global_stock":"","_tribe_ticket_global_stock_level":"","_global_stock_mode":"","_global_stock_cap":"","_tribe_rsvp_for_event":"","_tribe_ticket_going_count":"","_tribe_ticket_not_going_count":"","_tribe_tickets_list":"[]","_tribe_ticket_has_attendee_info_fields":false},"product_brand":[],"product_cat":[120],"product_tag":[],"class_list":{"0":"post-11914","1":"product","2":"type-product","3":"status-publish","4":"has-post-thumbnail","6":"product_cat-weisswein","8":"first","9":"instock","10":"taxable","11":"shipping-taxable","12":"purchasable","13":"product-type-simple"},"acf":[],"_links":{"self":[{"href":"https:\/\/weinhundert.styleinc.eu\/da\/wp-json\/wp\/v2\/product\/11914","targetHints":{"allow":["GET"]}}],"collection":[{"href":"https:\/\/weinhundert.styleinc.eu\/da\/wp-json\/wp\/v2\/product"}],"about":[{"href":"https:\/\/weinhundert.styleinc.eu\/da\/wp-json\/wp\/v2\/types\/product"}],"replies":[{"embeddable":true,"href":"https:\/\/weinhundert.styleinc.eu\/da\/wp-json\/wp\/v2\/comments?post=11914"}],"wp:featuredmedia":[{"embeddable":true,"href":"https:\/\/weinhundert.styleinc.eu\/da\/wp-json\/wp\/v2\/media\/11915"}],"wp:attachment":[{"href":"https:\/\/weinhundert.styleinc.eu\/da\/wp-json\/wp\/v2\/media?parent=11914"}],"wp:term":[{"taxonomy":"product_brand","embeddable":true,"href":"https:\/\/weinhundert.styleinc.eu\/da\/wp-json\/wp\/v2\/product_brand?post=11914"},{"taxonomy":"product_cat","embeddable":true,"href":"https:\/\/weinhundert.styleinc.eu\/da\/wp-json\/wp\/v2\/product_cat?post=11914"},{"taxonomy":"product_tag","embeddable":true,"href":"https:\/\/weinhundert.styleinc.eu\/da\/wp-json\/wp\/v2\/product_tag?post=11914"}],"curies":[{"name":"wp","href":"https:\/\/api.w.org\/{rel}","templated":true}]}}