{"id":11902,"date":"2026-02-27T08:46:57","date_gmt":"2026-02-27T07:46:57","guid":{"rendered":"https:\/\/weinhundert.styleinc.eu\/produkt\/caymus-cabernet-sauvignon-2022-075-l\/"},"modified":"2026-03-10T21:31:29","modified_gmt":"2026-03-10T20:31:29","slug":"caymus-cabernet-sauvignon-2022-075-l","status":"publish","type":"product","link":"https:\/\/weinhundert.styleinc.eu\/da\/produkt\/caymus-cabernet-sauvignon-2022-075-l\/","title":{"rendered":"Caymus Cabernet Sauvignon 2022 0,75 l"},"content":{"rendered":"<p>Der Caymus Cabernet Sauvignon 2022 ist wie ein Roadtrip durch das sonnige Napa Valley \u2013 voller Genuss und spannender Entdeckungen. Mit einem kr\u00e4ftigen Charakter bringt dieser Rotwein Aromen von saftigen schwarzen Beeren, einem Hauch von Schokolade und feinen Gew\u00fcrzen auf den Tisch. Der hohe Alkoholgehalt von 15 % sorgt f\u00fcr eine intensive, einnehmende Erfahrung, die einfach Lust auf mehr macht. Ob beim Grillabend mit Freunden oder zu einem saftigen Steak \u2013 dieser Wein macht jede Gelegenheit zu etwas Besonderem. Lass dich von seinem Charme verf\u00fchren und bring ein St\u00fcck Kalifornien in dein Glas!<\/p>\n","protected":false},"excerpt":{"rendered":"<p>Kr\u00e4ftiger Cabernet aus Napa Valley mit schwarzen Beeren, Schokolade und Gew\u00fcrzen \u2013 intensiv, vollmundig, unvergesslich.<\/p>\n","protected":false},"featured_media":11903,"comment_status":"open","ping_status":"closed","template":"","meta":{"_acf_changed":false,"_et_pb_use_builder":"","_et_pb_old_content":"","_et_gb_content_width":"","inline_featured_image":false,"_price":"109.00","_stock":"24","_tribe_ticket_header":"","_tribe_default_ticket_provider":"","_ticket_start_date":"","_ticket_end_date":"","_tribe_ticket_show_description":"","_tribe_ticket_show_not_going":false,"_tribe_ticket_use_global_stock":"","_tribe_ticket_global_stock_level":"","_global_stock_mode":"","_global_stock_cap":"","_tribe_rsvp_for_event":"","_tribe_ticket_going_count":"","_tribe_ticket_not_going_count":"","_tribe_tickets_list":"[]","_tribe_ticket_has_attendee_info_fields":false},"product_brand":[],"product_cat":[119],"product_tag":[],"class_list":{"0":"post-11902","1":"product","2":"type-product","3":"status-publish","4":"has-post-thumbnail","6":"product_cat-rotwein","8":"first","9":"instock","10":"taxable","11":"shipping-taxable","12":"purchasable","13":"product-type-simple"},"acf":[],"_links":{"self":[{"href":"https:\/\/weinhundert.styleinc.eu\/da\/wp-json\/wp\/v2\/product\/11902","targetHints":{"allow":["GET"]}}],"collection":[{"href":"https:\/\/weinhundert.styleinc.eu\/da\/wp-json\/wp\/v2\/product"}],"about":[{"href":"https:\/\/weinhundert.styleinc.eu\/da\/wp-json\/wp\/v2\/types\/product"}],"replies":[{"embeddable":true,"href":"https:\/\/weinhundert.styleinc.eu\/da\/wp-json\/wp\/v2\/comments?post=11902"}],"wp:featuredmedia":[{"embeddable":true,"href":"https:\/\/weinhundert.styleinc.eu\/da\/wp-json\/wp\/v2\/media\/11903"}],"wp:attachment":[{"href":"https:\/\/weinhundert.styleinc.eu\/da\/wp-json\/wp\/v2\/media?parent=11902"}],"wp:term":[{"taxonomy":"product_brand","embeddable":true,"href":"https:\/\/weinhundert.styleinc.eu\/da\/wp-json\/wp\/v2\/product_brand?post=11902"},{"taxonomy":"product_cat","embeddable":true,"href":"https:\/\/weinhundert.styleinc.eu\/da\/wp-json\/wp\/v2\/product_cat?post=11902"},{"taxonomy":"product_tag","embeddable":true,"href":"https:\/\/weinhundert.styleinc.eu\/da\/wp-json\/wp\/v2\/product_tag?post=11902"}],"curies":[{"name":"wp","href":"https:\/\/api.w.org\/{rel}","templated":true}]}}