{"id":11848,"date":"2026-02-27T08:45:30","date_gmt":"2026-02-27T07:45:30","guid":{"rendered":"https:\/\/weinhundert.styleinc.eu\/produkt\/tormaresca-torcicoda-2022-075-l\/"},"modified":"2026-03-10T21:31:12","modified_gmt":"2026-03-10T20:31:12","slug":"tormaresca-torcicoda-2022-075-l","status":"publish","type":"product","link":"https:\/\/weinhundert.styleinc.eu\/da\/produkt\/tormaresca-torcicoda-2022-075-l\/","title":{"rendered":"Tormaresca Torcicoda  2022 0,75 l"},"content":{"rendered":"<p>Lass dich von dem Tormaresca Torcicoda aus Apulien verf\u00fchren! Dieser Rotwein aus dem Jahrgang 2022 bringt die Sonne S\u00fcditaliens direkt in dein Glas. Der Primitivo \u00fcberzeugt mit seinem vollmundigen Charakter und einem fruchtigen Bouquet, das an saftige Kirschen und eine Prise Gew\u00fcrze erinnert. Bei einem Glas Torcicoda f\u00fchlst du dich sofort wie im Urlaub \u2013 die italienische Lebensfreude ist einfach ansteckend! Perfekt zu einem herzhaften Pasta-Gericht mit roter Sauce oder zu gegrilltem Fleisch. Also schnapp dir eine Flasche und genie\u00dfe den Moment \u2013 la dolce vita wartet!<\/p>\n","protected":false},"excerpt":{"rendered":"<p>S\u00fcditalienischer Primitivo mit sonniger Frucht: Kirschen, Gew\u00fcrze und pure Lebensfreude im Glas.<\/p>\n","protected":false},"featured_media":11849,"comment_status":"open","ping_status":"closed","template":"","meta":{"_acf_changed":false,"_et_pb_use_builder":"","_et_pb_old_content":"","_et_gb_content_width":"","inline_featured_image":false,"_price":"14.99","_stock":"5","_tribe_ticket_header":"","_tribe_default_ticket_provider":"","_ticket_start_date":"","_ticket_end_date":"","_tribe_ticket_show_description":"","_tribe_ticket_show_not_going":false,"_tribe_ticket_use_global_stock":"","_tribe_ticket_global_stock_level":"","_global_stock_mode":"","_global_stock_cap":"","_tribe_rsvp_for_event":"","_tribe_ticket_going_count":"","_tribe_ticket_not_going_count":"","_tribe_tickets_list":"[]","_tribe_ticket_has_attendee_info_fields":false},"product_brand":[],"product_cat":[119],"product_tag":[],"class_list":{"0":"post-11848","1":"product","2":"type-product","3":"status-publish","4":"has-post-thumbnail","6":"product_cat-rotwein","8":"first","9":"instock","10":"taxable","11":"shipping-taxable","12":"purchasable","13":"product-type-simple"},"acf":[],"_links":{"self":[{"href":"https:\/\/weinhundert.styleinc.eu\/da\/wp-json\/wp\/v2\/product\/11848","targetHints":{"allow":["GET"]}}],"collection":[{"href":"https:\/\/weinhundert.styleinc.eu\/da\/wp-json\/wp\/v2\/product"}],"about":[{"href":"https:\/\/weinhundert.styleinc.eu\/da\/wp-json\/wp\/v2\/types\/product"}],"replies":[{"embeddable":true,"href":"https:\/\/weinhundert.styleinc.eu\/da\/wp-json\/wp\/v2\/comments?post=11848"}],"wp:featuredmedia":[{"embeddable":true,"href":"https:\/\/weinhundert.styleinc.eu\/da\/wp-json\/wp\/v2\/media\/11849"}],"wp:attachment":[{"href":"https:\/\/weinhundert.styleinc.eu\/da\/wp-json\/wp\/v2\/media?parent=11848"}],"wp:term":[{"taxonomy":"product_brand","embeddable":true,"href":"https:\/\/weinhundert.styleinc.eu\/da\/wp-json\/wp\/v2\/product_brand?post=11848"},{"taxonomy":"product_cat","embeddable":true,"href":"https:\/\/weinhundert.styleinc.eu\/da\/wp-json\/wp\/v2\/product_cat?post=11848"},{"taxonomy":"product_tag","embeddable":true,"href":"https:\/\/weinhundert.styleinc.eu\/da\/wp-json\/wp\/v2\/product_tag?post=11848"}],"curies":[{"name":"wp","href":"https:\/\/api.w.org\/{rel}","templated":true}]}}