{"id":11839,"date":"2026-02-27T08:45:17","date_gmt":"2026-02-27T07:45:17","guid":{"rendered":"https:\/\/weinhundert.styleinc.eu\/produkt\/dreissigacker-bechtheimer-heilig-kreuz-tba-2008-038-l\/"},"modified":"2026-03-10T21:31:09","modified_gmt":"2026-03-10T20:31:09","slug":"dreissigacker-bechtheimer-heilig-kreuz-tba-2008-038-l","status":"publish","type":"product","link":"https:\/\/weinhundert.styleinc.eu\/da\/produkt\/dreissigacker-bechtheimer-heilig-kreuz-tba-2008-038-l\/","title":{"rendered":"Dreissigacker Bechtheimer Heilig-Kreuz TBA 2008 0,38 l"},"content":{"rendered":"<p>Der Dreissigacker Bechtheimer Heilig-Kreuz TBA aus dem Jahr 2008 ist ein echter Geheimtipp f\u00fcr alle, die es fruchtig und s\u00fc\u00df m\u00f6gen. Dieser Riesling begeistert mit seinen Aromen von saftigen Pfirsichen, Honigmelonen und einem Hauch von Zitrusfr\u00fcchten, die dir direkt ein L\u00e4cheln ins Gesicht zaubern. Ein Schluck dieses edels\u00fc\u00dfen Tropfens ist wie ein kleiner Urlaub f\u00fcr die Sinne \u2013 perfekt f\u00fcr entspannte Abende mit guten Freunden oder als kr\u00f6nender Abschluss eines feinen Men\u00fcs. Am besten passt er zu einer cremigen K\u00e4setafel oder einem fruchtigen Dessert, das die s\u00fc\u00dfen Noten wunderbar unterstreicht. Lass dich verf\u00fchren und g\u00f6nn dir diesen besonderen Wein!<\/p>\n","protected":false},"excerpt":{"rendered":"<p>Edels\u00fc\u00dfer Riesling mit Pfirsich und Honigmelone \u2013 ein sinnlicher Genussmoment f\u00fcr besondere Stunden.<\/p>\n","protected":false},"featured_media":11840,"comment_status":"open","ping_status":"closed","template":"","meta":{"_acf_changed":false,"_et_pb_use_builder":"","_et_pb_old_content":"","_et_gb_content_width":"","inline_featured_image":false,"_price":"84.90","_stock":"3","_tribe_ticket_header":"","_tribe_default_ticket_provider":"","_ticket_start_date":"","_ticket_end_date":"","_tribe_ticket_show_description":"","_tribe_ticket_show_not_going":false,"_tribe_ticket_use_global_stock":"","_tribe_ticket_global_stock_level":"","_global_stock_mode":"","_global_stock_cap":"","_tribe_rsvp_for_event":"","_tribe_ticket_going_count":"","_tribe_ticket_not_going_count":"","_tribe_tickets_list":"[]","_tribe_ticket_has_attendee_info_fields":false},"product_brand":[],"product_cat":[120],"product_tag":[],"class_list":{"0":"post-11839","1":"product","2":"type-product","3":"status-publish","4":"has-post-thumbnail","6":"product_cat-weisswein","8":"first","9":"instock","10":"taxable","11":"shipping-taxable","12":"purchasable","13":"product-type-simple"},"acf":[],"_links":{"self":[{"href":"https:\/\/weinhundert.styleinc.eu\/da\/wp-json\/wp\/v2\/product\/11839","targetHints":{"allow":["GET"]}}],"collection":[{"href":"https:\/\/weinhundert.styleinc.eu\/da\/wp-json\/wp\/v2\/product"}],"about":[{"href":"https:\/\/weinhundert.styleinc.eu\/da\/wp-json\/wp\/v2\/types\/product"}],"replies":[{"embeddable":true,"href":"https:\/\/weinhundert.styleinc.eu\/da\/wp-json\/wp\/v2\/comments?post=11839"}],"wp:featuredmedia":[{"embeddable":true,"href":"https:\/\/weinhundert.styleinc.eu\/da\/wp-json\/wp\/v2\/media\/11840"}],"wp:attachment":[{"href":"https:\/\/weinhundert.styleinc.eu\/da\/wp-json\/wp\/v2\/media?parent=11839"}],"wp:term":[{"taxonomy":"product_brand","embeddable":true,"href":"https:\/\/weinhundert.styleinc.eu\/da\/wp-json\/wp\/v2\/product_brand?post=11839"},{"taxonomy":"product_cat","embeddable":true,"href":"https:\/\/weinhundert.styleinc.eu\/da\/wp-json\/wp\/v2\/product_cat?post=11839"},{"taxonomy":"product_tag","embeddable":true,"href":"https:\/\/weinhundert.styleinc.eu\/da\/wp-json\/wp\/v2\/product_tag?post=11839"}],"curies":[{"name":"wp","href":"https:\/\/api.w.org\/{rel}","templated":true}]}}