{"id":11760,"date":"2026-02-27T08:43:13","date_gmt":"2026-02-27T07:43:13","guid":{"rendered":"https:\/\/weinhundert.styleinc.eu\/produkt\/salmon-creek-cabernet-sauvignon-2018-075-l\/"},"modified":"2026-03-10T21:30:43","modified_gmt":"2026-03-10T20:30:43","slug":"salmon-creek-cabernet-sauvignon-2018-075-l","status":"publish","type":"product","link":"https:\/\/weinhundert.styleinc.eu\/da\/produkt\/salmon-creek-cabernet-sauvignon-2018-075-l\/","title":{"rendered":"Salmon Creek Cabernet Sauvignon 2018 0,75 l"},"content":{"rendered":"<p>Der Salmon Creek Cabernet Sauvignon aus dem Jahrgang 2018 entf\u00fchrt dich mit jedem Schluck in die sonnige Weiten des Napa Valley. Dieser Rotwein hat Charakter und bringt die Aromen von dunklen Beeren, saftigen Kirschen und einem Hauch von Vanille mit sich \u2013 perfekt f\u00fcr gem\u00fctliche Abende oder gesellige Runden mit Freunden. Mit seinen 12,5 % Alkohol ist er angenehm trinkbar und macht Lust auf mehr. Genie\u00dfe ihn zu einem saftigen Steak oder einer herzhaften Pasta mit einer w\u00fcrzigen Sauce. G\u00f6nn dir diesen Wein und lass dich von seiner Pers\u00f6nlichkeit \u00fcberraschen!<\/p>\n","protected":false},"excerpt":{"rendered":"<p>Sonnige Napa-Valley-Eleganz: Dunkle Beeren, saftige Kirschen und Vanille in vollmundigem Cabernet Sauvignon.<\/p>\n","protected":false},"featured_media":11761,"comment_status":"open","ping_status":"closed","template":"","meta":{"_acf_changed":false,"_et_pb_use_builder":"","_et_pb_old_content":"","_et_gb_content_width":"","inline_featured_image":false,"_price":"8.99","_stock":"52","_tribe_ticket_header":"","_tribe_default_ticket_provider":"","_ticket_start_date":"","_ticket_end_date":"","_tribe_ticket_show_description":"","_tribe_ticket_show_not_going":false,"_tribe_ticket_use_global_stock":"","_tribe_ticket_global_stock_level":"","_global_stock_mode":"","_global_stock_cap":"","_tribe_rsvp_for_event":"","_tribe_ticket_going_count":"","_tribe_ticket_not_going_count":"","_tribe_tickets_list":"[]","_tribe_ticket_has_attendee_info_fields":false},"product_brand":[],"product_cat":[119],"product_tag":[],"class_list":{"0":"post-11760","1":"product","2":"type-product","3":"status-publish","4":"has-post-thumbnail","6":"product_cat-rotwein","8":"first","9":"instock","10":"taxable","11":"shipping-taxable","12":"purchasable","13":"product-type-simple"},"acf":[],"_links":{"self":[{"href":"https:\/\/weinhundert.styleinc.eu\/da\/wp-json\/wp\/v2\/product\/11760","targetHints":{"allow":["GET"]}}],"collection":[{"href":"https:\/\/weinhundert.styleinc.eu\/da\/wp-json\/wp\/v2\/product"}],"about":[{"href":"https:\/\/weinhundert.styleinc.eu\/da\/wp-json\/wp\/v2\/types\/product"}],"replies":[{"embeddable":true,"href":"https:\/\/weinhundert.styleinc.eu\/da\/wp-json\/wp\/v2\/comments?post=11760"}],"wp:featuredmedia":[{"embeddable":true,"href":"https:\/\/weinhundert.styleinc.eu\/da\/wp-json\/wp\/v2\/media\/11761"}],"wp:attachment":[{"href":"https:\/\/weinhundert.styleinc.eu\/da\/wp-json\/wp\/v2\/media?parent=11760"}],"wp:term":[{"taxonomy":"product_brand","embeddable":true,"href":"https:\/\/weinhundert.styleinc.eu\/da\/wp-json\/wp\/v2\/product_brand?post=11760"},{"taxonomy":"product_cat","embeddable":true,"href":"https:\/\/weinhundert.styleinc.eu\/da\/wp-json\/wp\/v2\/product_cat?post=11760"},{"taxonomy":"product_tag","embeddable":true,"href":"https:\/\/weinhundert.styleinc.eu\/da\/wp-json\/wp\/v2\/product_tag?post=11760"}],"curies":[{"name":"wp","href":"https:\/\/api.w.org\/{rel}","templated":true}]}}