{"id":11736,"date":"2026-02-27T08:42:37","date_gmt":"2026-02-27T07:42:37","guid":{"rendered":"https:\/\/weinhundert.styleinc.eu\/produkt\/chateau-ste-michelle-cold-creek-2016-075-l\/"},"modified":"2026-03-10T21:30:33","modified_gmt":"2026-03-10T20:30:33","slug":"chateau-ste-michelle-cold-creek-2016-075-l","status":"publish","type":"product","link":"https:\/\/weinhundert.styleinc.eu\/da\/produkt\/chateau-ste-michelle-cold-creek-2016-075-l\/","title":{"rendered":"Chateau Ste. Michelle Cold Creek 2016 0,75 l"},"content":{"rendered":"<p>Der Chateau Ste. Michelle Cold Creek aus dem Jahr 2016 ist ein aufregender Rotwein, der dir das Beste aus Washington State auf die Zunge zaubert. Mit seinem saftigen Charakter und den intensiven Aromen von dunklen Beeren und feinen Kr\u00e4utern ist jeder Schluck wie ein kleiner Ausflug in einen sommerlichen Weinberg. Der kr\u00e4ftige Cabernet Sauvignon bringt eine angenehme Tiefe mit, die perfekt zu einem gem\u00fctlichen Abendessen mit Freunden oder einem entspannten Grillabend passt. Probier ihn unbedingt zu gegrilltem Rindersteak oder einer herzhaften Pasta mit Tomatensauce \u2013 der wird euch begeistern! Lass dich von diesem Wein verzaubern und bring ein St\u00fcck amerikanische Weinkultur in dein Glas.<\/p>\n","protected":false},"excerpt":{"rendered":"<p>Saftiger Washington Cabernet mit dunklen Beeren und Kr\u00e4utern \u2013 der perfekte Begleiter zu Grill und guten Freunden.<\/p>\n","protected":false},"featured_media":11737,"comment_status":"open","ping_status":"closed","template":"","meta":{"_acf_changed":false,"_et_pb_use_builder":"","_et_pb_old_content":"","_et_gb_content_width":"","inline_featured_image":false,"_price":"26.50","_stock":"89","_tribe_ticket_header":"","_tribe_default_ticket_provider":"","_ticket_start_date":"","_ticket_end_date":"","_tribe_ticket_show_description":"","_tribe_ticket_show_not_going":false,"_tribe_ticket_use_global_stock":"","_tribe_ticket_global_stock_level":"","_global_stock_mode":"","_global_stock_cap":"","_tribe_rsvp_for_event":"","_tribe_ticket_going_count":"","_tribe_ticket_not_going_count":"","_tribe_tickets_list":"[]","_tribe_ticket_has_attendee_info_fields":false},"product_brand":[],"product_cat":[119],"product_tag":[],"class_list":{"0":"post-11736","1":"product","2":"type-product","3":"status-publish","4":"has-post-thumbnail","6":"product_cat-rotwein","8":"first","9":"instock","10":"taxable","11":"shipping-taxable","12":"purchasable","13":"product-type-simple"},"acf":[],"_links":{"self":[{"href":"https:\/\/weinhundert.styleinc.eu\/da\/wp-json\/wp\/v2\/product\/11736","targetHints":{"allow":["GET"]}}],"collection":[{"href":"https:\/\/weinhundert.styleinc.eu\/da\/wp-json\/wp\/v2\/product"}],"about":[{"href":"https:\/\/weinhundert.styleinc.eu\/da\/wp-json\/wp\/v2\/types\/product"}],"replies":[{"embeddable":true,"href":"https:\/\/weinhundert.styleinc.eu\/da\/wp-json\/wp\/v2\/comments?post=11736"}],"wp:featuredmedia":[{"embeddable":true,"href":"https:\/\/weinhundert.styleinc.eu\/da\/wp-json\/wp\/v2\/media\/11737"}],"wp:attachment":[{"href":"https:\/\/weinhundert.styleinc.eu\/da\/wp-json\/wp\/v2\/media?parent=11736"}],"wp:term":[{"taxonomy":"product_brand","embeddable":true,"href":"https:\/\/weinhundert.styleinc.eu\/da\/wp-json\/wp\/v2\/product_brand?post=11736"},{"taxonomy":"product_cat","embeddable":true,"href":"https:\/\/weinhundert.styleinc.eu\/da\/wp-json\/wp\/v2\/product_cat?post=11736"},{"taxonomy":"product_tag","embeddable":true,"href":"https:\/\/weinhundert.styleinc.eu\/da\/wp-json\/wp\/v2\/product_tag?post=11736"}],"curies":[{"name":"wp","href":"https:\/\/api.w.org\/{rel}","templated":true}]}}