{"id":11733,"date":"2026-02-27T08:42:33","date_gmt":"2026-02-27T07:42:33","guid":{"rendered":"https:\/\/weinhundert.styleinc.eu\/produkt\/guado-al-tasso-vermentino-2019-075-l\/"},"modified":"2026-03-10T21:30:32","modified_gmt":"2026-03-10T20:30:32","slug":"guado-al-tasso-vermentino-2019-075-l","status":"publish","type":"product","link":"https:\/\/weinhundert.styleinc.eu\/da\/produkt\/guado-al-tasso-vermentino-2019-075-l\/","title":{"rendered":"Guado al Tasso Vermentino 2019 0,75 l"},"content":{"rendered":"<p>Lass dich von dem Guado al Tasso Vermentino 2019 aus der Toskana verzaubern! Dieser Wei\u00dfwein bringt das italienische Lebensgef\u00fchl direkt in dein Glas. Mit einem frischen, fruchtigen Charakter und einer spritzigen Note ist er der perfekte Begleiter f\u00fcr entspannte Abende mit Freunden oder ein leichtes Abendessen. Ob zu gegrilltem Fisch, knackigen Salaten oder einer leckeren Pasta mit Pesto \u2013 dieser Wein macht immer eine gute Figur. G\u00f6nn dir ein St\u00fcck Toskana und lass den Guado al Tasso deinen n\u00e4chsten Abend versch\u00f6nern!<\/p>\n","protected":false},"excerpt":{"rendered":"<p>Frische Toskana im Glas: Spritziger Wei\u00dfwein mit fruchtigem Charakter, perfekt zu Fisch und leichten Gerichten.<\/p>\n","protected":false},"featured_media":11734,"comment_status":"open","ping_status":"closed","template":"","meta":{"_acf_changed":false,"_et_pb_use_builder":"","_et_pb_old_content":"","_et_gb_content_width":"","inline_featured_image":false,"_price":"17.99","_stock":"18","_tribe_ticket_header":"","_tribe_default_ticket_provider":"","_ticket_start_date":"","_ticket_end_date":"","_tribe_ticket_show_description":"","_tribe_ticket_show_not_going":false,"_tribe_ticket_use_global_stock":"","_tribe_ticket_global_stock_level":"","_global_stock_mode":"","_global_stock_cap":"","_tribe_rsvp_for_event":"","_tribe_ticket_going_count":"","_tribe_ticket_not_going_count":"","_tribe_tickets_list":"[]","_tribe_ticket_has_attendee_info_fields":false},"product_brand":[],"product_cat":[120],"product_tag":[],"class_list":{"0":"post-11733","1":"product","2":"type-product","3":"status-publish","4":"has-post-thumbnail","6":"product_cat-weisswein","8":"first","9":"instock","10":"taxable","11":"shipping-taxable","12":"purchasable","13":"product-type-simple"},"acf":[],"_links":{"self":[{"href":"https:\/\/weinhundert.styleinc.eu\/da\/wp-json\/wp\/v2\/product\/11733","targetHints":{"allow":["GET"]}}],"collection":[{"href":"https:\/\/weinhundert.styleinc.eu\/da\/wp-json\/wp\/v2\/product"}],"about":[{"href":"https:\/\/weinhundert.styleinc.eu\/da\/wp-json\/wp\/v2\/types\/product"}],"replies":[{"embeddable":true,"href":"https:\/\/weinhundert.styleinc.eu\/da\/wp-json\/wp\/v2\/comments?post=11733"}],"wp:featuredmedia":[{"embeddable":true,"href":"https:\/\/weinhundert.styleinc.eu\/da\/wp-json\/wp\/v2\/media\/11734"}],"wp:attachment":[{"href":"https:\/\/weinhundert.styleinc.eu\/da\/wp-json\/wp\/v2\/media?parent=11733"}],"wp:term":[{"taxonomy":"product_brand","embeddable":true,"href":"https:\/\/weinhundert.styleinc.eu\/da\/wp-json\/wp\/v2\/product_brand?post=11733"},{"taxonomy":"product_cat","embeddable":true,"href":"https:\/\/weinhundert.styleinc.eu\/da\/wp-json\/wp\/v2\/product_cat?post=11733"},{"taxonomy":"product_tag","embeddable":true,"href":"https:\/\/weinhundert.styleinc.eu\/da\/wp-json\/wp\/v2\/product_tag?post=11733"}],"curies":[{"name":"wp","href":"https:\/\/api.w.org\/{rel}","templated":true}]}}