{"id":11718,"date":"2026-02-27T08:42:10","date_gmt":"2026-02-27T07:42:10","guid":{"rendered":"https:\/\/weinhundert.styleinc.eu\/produkt\/podere-il-bosco-2000-075-l\/"},"modified":"2026-03-10T21:30:04","modified_gmt":"2026-03-10T20:30:04","slug":"podere-il-bosco-2000-075-l","status":"publish","type":"product","link":"https:\/\/weinhundert.styleinc.eu\/da\/produkt\/podere-il-bosco-2000-075-l\/","title":{"rendered":"Podere il Bosco 2000 0,75 l"},"content":{"rendered":"<p>Dieser toskanische Syrah aus dem Jahr 2000 vom Podere il Bosco zeigt, wie gut franz\u00f6sische Rebsorten in Italien funktionieren. Mit 13 Prozent Alkohol pr\u00e4sentiert sich der Wein erfrischend, nicht zu schwer, und besticht durch w\u00fcrziges Cassis-Aroma mit einer feinen Pfeffer-Note. Nach \u00fcber zwei Jahrzehnten hat er eine sch\u00f6ne Reife entwickelt und trinkt sich jetzt wirklich wunderbar \u2013 ideal, wenn du Rotweine magst, die Charakter haben ohne dabei aggressiv zu werden. Passt perfekt zu kr\u00e4ftiger Pasta mit Rag\u00f9 oder zu gebratenem Rotwild.<\/p>\n","protected":false},"excerpt":{"rendered":"<p>Gereifter toskanischer Syrah mit w\u00fcrzigem Cassis und feiner Pfeffer-Note. Ein Klassiker mit echtem Charakter.<\/p>\n","protected":false},"featured_media":11719,"comment_status":"open","ping_status":"closed","template":"","meta":{"_acf_changed":false,"_et_pb_use_builder":"","_et_pb_old_content":"","_et_gb_content_width":"","inline_featured_image":false,"_price":"29.90","_stock":"35","_tribe_ticket_header":"","_tribe_default_ticket_provider":"","_ticket_start_date":"","_ticket_end_date":"","_tribe_ticket_show_description":"","_tribe_ticket_show_not_going":false,"_tribe_ticket_use_global_stock":"","_tribe_ticket_global_stock_level":"","_global_stock_mode":"","_global_stock_cap":"","_tribe_rsvp_for_event":"","_tribe_ticket_going_count":"","_tribe_ticket_not_going_count":"","_tribe_tickets_list":"[]","_tribe_ticket_has_attendee_info_fields":false},"product_brand":[],"product_cat":[119],"product_tag":[],"class_list":{"0":"post-11718","1":"product","2":"type-product","3":"status-publish","4":"has-post-thumbnail","6":"product_cat-rotwein","8":"first","9":"instock","10":"taxable","11":"shipping-taxable","12":"purchasable","13":"product-type-simple"},"acf":[],"_links":{"self":[{"href":"https:\/\/weinhundert.styleinc.eu\/da\/wp-json\/wp\/v2\/product\/11718","targetHints":{"allow":["GET"]}}],"collection":[{"href":"https:\/\/weinhundert.styleinc.eu\/da\/wp-json\/wp\/v2\/product"}],"about":[{"href":"https:\/\/weinhundert.styleinc.eu\/da\/wp-json\/wp\/v2\/types\/product"}],"replies":[{"embeddable":true,"href":"https:\/\/weinhundert.styleinc.eu\/da\/wp-json\/wp\/v2\/comments?post=11718"}],"wp:featuredmedia":[{"embeddable":true,"href":"https:\/\/weinhundert.styleinc.eu\/da\/wp-json\/wp\/v2\/media\/11719"}],"wp:attachment":[{"href":"https:\/\/weinhundert.styleinc.eu\/da\/wp-json\/wp\/v2\/media?parent=11718"}],"wp:term":[{"taxonomy":"product_brand","embeddable":true,"href":"https:\/\/weinhundert.styleinc.eu\/da\/wp-json\/wp\/v2\/product_brand?post=11718"},{"taxonomy":"product_cat","embeddable":true,"href":"https:\/\/weinhundert.styleinc.eu\/da\/wp-json\/wp\/v2\/product_cat?post=11718"},{"taxonomy":"product_tag","embeddable":true,"href":"https:\/\/weinhundert.styleinc.eu\/da\/wp-json\/wp\/v2\/product_tag?post=11718"}],"curies":[{"name":"wp","href":"https:\/\/api.w.org\/{rel}","templated":true}]}}