{"id":11715,"date":"2026-02-27T08:42:05","date_gmt":"2026-02-27T07:42:05","guid":{"rendered":"https:\/\/weinhundert.styleinc.eu\/produkt\/strozzi-millanni-1999-075-l\/"},"modified":"2026-03-10T21:30:03","modified_gmt":"2026-03-10T20:30:03","slug":"strozzi-millanni-1999-075-l","status":"publish","type":"product","link":"https:\/\/weinhundert.styleinc.eu\/da\/produkt\/strozzi-millanni-1999-075-l\/","title":{"rendered":"Strozzi Millanni 1999 0,75 l"},"content":{"rendered":"<p>Dieser Toskaner aus dem Hause Guicciardini Strozzi zeigt dir, was Sangiovese zusammen mit Cabernet und Merlot alles kann: Eine wunderbar samtweiche Cuv\u00e9e mit feinen Kirsch- und Pflaumennoten, die perfekt den italienischen S\u00fcden widerspiegelt. Der 1999er hat \u00fcber die Jahre an Tiefe gewonnen und trinkt sich jetzt wirklich rund und pr\u00e4sent \u2013 nicht zu schwer, nicht zu leicht, einfach authentisch. Ein gro\u00dfer Wein f\u00fcr laue Sommerabende mit Freunden, gegrilltem Fleisch oder einer guten Pasta al rag\u00f9.<\/p>\n","protected":false},"excerpt":{"rendered":"<p>Reifer Toskana-Klassiker mit Charme: Sangiovese-Cuv\u00e9e von 1999, s\u00fcffig und ausgewogen.<\/p>\n","protected":false},"featured_media":11716,"comment_status":"open","ping_status":"closed","template":"","meta":{"_acf_changed":false,"_et_pb_use_builder":"","_et_pb_old_content":"","_et_gb_content_width":"","inline_featured_image":false,"_price":"20.90","_stock":"7","_tribe_ticket_header":"","_tribe_default_ticket_provider":"","_ticket_start_date":"","_ticket_end_date":"","_tribe_ticket_show_description":"","_tribe_ticket_show_not_going":false,"_tribe_ticket_use_global_stock":"","_tribe_ticket_global_stock_level":"","_global_stock_mode":"","_global_stock_cap":"","_tribe_rsvp_for_event":"","_tribe_ticket_going_count":"","_tribe_ticket_not_going_count":"","_tribe_tickets_list":"[]","_tribe_ticket_has_attendee_info_fields":false},"product_brand":[],"product_cat":[119],"product_tag":[],"class_list":{"0":"post-11715","1":"product","2":"type-product","3":"status-publish","4":"has-post-thumbnail","6":"product_cat-rotwein","8":"first","9":"instock","10":"taxable","11":"shipping-taxable","12":"purchasable","13":"product-type-simple"},"acf":[],"_links":{"self":[{"href":"https:\/\/weinhundert.styleinc.eu\/da\/wp-json\/wp\/v2\/product\/11715","targetHints":{"allow":["GET"]}}],"collection":[{"href":"https:\/\/weinhundert.styleinc.eu\/da\/wp-json\/wp\/v2\/product"}],"about":[{"href":"https:\/\/weinhundert.styleinc.eu\/da\/wp-json\/wp\/v2\/types\/product"}],"replies":[{"embeddable":true,"href":"https:\/\/weinhundert.styleinc.eu\/da\/wp-json\/wp\/v2\/comments?post=11715"}],"wp:featuredmedia":[{"embeddable":true,"href":"https:\/\/weinhundert.styleinc.eu\/da\/wp-json\/wp\/v2\/media\/11716"}],"wp:attachment":[{"href":"https:\/\/weinhundert.styleinc.eu\/da\/wp-json\/wp\/v2\/media?parent=11715"}],"wp:term":[{"taxonomy":"product_brand","embeddable":true,"href":"https:\/\/weinhundert.styleinc.eu\/da\/wp-json\/wp\/v2\/product_brand?post=11715"},{"taxonomy":"product_cat","embeddable":true,"href":"https:\/\/weinhundert.styleinc.eu\/da\/wp-json\/wp\/v2\/product_cat?post=11715"},{"taxonomy":"product_tag","embeddable":true,"href":"https:\/\/weinhundert.styleinc.eu\/da\/wp-json\/wp\/v2\/product_tag?post=11715"}],"curies":[{"name":"wp","href":"https:\/\/api.w.org\/{rel}","templated":true}]}}