{"id":11676,"date":"2026-02-27T08:41:07","date_gmt":"2026-02-27T07:41:07","guid":{"rendered":"https:\/\/weinhundert.styleinc.eu\/?post_type=product&#038;p=11676"},"modified":"2026-03-10T21:29:53","modified_gmt":"2026-03-10T20:29:53","slug":"markus-schneider-riesling-alte-reben-2016-300-l","status":"publish","type":"product","link":"https:\/\/weinhundert.styleinc.eu\/da\/produkt\/markus-schneider-riesling-alte-reben-2016-300-l\/","title":{"rendered":"Markus Schneider Riesling Alte Reben 2016 3,00 l"},"content":{"rendered":"<p>Der Markus Schneider Riesling Alte Reben aus dem Jahrgang 2016 ist ein echter Pf\u00e4lzer Schatz, der dir das Gef\u00fchl von Sommer auf der Zunge zaubert. Mit seinem fruchtigen Aroma nach saftigen \u00c4pfeln und einer spritzigen Note von Zitrusfr\u00fcchten bringt er sofort gute Laune. Die alten Reben sorgen daf\u00fcr, dass du hier eine besondere Tiefe im Geschmack erlebst, die dich zum Schwelgen einl\u00e4dt. Ob zu einer leichten Spargelcremesuppe oder einem knackigen Salat mit frischen Kr\u00e4utern \u2013 dieser Riesling ist der perfekte Begleiter f\u00fcr gesellige Abende mit Freunden. G\u00f6nn dir diesen Wein und lass dich von seiner charmanten Art verzaubern!<\/p>\n","protected":false},"excerpt":{"rendered":"<p>Fruchtig-spritziger Pf\u00e4lzer Klassiker mit Tiefe: Apfel, Zitrus und sommerliche Leichtigkeit in jedem Schluck.<\/p>\n","protected":false},"featured_media":11677,"comment_status":"open","ping_status":"closed","template":"","meta":{"_acf_changed":false,"_et_pb_use_builder":"","_et_pb_old_content":"","_et_gb_content_width":"","inline_featured_image":false,"_price":"99.90","_stock":"-1","_tribe_ticket_header":"","_tribe_default_ticket_provider":"","_ticket_start_date":"","_ticket_end_date":"","_tribe_ticket_show_description":"","_tribe_ticket_show_not_going":false,"_tribe_ticket_use_global_stock":"","_tribe_ticket_global_stock_level":"","_global_stock_mode":"","_global_stock_cap":"","_tribe_rsvp_for_event":"","_tribe_ticket_going_count":"","_tribe_ticket_not_going_count":"","_tribe_tickets_list":"[]","_tribe_ticket_has_attendee_info_fields":false},"product_brand":[],"product_cat":[120],"product_tag":[],"class_list":{"0":"post-11676","1":"product","2":"type-product","3":"status-publish","4":"has-post-thumbnail","6":"product_cat-weisswein","8":"first","9":"outofstock","10":"taxable","11":"shipping-taxable","12":"purchasable","13":"product-type-simple"},"acf":[],"_links":{"self":[{"href":"https:\/\/weinhundert.styleinc.eu\/da\/wp-json\/wp\/v2\/product\/11676","targetHints":{"allow":["GET"]}}],"collection":[{"href":"https:\/\/weinhundert.styleinc.eu\/da\/wp-json\/wp\/v2\/product"}],"about":[{"href":"https:\/\/weinhundert.styleinc.eu\/da\/wp-json\/wp\/v2\/types\/product"}],"replies":[{"embeddable":true,"href":"https:\/\/weinhundert.styleinc.eu\/da\/wp-json\/wp\/v2\/comments?post=11676"}],"wp:featuredmedia":[{"embeddable":true,"href":"https:\/\/weinhundert.styleinc.eu\/da\/wp-json\/wp\/v2\/media\/11677"}],"wp:attachment":[{"href":"https:\/\/weinhundert.styleinc.eu\/da\/wp-json\/wp\/v2\/media?parent=11676"}],"wp:term":[{"taxonomy":"product_brand","embeddable":true,"href":"https:\/\/weinhundert.styleinc.eu\/da\/wp-json\/wp\/v2\/product_brand?post=11676"},{"taxonomy":"product_cat","embeddable":true,"href":"https:\/\/weinhundert.styleinc.eu\/da\/wp-json\/wp\/v2\/product_cat?post=11676"},{"taxonomy":"product_tag","embeddable":true,"href":"https:\/\/weinhundert.styleinc.eu\/da\/wp-json\/wp\/v2\/product_tag?post=11676"}],"curies":[{"name":"wp","href":"https:\/\/api.w.org\/{rel}","templated":true}]}}