{"id":11664,"date":"2026-02-27T08:40:49","date_gmt":"2026-02-27T07:40:49","guid":{"rendered":"https:\/\/weinhundert.styleinc.eu\/produkt\/markus-schneider-riesling-alte-reben-2016-150-l\/"},"modified":"2026-03-10T21:29:50","modified_gmt":"2026-03-10T20:29:50","slug":"markus-schneider-riesling-alte-reben-2016-150-l","status":"publish","type":"product","link":"https:\/\/weinhundert.styleinc.eu\/da\/produkt\/markus-schneider-riesling-alte-reben-2016-150-l\/","title":{"rendered":"Markus Schneider Riesling Alte Reben  2016 1,50 l"},"content":{"rendered":"<p>Der Markus Schneider Riesling Alte Reben aus dem Jahr 2016 ist wie ein erfrischender Ausblick auf die sonnigen Weinberge der Pfalz. Mit seinem spritzigen Charakter und fruchtigen Aromen von gr\u00fcnem Apfel und Pfirsich bringt dieser Wein die Leichtigkeit des Lebens direkt ins Glas. Ein Schluck davon zaubert dir ein L\u00e4cheln ins Gesicht und l\u00e4sst dich die Sorgen des Alltags vergessen. Perfekt zu asiatischen Gerichten oder einem gem\u00fctlichen Abend mit Freunden und einer leckeren K\u00e4seplatte \u2013 dieser Riesling macht jede Gelegenheit ein St\u00fcckchen besser. G\u00f6nn dir diesen Genuss und lass dich von der Pfalz verzaubern!<\/p>\n","protected":false},"excerpt":{"rendered":"<p>Spritziger Pf\u00e4lzer Riesling mit gr\u00fcnem Apfel und Pfirsich \u2013 erfrischend, leicht und perfekt zu Asiatischem oder K\u00e4se.<\/p>\n","protected":false},"featured_media":11665,"comment_status":"open","ping_status":"closed","template":"","meta":{"_acf_changed":false,"_et_pb_use_builder":"","_et_pb_old_content":"","_et_gb_content_width":"","inline_featured_image":false,"_price":"42.90","_stock":"1","_tribe_ticket_header":"","_tribe_default_ticket_provider":"","_ticket_start_date":"","_ticket_end_date":"","_tribe_ticket_show_description":"","_tribe_ticket_show_not_going":false,"_tribe_ticket_use_global_stock":"","_tribe_ticket_global_stock_level":"","_global_stock_mode":"","_global_stock_cap":"","_tribe_rsvp_for_event":"","_tribe_ticket_going_count":"","_tribe_ticket_not_going_count":"","_tribe_tickets_list":"[]","_tribe_ticket_has_attendee_info_fields":false},"product_brand":[],"product_cat":[120],"product_tag":[],"class_list":{"0":"post-11664","1":"product","2":"type-product","3":"status-publish","4":"has-post-thumbnail","6":"product_cat-weisswein","8":"first","9":"instock","10":"taxable","11":"shipping-taxable","12":"purchasable","13":"product-type-simple"},"acf":[],"_links":{"self":[{"href":"https:\/\/weinhundert.styleinc.eu\/da\/wp-json\/wp\/v2\/product\/11664","targetHints":{"allow":["GET"]}}],"collection":[{"href":"https:\/\/weinhundert.styleinc.eu\/da\/wp-json\/wp\/v2\/product"}],"about":[{"href":"https:\/\/weinhundert.styleinc.eu\/da\/wp-json\/wp\/v2\/types\/product"}],"replies":[{"embeddable":true,"href":"https:\/\/weinhundert.styleinc.eu\/da\/wp-json\/wp\/v2\/comments?post=11664"}],"wp:featuredmedia":[{"embeddable":true,"href":"https:\/\/weinhundert.styleinc.eu\/da\/wp-json\/wp\/v2\/media\/11665"}],"wp:attachment":[{"href":"https:\/\/weinhundert.styleinc.eu\/da\/wp-json\/wp\/v2\/media?parent=11664"}],"wp:term":[{"taxonomy":"product_brand","embeddable":true,"href":"https:\/\/weinhundert.styleinc.eu\/da\/wp-json\/wp\/v2\/product_brand?post=11664"},{"taxonomy":"product_cat","embeddable":true,"href":"https:\/\/weinhundert.styleinc.eu\/da\/wp-json\/wp\/v2\/product_cat?post=11664"},{"taxonomy":"product_tag","embeddable":true,"href":"https:\/\/weinhundert.styleinc.eu\/da\/wp-json\/wp\/v2\/product_tag?post=11664"}],"curies":[{"name":"wp","href":"https:\/\/api.w.org\/{rel}","templated":true}]}}