{"id":11655,"date":"2026-02-27T08:40:37","date_gmt":"2026-02-27T07:40:37","guid":{"rendered":"https:\/\/weinhundert.styleinc.eu\/?post_type=product&#038;p=11655"},"modified":"2026-03-10T21:29:48","modified_gmt":"2026-03-10T20:29:48","slug":"markus-schneider-riesling-alte-reben-2013-150-l","status":"publish","type":"product","link":"https:\/\/weinhundert.styleinc.eu\/da\/produkt\/markus-schneider-riesling-alte-reben-2013-150-l\/","title":{"rendered":"Markus Schneider Riesling Alte Reben  2013 1,50 l"},"content":{"rendered":"<p>Der Markus Schneider Riesling Alte Reben aus dem Jahr 2013 ist wie ein kleiner Schatz aus der Pfalz, der dir das Gef\u00fchl gibt, direkt in die Weinberge zu spazieren. Mit seinem fruchtigen Charakter und einem feinen Hauch von Mineralit\u00e4t bringt er die Sonne der Region perfekt ins Glas. Du wirst von Aromen wie saftigen \u00c4pfeln, zarten Pfirsichen und einem spritzigen Zitruskick begeistert sein. Ob beim entspannten Abend mit Freunden oder einem feinen Dinner \u2013 dieser Riesling macht einfach gute Laune! Probiere ihn unbedingt zu einem frischen Lachsfilet oder einer leckeren asiatischen Gem\u00fcsepfanne, da harmonieren die Aromen wunderbar. Lass dich \u00fcberraschen!<\/p>\n","protected":false},"excerpt":{"rendered":"<p>Pf\u00e4lzer Klassiker mit Tiefe: Fruchtige Aromen, feine Mineralit\u00e4t und spritzige Frische aus alten Reben.<\/p>\n","protected":false},"featured_media":11656,"comment_status":"open","ping_status":"closed","template":"","meta":{"_acf_changed":false,"_et_pb_use_builder":"","_et_pb_old_content":"","_et_gb_content_width":"","inline_featured_image":false,"_price":"42.90","_stock":"-1","_tribe_ticket_header":"","_tribe_default_ticket_provider":"","_ticket_start_date":"","_ticket_end_date":"","_tribe_ticket_show_description":"","_tribe_ticket_show_not_going":false,"_tribe_ticket_use_global_stock":"","_tribe_ticket_global_stock_level":"","_global_stock_mode":"","_global_stock_cap":"","_tribe_rsvp_for_event":"","_tribe_ticket_going_count":"","_tribe_ticket_not_going_count":"","_tribe_tickets_list":"[]","_tribe_ticket_has_attendee_info_fields":false},"product_brand":[],"product_cat":[120],"product_tag":[],"class_list":{"0":"post-11655","1":"product","2":"type-product","3":"status-publish","4":"has-post-thumbnail","6":"product_cat-weisswein","8":"first","9":"outofstock","10":"taxable","11":"shipping-taxable","12":"purchasable","13":"product-type-simple"},"acf":[],"_links":{"self":[{"href":"https:\/\/weinhundert.styleinc.eu\/da\/wp-json\/wp\/v2\/product\/11655","targetHints":{"allow":["GET"]}}],"collection":[{"href":"https:\/\/weinhundert.styleinc.eu\/da\/wp-json\/wp\/v2\/product"}],"about":[{"href":"https:\/\/weinhundert.styleinc.eu\/da\/wp-json\/wp\/v2\/types\/product"}],"replies":[{"embeddable":true,"href":"https:\/\/weinhundert.styleinc.eu\/da\/wp-json\/wp\/v2\/comments?post=11655"}],"wp:featuredmedia":[{"embeddable":true,"href":"https:\/\/weinhundert.styleinc.eu\/da\/wp-json\/wp\/v2\/media\/11656"}],"wp:attachment":[{"href":"https:\/\/weinhundert.styleinc.eu\/da\/wp-json\/wp\/v2\/media?parent=11655"}],"wp:term":[{"taxonomy":"product_brand","embeddable":true,"href":"https:\/\/weinhundert.styleinc.eu\/da\/wp-json\/wp\/v2\/product_brand?post=11655"},{"taxonomy":"product_cat","embeddable":true,"href":"https:\/\/weinhundert.styleinc.eu\/da\/wp-json\/wp\/v2\/product_cat?post=11655"},{"taxonomy":"product_tag","embeddable":true,"href":"https:\/\/weinhundert.styleinc.eu\/da\/wp-json\/wp\/v2\/product_tag?post=11655"}],"curies":[{"name":"wp","href":"https:\/\/api.w.org\/{rel}","templated":true}]}}