{"id":11649,"date":"2026-02-27T08:40:28","date_gmt":"2026-02-27T07:40:28","guid":{"rendered":"https:\/\/weinhundert.styleinc.eu\/?post_type=product&#038;p=11649"},"modified":"2026-03-10T21:29:46","modified_gmt":"2026-03-10T20:29:46","slug":"markus-schneider-fuchsmantel-2017-500-l","status":"publish","type":"product","link":"https:\/\/weinhundert.styleinc.eu\/da\/produkt\/markus-schneider-fuchsmantel-2017-500-l\/","title":{"rendered":"Markus Schneider Fuchsmantel 2017 5,00 l"},"content":{"rendered":"<p>Der Markus Schneider Fuchsmantel 2017 ist wie ein frischer Wind an einem sonnigen Tag in der Pfalz \u2013 spritzig und voller Lebensfreude. Dieser Riesling bringt eine tolle Frucht ins Glas, die an saftige Pfirsiche und knackige \u00c4pfel erinnert, gepaart mit einer feinen Mineralit\u00e4t, die dir das Gef\u00fchl gibt, direkt im Weinberg zu stehen. Mit seinen 13% Alkohol ist er der perfekte Begleiter f\u00fcr gesellige Abende oder ein entspanntes Dinner. Probiere ihn doch mal zu einem leichten Fischgericht oder einem bunten Salat mit Ziegenk\u00e4se \u2013 das wird ein Genuss! Lass dich von diesem charmanten Wein verf\u00fchren und bring ein St\u00fcck Pfalz in dein Zuhause.<\/p>\n","protected":false},"excerpt":{"rendered":"<p>Spritziger Pfalz-Riesling mit Pfirsich und Apfel \u2013 mineralisch frisch und herrlich lebendig f\u00fcr gesellige Abende.<\/p>\n","protected":false},"featured_media":11650,"comment_status":"open","ping_status":"closed","template":"","meta":{"_acf_changed":false,"_et_pb_use_builder":"","_et_pb_old_content":"","_et_gb_content_width":"","inline_featured_image":false,"_price":"199.00","_stock":"-1","_tribe_ticket_header":"","_tribe_default_ticket_provider":"","_ticket_start_date":"","_ticket_end_date":"","_tribe_ticket_show_description":"","_tribe_ticket_show_not_going":false,"_tribe_ticket_use_global_stock":"","_tribe_ticket_global_stock_level":"","_global_stock_mode":"","_global_stock_cap":"","_tribe_rsvp_for_event":"","_tribe_ticket_going_count":"","_tribe_ticket_not_going_count":"","_tribe_tickets_list":"[]","_tribe_ticket_has_attendee_info_fields":false},"product_brand":[],"product_cat":[120],"product_tag":[],"class_list":{"0":"post-11649","1":"product","2":"type-product","3":"status-publish","4":"has-post-thumbnail","6":"product_cat-weisswein","8":"first","9":"outofstock","10":"taxable","11":"shipping-taxable","12":"purchasable","13":"product-type-simple"},"acf":[],"_links":{"self":[{"href":"https:\/\/weinhundert.styleinc.eu\/da\/wp-json\/wp\/v2\/product\/11649","targetHints":{"allow":["GET"]}}],"collection":[{"href":"https:\/\/weinhundert.styleinc.eu\/da\/wp-json\/wp\/v2\/product"}],"about":[{"href":"https:\/\/weinhundert.styleinc.eu\/da\/wp-json\/wp\/v2\/types\/product"}],"replies":[{"embeddable":true,"href":"https:\/\/weinhundert.styleinc.eu\/da\/wp-json\/wp\/v2\/comments?post=11649"}],"wp:featuredmedia":[{"embeddable":true,"href":"https:\/\/weinhundert.styleinc.eu\/da\/wp-json\/wp\/v2\/media\/11650"}],"wp:attachment":[{"href":"https:\/\/weinhundert.styleinc.eu\/da\/wp-json\/wp\/v2\/media?parent=11649"}],"wp:term":[{"taxonomy":"product_brand","embeddable":true,"href":"https:\/\/weinhundert.styleinc.eu\/da\/wp-json\/wp\/v2\/product_brand?post=11649"},{"taxonomy":"product_cat","embeddable":true,"href":"https:\/\/weinhundert.styleinc.eu\/da\/wp-json\/wp\/v2\/product_cat?post=11649"},{"taxonomy":"product_tag","embeddable":true,"href":"https:\/\/weinhundert.styleinc.eu\/da\/wp-json\/wp\/v2\/product_tag?post=11649"}],"curies":[{"name":"wp","href":"https:\/\/api.w.org\/{rel}","templated":true}]}}