{"id":11646,"date":"2026-02-27T08:40:24","date_gmt":"2026-02-27T07:40:24","guid":{"rendered":"https:\/\/weinhundert.styleinc.eu\/?post_type=product&#038;p=11646"},"modified":"2026-03-10T21:29:46","modified_gmt":"2026-03-10T20:29:46","slug":"markus-schneider-fuchsmantel-2016-500-l","status":"publish","type":"product","link":"https:\/\/weinhundert.styleinc.eu\/da\/produkt\/markus-schneider-fuchsmantel-2016-500-l\/","title":{"rendered":"Markus Schneider Fuchsmantel 2016 5,00 l"},"content":{"rendered":"<p>Der Markus Schneider Fuchsmantel aus dem Jahrgang 2016 ist ein echter Pf\u00e4lzer Schatz, der dich mit jedem Schluck auf eine kleine Genussreise mitnimmt. Dieser Riesling pr\u00e4sentiert sich fruchtig und frisch, mit Aromen von saftigen \u00c4pfeln und einem Hauch von Zitrus, die deine Geschmacksknospen zum Tanzen bringen. Der Wein hat eine wunderbare Lebendigkeit, die perfekt zu einem entspannten Abend auf der Terrasse passt. Probiere ihn zu einer knackigen Spargelsalat-Variation oder genie\u00dfe ihn einfach solo, w\u00e4hrend du den Sonnenuntergang beobachtest. Lass dich von diesem Fuchsmantel umarmen und bring ein St\u00fcck Pfalz in dein Glas!<\/p>\n","protected":false},"excerpt":{"rendered":"<p>Pf\u00e4lzer Riesling mit verf\u00fchrerischer Frische: Apfel und Zitrus, lebendig und elegant \u2013 pure Genussfreude im Glas.<\/p>\n","protected":false},"featured_media":11647,"comment_status":"open","ping_status":"closed","template":"","meta":{"_acf_changed":false,"_et_pb_use_builder":"","_et_pb_old_content":"","_et_gb_content_width":"","inline_featured_image":false,"_price":"199.00","_stock":"-1","_tribe_ticket_header":"","_tribe_default_ticket_provider":"","_ticket_start_date":"","_ticket_end_date":"","_tribe_ticket_show_description":"","_tribe_ticket_show_not_going":false,"_tribe_ticket_use_global_stock":"","_tribe_ticket_global_stock_level":"","_global_stock_mode":"","_global_stock_cap":"","_tribe_rsvp_for_event":"","_tribe_ticket_going_count":"","_tribe_ticket_not_going_count":"","_tribe_tickets_list":"[]","_tribe_ticket_has_attendee_info_fields":false},"product_brand":[],"product_cat":[120],"product_tag":[],"class_list":{"0":"post-11646","1":"product","2":"type-product","3":"status-publish","4":"has-post-thumbnail","6":"product_cat-weisswein","8":"first","9":"outofstock","10":"taxable","11":"shipping-taxable","12":"purchasable","13":"product-type-simple"},"acf":[],"_links":{"self":[{"href":"https:\/\/weinhundert.styleinc.eu\/da\/wp-json\/wp\/v2\/product\/11646","targetHints":{"allow":["GET"]}}],"collection":[{"href":"https:\/\/weinhundert.styleinc.eu\/da\/wp-json\/wp\/v2\/product"}],"about":[{"href":"https:\/\/weinhundert.styleinc.eu\/da\/wp-json\/wp\/v2\/types\/product"}],"replies":[{"embeddable":true,"href":"https:\/\/weinhundert.styleinc.eu\/da\/wp-json\/wp\/v2\/comments?post=11646"}],"wp:featuredmedia":[{"embeddable":true,"href":"https:\/\/weinhundert.styleinc.eu\/da\/wp-json\/wp\/v2\/media\/11647"}],"wp:attachment":[{"href":"https:\/\/weinhundert.styleinc.eu\/da\/wp-json\/wp\/v2\/media?parent=11646"}],"wp:term":[{"taxonomy":"product_brand","embeddable":true,"href":"https:\/\/weinhundert.styleinc.eu\/da\/wp-json\/wp\/v2\/product_brand?post=11646"},{"taxonomy":"product_cat","embeddable":true,"href":"https:\/\/weinhundert.styleinc.eu\/da\/wp-json\/wp\/v2\/product_cat?post=11646"},{"taxonomy":"product_tag","embeddable":true,"href":"https:\/\/weinhundert.styleinc.eu\/da\/wp-json\/wp\/v2\/product_tag?post=11646"}],"curies":[{"name":"wp","href":"https:\/\/api.w.org\/{rel}","templated":true}]}}