{"id":11622,"date":"2026-02-27T08:39:50","date_gmt":"2026-02-27T07:39:50","guid":{"rendered":"https:\/\/weinhundert.styleinc.eu\/produkt\/markus-schneider-fuchsmantel-2017-150-l\/"},"modified":"2026-03-10T21:29:40","modified_gmt":"2026-03-10T20:29:40","slug":"markus-schneider-fuchsmantel-2017-150-l","status":"publish","type":"product","link":"https:\/\/weinhundert.styleinc.eu\/da\/produkt\/markus-schneider-fuchsmantel-2017-150-l\/","title":{"rendered":"Markus Schneider Fuchsmantel  2017 1,50 l"},"content":{"rendered":"<p>Der Markus Schneider Fuchsmantel aus dem Jahr 2017 ist ein echter Pf\u00e4lzer Schatz, der dir mit seiner spritzigen Art sofort ein L\u00e4cheln ins Gesicht zaubert. Dieser Riesling zeigt sich fruchtig und frisch, mit einer einladenden Aromatik von saftigen \u00c4pfeln und zarten Zitrusnoten, die einfach Lust auf mehr machen. Der Wein hat Charakter und bringt die Sonne der Pfalz direkt ins Glas \u2013 perfekt f\u00fcr gesellige Abende mit Freunden oder ein entspanntes Dinner. Probiere ihn zu leichten Gerichten wie gegrilltem Fisch oder einem bunten Salat, und lass dich von seinem Charme begeistern!<\/p>\n","protected":false},"excerpt":{"rendered":"<p>Spritziger Pf\u00e4lzer Riesling mit Apfel- und Zitrusaromen \u2013 pure Sonnenschein-Frische im Glas.<\/p>\n","protected":false},"featured_media":11623,"comment_status":"open","ping_status":"closed","template":"","meta":{"_acf_changed":false,"_et_pb_use_builder":"","_et_pb_old_content":"","_et_gb_content_width":"","inline_featured_image":false,"_price":"49.90","_stock":"2","_tribe_ticket_header":"","_tribe_default_ticket_provider":"","_ticket_start_date":"","_ticket_end_date":"","_tribe_ticket_show_description":"","_tribe_ticket_show_not_going":false,"_tribe_ticket_use_global_stock":"","_tribe_ticket_global_stock_level":"","_global_stock_mode":"","_global_stock_cap":"","_tribe_rsvp_for_event":"","_tribe_ticket_going_count":"","_tribe_ticket_not_going_count":"","_tribe_tickets_list":"[]","_tribe_ticket_has_attendee_info_fields":false},"product_brand":[],"product_cat":[120],"product_tag":[],"class_list":{"0":"post-11622","1":"product","2":"type-product","3":"status-publish","4":"has-post-thumbnail","6":"product_cat-weisswein","8":"first","9":"instock","10":"taxable","11":"shipping-taxable","12":"purchasable","13":"product-type-simple"},"acf":[],"_links":{"self":[{"href":"https:\/\/weinhundert.styleinc.eu\/da\/wp-json\/wp\/v2\/product\/11622","targetHints":{"allow":["GET"]}}],"collection":[{"href":"https:\/\/weinhundert.styleinc.eu\/da\/wp-json\/wp\/v2\/product"}],"about":[{"href":"https:\/\/weinhundert.styleinc.eu\/da\/wp-json\/wp\/v2\/types\/product"}],"replies":[{"embeddable":true,"href":"https:\/\/weinhundert.styleinc.eu\/da\/wp-json\/wp\/v2\/comments?post=11622"}],"wp:featuredmedia":[{"embeddable":true,"href":"https:\/\/weinhundert.styleinc.eu\/da\/wp-json\/wp\/v2\/media\/11623"}],"wp:attachment":[{"href":"https:\/\/weinhundert.styleinc.eu\/da\/wp-json\/wp\/v2\/media?parent=11622"}],"wp:term":[{"taxonomy":"product_brand","embeddable":true,"href":"https:\/\/weinhundert.styleinc.eu\/da\/wp-json\/wp\/v2\/product_brand?post=11622"},{"taxonomy":"product_cat","embeddable":true,"href":"https:\/\/weinhundert.styleinc.eu\/da\/wp-json\/wp\/v2\/product_cat?post=11622"},{"taxonomy":"product_tag","embeddable":true,"href":"https:\/\/weinhundert.styleinc.eu\/da\/wp-json\/wp\/v2\/product_tag?post=11622"}],"curies":[{"name":"wp","href":"https:\/\/api.w.org\/{rel}","templated":true}]}}