{"id":11616,"date":"2026-02-27T08:39:40","date_gmt":"2026-02-27T07:39:40","guid":{"rendered":"https:\/\/weinhundert.styleinc.eu\/?post_type=product&#038;p=11616"},"modified":"2026-03-10T21:29:39","modified_gmt":"2026-03-10T20:29:39","slug":"markus-schneider-fuchsmantel-2015-150-l","status":"publish","type":"product","link":"https:\/\/weinhundert.styleinc.eu\/da\/produkt\/markus-schneider-fuchsmantel-2015-150-l\/","title":{"rendered":"Markus Schneider Fuchsmantel  2015 1,50 l"},"content":{"rendered":"<p>Der Markus Schneider Fuchsmantel aus dem Jahrgang 2015 ist ein wahrer Genuss f\u00fcr alle, die frische, fruchtige Wei\u00dfweine lieben. Dieser Riesling aus der sonnigen Pfalz bringt dir die Aromen von saftigen \u00c4pfeln und reifen Pfirsichen direkt ins Glas. Mit einem spritzigen Schluck und einem Hauch von Mineralit\u00e4t sorgt er f\u00fcr eine erfrischende Auszeit, egal ob auf der Terrasse oder beim gem\u00fctlichen Abendessen. Kombiniere ihn perfekt mit leichten Fischgerichten oder einer knackigen Gem\u00fcsepfanne, und du wirst sehen, wie die Aromen miteinander tanzen. Lass dich von diesem Wein verf\u00fchren und bring ein bisschen Pfalz in dein Glas!<\/p>\n","protected":false},"excerpt":{"rendered":"<p>Frischer Pfalz-Riesling mit Apfel- und Pfirsichnoten, spritzige Mineralit\u00e4t, perfekt zu Fisch und Gem\u00fcse.<\/p>\n","protected":false},"featured_media":11617,"comment_status":"open","ping_status":"closed","template":"","meta":{"_acf_changed":false,"_et_pb_use_builder":"","_et_pb_old_content":"","_et_gb_content_width":"","inline_featured_image":false,"_price":"49.90","_stock":"-1","_tribe_ticket_header":"","_tribe_default_ticket_provider":"","_ticket_start_date":"","_ticket_end_date":"","_tribe_ticket_show_description":"","_tribe_ticket_show_not_going":false,"_tribe_ticket_use_global_stock":"","_tribe_ticket_global_stock_level":"","_global_stock_mode":"","_global_stock_cap":"","_tribe_rsvp_for_event":"","_tribe_ticket_going_count":"","_tribe_ticket_not_going_count":"","_tribe_tickets_list":"[]","_tribe_ticket_has_attendee_info_fields":false},"product_brand":[],"product_cat":[120],"product_tag":[],"class_list":{"0":"post-11616","1":"product","2":"type-product","3":"status-publish","4":"has-post-thumbnail","6":"product_cat-weisswein","8":"first","9":"outofstock","10":"taxable","11":"shipping-taxable","12":"purchasable","13":"product-type-simple"},"acf":[],"_links":{"self":[{"href":"https:\/\/weinhundert.styleinc.eu\/da\/wp-json\/wp\/v2\/product\/11616","targetHints":{"allow":["GET"]}}],"collection":[{"href":"https:\/\/weinhundert.styleinc.eu\/da\/wp-json\/wp\/v2\/product"}],"about":[{"href":"https:\/\/weinhundert.styleinc.eu\/da\/wp-json\/wp\/v2\/types\/product"}],"replies":[{"embeddable":true,"href":"https:\/\/weinhundert.styleinc.eu\/da\/wp-json\/wp\/v2\/comments?post=11616"}],"wp:featuredmedia":[{"embeddable":true,"href":"https:\/\/weinhundert.styleinc.eu\/da\/wp-json\/wp\/v2\/media\/11617"}],"wp:attachment":[{"href":"https:\/\/weinhundert.styleinc.eu\/da\/wp-json\/wp\/v2\/media?parent=11616"}],"wp:term":[{"taxonomy":"product_brand","embeddable":true,"href":"https:\/\/weinhundert.styleinc.eu\/da\/wp-json\/wp\/v2\/product_brand?post=11616"},{"taxonomy":"product_cat","embeddable":true,"href":"https:\/\/weinhundert.styleinc.eu\/da\/wp-json\/wp\/v2\/product_cat?post=11616"},{"taxonomy":"product_tag","embeddable":true,"href":"https:\/\/weinhundert.styleinc.eu\/da\/wp-json\/wp\/v2\/product_tag?post=11616"}],"curies":[{"name":"wp","href":"https:\/\/api.w.org\/{rel}","templated":true}]}}