{"id":11601,"date":"2026-02-27T08:39:19","date_gmt":"2026-02-27T07:39:19","guid":{"rendered":"https:\/\/weinhundert.styleinc.eu\/produkt\/markus-schneider-saumagen-2013-500-l\/"},"modified":"2026-03-10T21:29:36","modified_gmt":"2026-03-10T20:29:36","slug":"markus-schneider-saumagen-2013-500-l","status":"publish","type":"product","link":"https:\/\/weinhundert.styleinc.eu\/da\/produkt\/markus-schneider-saumagen-2013-500-l\/","title":{"rendered":"Markus Schneider Saumagen 2013 5,00 l"},"content":{"rendered":"<p>Der Markus Schneider Saumagen aus dem Jahrgang 2013 ist ein echter Geheimtipp aus der Pfalz. Mit seinem fruchtigen Charakter bringt dieser Riesling die Sonne der Region direkt in dein Glas. Du wirst von den Aromen reifer \u00c4pfel und saftiger Zitrusfr\u00fcchte begr\u00fc\u00dft, die von einer feinen Mineralit\u00e4t umspielt werden. Der Wein hat eine lebendige Frische, die ihn zum perfekten Begleiter f\u00fcr sommerliche Grillabende oder einen gem\u00fctlichen Abend mit Freunden macht. Probier ihn doch mal zu gegrilltem Fisch oder einem leichten Spargelgericht \u2013 du wirst begeistert sein! Lass dich von diesem Pf\u00e4lzer Schatz verf\u00fchren!<\/p>\n","protected":false},"excerpt":{"rendered":"<p>Fruchtiger Pf\u00e4lzer Riesling mit reifen \u00c4pfeln und Zitrusaromen \u2013 lebendige Frische f\u00fcr Grill und Fisch.<\/p>\n","protected":false},"featured_media":11602,"comment_status":"open","ping_status":"closed","template":"","meta":{"_acf_changed":false,"_et_pb_use_builder":"","_et_pb_old_content":"","_et_gb_content_width":"","inline_featured_image":false,"_price":"279.00","_stock":"1","_tribe_ticket_header":"","_tribe_default_ticket_provider":"","_ticket_start_date":"","_ticket_end_date":"","_tribe_ticket_show_description":"","_tribe_ticket_show_not_going":false,"_tribe_ticket_use_global_stock":"","_tribe_ticket_global_stock_level":"","_global_stock_mode":"","_global_stock_cap":"","_tribe_rsvp_for_event":"","_tribe_ticket_going_count":"","_tribe_ticket_not_going_count":"","_tribe_tickets_list":"[]","_tribe_ticket_has_attendee_info_fields":false},"product_brand":[],"product_cat":[120],"product_tag":[],"class_list":{"0":"post-11601","1":"product","2":"type-product","3":"status-publish","4":"has-post-thumbnail","6":"product_cat-weisswein","8":"first","9":"instock","10":"taxable","11":"shipping-taxable","12":"purchasable","13":"product-type-simple"},"acf":[],"_links":{"self":[{"href":"https:\/\/weinhundert.styleinc.eu\/da\/wp-json\/wp\/v2\/product\/11601","targetHints":{"allow":["GET"]}}],"collection":[{"href":"https:\/\/weinhundert.styleinc.eu\/da\/wp-json\/wp\/v2\/product"}],"about":[{"href":"https:\/\/weinhundert.styleinc.eu\/da\/wp-json\/wp\/v2\/types\/product"}],"replies":[{"embeddable":true,"href":"https:\/\/weinhundert.styleinc.eu\/da\/wp-json\/wp\/v2\/comments?post=11601"}],"wp:featuredmedia":[{"embeddable":true,"href":"https:\/\/weinhundert.styleinc.eu\/da\/wp-json\/wp\/v2\/media\/11602"}],"wp:attachment":[{"href":"https:\/\/weinhundert.styleinc.eu\/da\/wp-json\/wp\/v2\/media?parent=11601"}],"wp:term":[{"taxonomy":"product_brand","embeddable":true,"href":"https:\/\/weinhundert.styleinc.eu\/da\/wp-json\/wp\/v2\/product_brand?post=11601"},{"taxonomy":"product_cat","embeddable":true,"href":"https:\/\/weinhundert.styleinc.eu\/da\/wp-json\/wp\/v2\/product_cat?post=11601"},{"taxonomy":"product_tag","embeddable":true,"href":"https:\/\/weinhundert.styleinc.eu\/da\/wp-json\/wp\/v2\/product_tag?post=11601"}],"curies":[{"name":"wp","href":"https:\/\/api.w.org\/{rel}","templated":true}]}}