{"id":11592,"date":"2026-02-27T08:39:06","date_gmt":"2026-02-27T07:39:06","guid":{"rendered":"https:\/\/weinhundert.styleinc.eu\/?post_type=product&#038;p=11592"},"modified":"2026-03-10T21:29:34","modified_gmt":"2026-03-10T20:29:34","slug":"markus-schneider-saumagen-2015-300-l","status":"publish","type":"product","link":"https:\/\/weinhundert.styleinc.eu\/da\/produkt\/markus-schneider-saumagen-2015-300-l\/","title":{"rendered":"Markus Schneider Saumagen 2015 3,00 l"},"content":{"rendered":"<p>Entdecke den Markus Schneider Saumagen 2015, einen Riesling aus der sonnigen Pfalz, der dir mit jedem Schluck ein L\u00e4cheln ins Gesicht zaubert. Seine fruchtigen Aromen von saftigen \u00c4pfeln und einem Hauch von Zitrusfr\u00fcchten machen ihn zum perfekten Begleiter f\u00fcr gesellige Abende mit Freunden. Mit einem Alkoholgehalt von 12,5 % bringt dieser Wei\u00dfwein eine spritzige Frische mit, die einfach Lust auf mehr macht. Egal, ob du ihn zu einer leckeren Spargelcremesuppe oder einem knackigen Salat genie\u00dft, der Saumagen sorgt f\u00fcr die richtige Portion Freude auf deinem Teller. Lass dich von diesem Wein verf\u00fchren und erlebe die Leichtigkeit des Pf\u00e4lzer Lebens!<\/p>\n","protected":false},"excerpt":{"rendered":"<p>Spritziger Riesling aus der Pfalz mit fruchtigen \u00c4pfeln und Zitrus \u2014 perfekt f\u00fcr gesellige Abende und leichte Speisen.<\/p>\n","protected":false},"featured_media":11593,"comment_status":"open","ping_status":"closed","template":"","meta":{"_acf_changed":false,"_et_pb_use_builder":"","_et_pb_old_content":"","_et_gb_content_width":"","inline_featured_image":false,"_price":"149.00","_stock":"-1","_tribe_ticket_header":"","_tribe_default_ticket_provider":"","_ticket_start_date":"","_ticket_end_date":"","_tribe_ticket_show_description":"","_tribe_ticket_show_not_going":false,"_tribe_ticket_use_global_stock":"","_tribe_ticket_global_stock_level":"","_global_stock_mode":"","_global_stock_cap":"","_tribe_rsvp_for_event":"","_tribe_ticket_going_count":"","_tribe_ticket_not_going_count":"","_tribe_tickets_list":"[]","_tribe_ticket_has_attendee_info_fields":false},"product_brand":[],"product_cat":[120],"product_tag":[],"class_list":{"0":"post-11592","1":"product","2":"type-product","3":"status-publish","4":"has-post-thumbnail","6":"product_cat-weisswein","8":"first","9":"outofstock","10":"taxable","11":"shipping-taxable","12":"purchasable","13":"product-type-simple"},"acf":[],"_links":{"self":[{"href":"https:\/\/weinhundert.styleinc.eu\/da\/wp-json\/wp\/v2\/product\/11592","targetHints":{"allow":["GET"]}}],"collection":[{"href":"https:\/\/weinhundert.styleinc.eu\/da\/wp-json\/wp\/v2\/product"}],"about":[{"href":"https:\/\/weinhundert.styleinc.eu\/da\/wp-json\/wp\/v2\/types\/product"}],"replies":[{"embeddable":true,"href":"https:\/\/weinhundert.styleinc.eu\/da\/wp-json\/wp\/v2\/comments?post=11592"}],"wp:featuredmedia":[{"embeddable":true,"href":"https:\/\/weinhundert.styleinc.eu\/da\/wp-json\/wp\/v2\/media\/11593"}],"wp:attachment":[{"href":"https:\/\/weinhundert.styleinc.eu\/da\/wp-json\/wp\/v2\/media?parent=11592"}],"wp:term":[{"taxonomy":"product_brand","embeddable":true,"href":"https:\/\/weinhundert.styleinc.eu\/da\/wp-json\/wp\/v2\/product_brand?post=11592"},{"taxonomy":"product_cat","embeddable":true,"href":"https:\/\/weinhundert.styleinc.eu\/da\/wp-json\/wp\/v2\/product_cat?post=11592"},{"taxonomy":"product_tag","embeddable":true,"href":"https:\/\/weinhundert.styleinc.eu\/da\/wp-json\/wp\/v2\/product_tag?post=11592"}],"curies":[{"name":"wp","href":"https:\/\/api.w.org\/{rel}","templated":true}]}}