{"id":11589,"date":"2026-02-27T08:39:01","date_gmt":"2026-02-27T07:39:01","guid":{"rendered":"https:\/\/weinhundert.styleinc.eu\/produkt\/markus-schneider-saumagen-2014-300-l\/"},"modified":"2026-03-10T21:29:33","modified_gmt":"2026-03-10T20:29:33","slug":"markus-schneider-saumagen-2014-300-l","status":"publish","type":"product","link":"https:\/\/weinhundert.styleinc.eu\/da\/produkt\/markus-schneider-saumagen-2014-300-l\/","title":{"rendered":"Markus Schneider Saumagen 2014 3,00 l"},"content":{"rendered":"<p>Der Markus Schneider Saumagen 2014 ist ein echter Geheimtipp aus der Pfalz, der dir sofort ein L\u00e4cheln ins Gesicht zaubert. Dieser Riesling bringt fruchtige Aromen von saftigen \u00c4pfeln und einer spritzigen Zitrusnote mit, die perfekt f\u00fcr entspannte Abende auf der Terrasse sind. Mit seinen 12,5 % Alkohol ist er der ideale Begleiter f\u00fcr gesellige Runden oder ein leckeres Abendessen. Genie\u00dfe ihn zu einer kreativen Spargel-Quiche oder einem frischen Salat mit Ziegenk\u00e4se \u2013 das wird ein Genuss! Lass dich von diesem Wein verzaubern und erlebe, wie er die Sonne auf deine Zunge bringt. Prost!<\/p>\n","protected":false},"excerpt":{"rendered":"<p>Frischer Riesling aus der Pfalz mit Apfel und Zitrus \u2013 Geheimtipp f\u00fcr entspannte Abende und leichte K\u00fcche.<\/p>\n","protected":false},"featured_media":11590,"comment_status":"open","ping_status":"closed","template":"","meta":{"_acf_changed":false,"_et_pb_use_builder":"","_et_pb_old_content":"","_et_gb_content_width":"","inline_featured_image":false,"_price":"149.00","_stock":"2","_tribe_ticket_header":"","_tribe_default_ticket_provider":"","_ticket_start_date":"","_ticket_end_date":"","_tribe_ticket_show_description":"","_tribe_ticket_show_not_going":false,"_tribe_ticket_use_global_stock":"","_tribe_ticket_global_stock_level":"","_global_stock_mode":"","_global_stock_cap":"","_tribe_rsvp_for_event":"","_tribe_ticket_going_count":"","_tribe_ticket_not_going_count":"","_tribe_tickets_list":"[]","_tribe_ticket_has_attendee_info_fields":false},"product_brand":[],"product_cat":[120],"product_tag":[],"class_list":{"0":"post-11589","1":"product","2":"type-product","3":"status-publish","4":"has-post-thumbnail","6":"product_cat-weisswein","8":"first","9":"instock","10":"taxable","11":"shipping-taxable","12":"purchasable","13":"product-type-simple"},"acf":[],"_links":{"self":[{"href":"https:\/\/weinhundert.styleinc.eu\/da\/wp-json\/wp\/v2\/product\/11589","targetHints":{"allow":["GET"]}}],"collection":[{"href":"https:\/\/weinhundert.styleinc.eu\/da\/wp-json\/wp\/v2\/product"}],"about":[{"href":"https:\/\/weinhundert.styleinc.eu\/da\/wp-json\/wp\/v2\/types\/product"}],"replies":[{"embeddable":true,"href":"https:\/\/weinhundert.styleinc.eu\/da\/wp-json\/wp\/v2\/comments?post=11589"}],"wp:featuredmedia":[{"embeddable":true,"href":"https:\/\/weinhundert.styleinc.eu\/da\/wp-json\/wp\/v2\/media\/11590"}],"wp:attachment":[{"href":"https:\/\/weinhundert.styleinc.eu\/da\/wp-json\/wp\/v2\/media?parent=11589"}],"wp:term":[{"taxonomy":"product_brand","embeddable":true,"href":"https:\/\/weinhundert.styleinc.eu\/da\/wp-json\/wp\/v2\/product_brand?post=11589"},{"taxonomy":"product_cat","embeddable":true,"href":"https:\/\/weinhundert.styleinc.eu\/da\/wp-json\/wp\/v2\/product_cat?post=11589"},{"taxonomy":"product_tag","embeddable":true,"href":"https:\/\/weinhundert.styleinc.eu\/da\/wp-json\/wp\/v2\/product_tag?post=11589"}],"curies":[{"name":"wp","href":"https:\/\/api.w.org\/{rel}","templated":true}]}}