{"id":11577,"date":"2026-02-27T08:38:44","date_gmt":"2026-02-27T07:38:44","guid":{"rendered":"https:\/\/weinhundert.styleinc.eu\/produkt\/markus-schneider-saumagen-2015-150-l\/"},"modified":"2026-03-10T21:29:31","modified_gmt":"2026-03-10T20:29:31","slug":"markus-schneider-saumagen-2015-150-l","status":"publish","type":"product","link":"https:\/\/weinhundert.styleinc.eu\/da\/produkt\/markus-schneider-saumagen-2015-150-l\/","title":{"rendered":"Markus Schneider Saumagen  2015 1,50 l"},"content":{"rendered":"<p>Der Markus Schneider Saumagen aus dem Jahrgang 2015 ist ein echter Pf\u00e4lzer Schatz, der dir ein St\u00fcck der deutschen Weintradition n\u00e4herbringt. Mit seinem klassischen Riesling-Charakter verw\u00f6hnt er deinen Gaumen mit frischen Zitrusnoten und einem Hauch von knackigem gr\u00fcnen Apfel. Dieser Wein ist wie ein spritziger Freund, der bei jeder Gelegenheit f\u00fcr gute Laune sorgt. Ob beim gem\u00fctlichen Abendessen mit Freunden oder einem entspannten Grillabend \u2013 der Saumagen ist der perfekte Begleiter zu gegrilltem Fisch oder einer bunten Gem\u00fcseplatte. Lass dich von seiner Frische \u00fcberraschen und genie\u00dfe ein St\u00fcck Pfalz in deinem Glas!<\/p>\n","protected":false},"excerpt":{"rendered":"<p>Klassischer Riesling mit frischen Zitrusnoten und gr\u00fcnem Apfel \u2013 der perfekte Begleiter zu Fisch und Grill.<\/p>\n","protected":false},"featured_media":11578,"comment_status":"open","ping_status":"closed","template":"","meta":{"_acf_changed":false,"_et_pb_use_builder":"","_et_pb_old_content":"","_et_gb_content_width":"","inline_featured_image":false,"_price":"69.90","_stock":"1","_tribe_ticket_header":"","_tribe_default_ticket_provider":"","_ticket_start_date":"","_ticket_end_date":"","_tribe_ticket_show_description":"","_tribe_ticket_show_not_going":false,"_tribe_ticket_use_global_stock":"","_tribe_ticket_global_stock_level":"","_global_stock_mode":"","_global_stock_cap":"","_tribe_rsvp_for_event":"","_tribe_ticket_going_count":"","_tribe_ticket_not_going_count":"","_tribe_tickets_list":"[]","_tribe_ticket_has_attendee_info_fields":false},"product_brand":[],"product_cat":[120],"product_tag":[],"class_list":{"0":"post-11577","1":"product","2":"type-product","3":"status-publish","4":"has-post-thumbnail","6":"product_cat-weisswein","8":"first","9":"instock","10":"taxable","11":"shipping-taxable","12":"purchasable","13":"product-type-simple"},"acf":[],"_links":{"self":[{"href":"https:\/\/weinhundert.styleinc.eu\/da\/wp-json\/wp\/v2\/product\/11577","targetHints":{"allow":["GET"]}}],"collection":[{"href":"https:\/\/weinhundert.styleinc.eu\/da\/wp-json\/wp\/v2\/product"}],"about":[{"href":"https:\/\/weinhundert.styleinc.eu\/da\/wp-json\/wp\/v2\/types\/product"}],"replies":[{"embeddable":true,"href":"https:\/\/weinhundert.styleinc.eu\/da\/wp-json\/wp\/v2\/comments?post=11577"}],"wp:featuredmedia":[{"embeddable":true,"href":"https:\/\/weinhundert.styleinc.eu\/da\/wp-json\/wp\/v2\/media\/11578"}],"wp:attachment":[{"href":"https:\/\/weinhundert.styleinc.eu\/da\/wp-json\/wp\/v2\/media?parent=11577"}],"wp:term":[{"taxonomy":"product_brand","embeddable":true,"href":"https:\/\/weinhundert.styleinc.eu\/da\/wp-json\/wp\/v2\/product_brand?post=11577"},{"taxonomy":"product_cat","embeddable":true,"href":"https:\/\/weinhundert.styleinc.eu\/da\/wp-json\/wp\/v2\/product_cat?post=11577"},{"taxonomy":"product_tag","embeddable":true,"href":"https:\/\/weinhundert.styleinc.eu\/da\/wp-json\/wp\/v2\/product_tag?post=11577"}],"curies":[{"name":"wp","href":"https:\/\/api.w.org\/{rel}","templated":true}]}}