{"id":11541,"date":"2026-02-27T08:37:53","date_gmt":"2026-02-27T07:37:53","guid":{"rendered":"https:\/\/weinhundert.styleinc.eu\/produkt\/markus-schneider-steinsatz-2019-075-l\/"},"modified":"2026-03-10T21:29:15","modified_gmt":"2026-03-10T20:29:15","slug":"markus-schneider-steinsatz-2019-075-l","status":"publish","type":"product","link":"https:\/\/weinhundert.styleinc.eu\/da\/produkt\/markus-schneider-steinsatz-2019-075-l\/","title":{"rendered":"Markus Schneider Steinsatz  2019 0,75 l"},"content":{"rendered":"<p>Der Markus Schneider Steinsatz 2019 ist ein echter Pf\u00e4lzer Schatz, der dir mit seinem fruchtigen Charakter sofort ein L\u00e4cheln ins Gesicht zaubert. Diese spannende Cuv\u00e9e aus Cabernet Franc bringt die Sonne der Pfalz direkt ins Glas und \u00fcberrascht mit Aromen von saftigen roten Beeren und einem Hauch von Kr\u00e4utern. Er hat eine wunderbare, einladende Art, die perfekt f\u00fcr gesellige Abende mit Freunden ist. Genie\u00df ihn zu einem herzhaften Steak vom Grill oder einer w\u00fcrzigen Pasta \u2013 dieser Wein wird dein Dinner auf jeden Fall aufpeppen. Probier ihn aus, du wirst ihn lieben!<\/p>\n","protected":false},"excerpt":{"rendered":"<p>Pf\u00e4lzer Schatz mit fruchtigen Noten von roten Beeren und Kr\u00e4utern \u2013 das perfekte Grillabenteuer im Glas.<\/p>\n","protected":false},"featured_media":11542,"comment_status":"open","ping_status":"closed","template":"","meta":{"_acf_changed":false,"_et_pb_use_builder":"","_et_pb_old_content":"","_et_gb_content_width":"","inline_featured_image":false,"_price":"34.50","_stock":"6","_tribe_ticket_header":"","_tribe_default_ticket_provider":"","_ticket_start_date":"","_ticket_end_date":"","_tribe_ticket_show_description":"","_tribe_ticket_show_not_going":false,"_tribe_ticket_use_global_stock":"","_tribe_ticket_global_stock_level":"","_global_stock_mode":"","_global_stock_cap":"","_tribe_rsvp_for_event":"","_tribe_ticket_going_count":"","_tribe_ticket_not_going_count":"","_tribe_tickets_list":"[]","_tribe_ticket_has_attendee_info_fields":false},"product_brand":[],"product_cat":[119],"product_tag":[],"class_list":{"0":"post-11541","1":"product","2":"type-product","3":"status-publish","4":"has-post-thumbnail","6":"product_cat-rotwein","8":"first","9":"instock","10":"taxable","11":"shipping-taxable","12":"purchasable","13":"product-type-simple"},"acf":[],"_links":{"self":[{"href":"https:\/\/weinhundert.styleinc.eu\/da\/wp-json\/wp\/v2\/product\/11541","targetHints":{"allow":["GET"]}}],"collection":[{"href":"https:\/\/weinhundert.styleinc.eu\/da\/wp-json\/wp\/v2\/product"}],"about":[{"href":"https:\/\/weinhundert.styleinc.eu\/da\/wp-json\/wp\/v2\/types\/product"}],"replies":[{"embeddable":true,"href":"https:\/\/weinhundert.styleinc.eu\/da\/wp-json\/wp\/v2\/comments?post=11541"}],"wp:featuredmedia":[{"embeddable":true,"href":"https:\/\/weinhundert.styleinc.eu\/da\/wp-json\/wp\/v2\/media\/11542"}],"wp:attachment":[{"href":"https:\/\/weinhundert.styleinc.eu\/da\/wp-json\/wp\/v2\/media?parent=11541"}],"wp:term":[{"taxonomy":"product_brand","embeddable":true,"href":"https:\/\/weinhundert.styleinc.eu\/da\/wp-json\/wp\/v2\/product_brand?post=11541"},{"taxonomy":"product_cat","embeddable":true,"href":"https:\/\/weinhundert.styleinc.eu\/da\/wp-json\/wp\/v2\/product_cat?post=11541"},{"taxonomy":"product_tag","embeddable":true,"href":"https:\/\/weinhundert.styleinc.eu\/da\/wp-json\/wp\/v2\/product_tag?post=11541"}],"curies":[{"name":"wp","href":"https:\/\/api.w.org\/{rel}","templated":true}]}}