{"id":11508,"date":"2026-02-27T08:37:07","date_gmt":"2026-02-27T07:37:07","guid":{"rendered":"https:\/\/weinhundert.styleinc.eu\/?post_type=product&#038;p=11508"},"modified":"2026-03-10T21:28:55","modified_gmt":"2026-03-10T20:28:55","slug":"escudo-rojo-gran-reserva-2016-075-l","status":"publish","type":"product","link":"https:\/\/weinhundert.styleinc.eu\/da\/produkt\/escudo-rojo-gran-reserva-2016-075-l\/","title":{"rendered":"Escudo Rojo Gran Reserva 2016 0,75 l"},"content":{"rendered":"<p>Der Escudo Rojo Gran Reserva von 2016 ist ein echter Geheimtipp aus dem sonnenverw\u00f6hnten Chile. Diese Rotwein-Cuv\u00e9e aus Carmenere und Cabernet Sauvignon bringt dich mit jedem Schluck auf eine geschmackliche Entdeckungsreise durch das Valle Central. Mit seinem kr\u00e4ftigen Charakter und den fruchtigen Aromen von reifen Beeren und einer feinen W\u00fcrze ist er einfach unwiderstehlich. Ob beim gem\u00fctlichen Abendessen mit Freunden oder einem entspannten Feierabend \u2013 dieser Wein passt perfekt zu einem saftigen Steak oder einer herzhaften Pasta. Lass dich von der Leidenschaft des Weinguts Baron Philippe de Rothschild mitrei\u00dfen und genie\u00dfe jeden Moment in vollen Z\u00fcgen!<\/p>\n","protected":false},"excerpt":{"rendered":"<p>Chilenischer Rotwein-Klassiker aus Carmenere und Cabernet Sauvignon mit intensiven Beerenfruchtnoten und eleganter W\u00fcrze.<\/p>\n","protected":false},"featured_media":11509,"comment_status":"open","ping_status":"closed","template":"","meta":{"_acf_changed":false,"_et_pb_use_builder":"","_et_pb_old_content":"","_et_gb_content_width":"","inline_featured_image":false,"_price":"9.99","_stock":"-1","_tribe_ticket_header":"","_tribe_default_ticket_provider":"","_ticket_start_date":"","_ticket_end_date":"","_tribe_ticket_show_description":"","_tribe_ticket_show_not_going":false,"_tribe_ticket_use_global_stock":"","_tribe_ticket_global_stock_level":"","_global_stock_mode":"","_global_stock_cap":"","_tribe_rsvp_for_event":"","_tribe_ticket_going_count":"","_tribe_ticket_not_going_count":"","_tribe_tickets_list":"[]","_tribe_ticket_has_attendee_info_fields":false},"product_brand":[],"product_cat":[119],"product_tag":[],"class_list":{"0":"post-11508","1":"product","2":"type-product","3":"status-publish","4":"has-post-thumbnail","6":"product_cat-rotwein","8":"first","9":"outofstock","10":"taxable","11":"shipping-taxable","12":"purchasable","13":"product-type-simple"},"acf":[],"_links":{"self":[{"href":"https:\/\/weinhundert.styleinc.eu\/da\/wp-json\/wp\/v2\/product\/11508","targetHints":{"allow":["GET"]}}],"collection":[{"href":"https:\/\/weinhundert.styleinc.eu\/da\/wp-json\/wp\/v2\/product"}],"about":[{"href":"https:\/\/weinhundert.styleinc.eu\/da\/wp-json\/wp\/v2\/types\/product"}],"replies":[{"embeddable":true,"href":"https:\/\/weinhundert.styleinc.eu\/da\/wp-json\/wp\/v2\/comments?post=11508"}],"wp:featuredmedia":[{"embeddable":true,"href":"https:\/\/weinhundert.styleinc.eu\/da\/wp-json\/wp\/v2\/media\/11509"}],"wp:attachment":[{"href":"https:\/\/weinhundert.styleinc.eu\/da\/wp-json\/wp\/v2\/media?parent=11508"}],"wp:term":[{"taxonomy":"product_brand","embeddable":true,"href":"https:\/\/weinhundert.styleinc.eu\/da\/wp-json\/wp\/v2\/product_brand?post=11508"},{"taxonomy":"product_cat","embeddable":true,"href":"https:\/\/weinhundert.styleinc.eu\/da\/wp-json\/wp\/v2\/product_cat?post=11508"},{"taxonomy":"product_tag","embeddable":true,"href":"https:\/\/weinhundert.styleinc.eu\/da\/wp-json\/wp\/v2\/product_tag?post=11508"}],"curies":[{"name":"wp","href":"https:\/\/api.w.org\/{rel}","templated":true}]}}