{"id":11496,"date":"2026-02-27T08:36:49","date_gmt":"2026-02-27T07:36:49","guid":{"rendered":"https:\/\/weinhundert.styleinc.eu\/?post_type=product&#038;p=11496"},"modified":"2026-03-10T21:28:49","modified_gmt":"2026-03-10T20:28:49","slug":"robert-weil-riesling-kabinett-2017-075-l","status":"publish","type":"product","link":"https:\/\/weinhundert.styleinc.eu\/da\/produkt\/robert-weil-riesling-kabinett-2017-075-l\/","title":{"rendered":"Robert Weil Riesling Kabinett 2017 0,75 l"},"content":{"rendered":"<p>Der Robert Weil Riesling Kabinett aus dem Jahr 2017 ist ein echter Genuss f\u00fcr alle, die die fruchtige Leichtigkeit des Rheingaus lieben. Mit seinen spritzigen Aromen von saftigen \u00c4pfeln und einer zarten Zitrusnote ist dieser Wein der perfekte Begleiter f\u00fcr entspannte Sommerabende. Seine erfrischende Art macht ihn ideal zu leichten Gerichten wie einem knackigen Salat mit Ziegenk\u00e4se oder einer frischen Forelle. G\u00f6nn dir diesen kleinen Genussmoment und lass dich von der Lebensfreude des Rheingaus anstecken!<\/p>\n","protected":false},"excerpt":{"rendered":"<p>Spritziger Rheingau-Klassiker mit saftigen \u00c4pfeln und Zitrus \u2013 der perfekte Begleiter f\u00fcr entspannte Sommerabende und leichte Gerichte.<\/p>\n","protected":false},"featured_media":11497,"comment_status":"open","ping_status":"closed","template":"","meta":{"_acf_changed":false,"_et_pb_use_builder":"","_et_pb_old_content":"","_et_gb_content_width":"","inline_featured_image":false,"_price":"14.49","_stock":"-1","_tribe_ticket_header":"","_tribe_default_ticket_provider":"","_ticket_start_date":"","_ticket_end_date":"","_tribe_ticket_show_description":"","_tribe_ticket_show_not_going":false,"_tribe_ticket_use_global_stock":"","_tribe_ticket_global_stock_level":"","_global_stock_mode":"","_global_stock_cap":"","_tribe_rsvp_for_event":"","_tribe_ticket_going_count":"","_tribe_ticket_not_going_count":"","_tribe_tickets_list":"[]","_tribe_ticket_has_attendee_info_fields":false},"product_brand":[],"product_cat":[120],"product_tag":[],"class_list":{"0":"post-11496","1":"product","2":"type-product","3":"status-publish","4":"has-post-thumbnail","6":"product_cat-weisswein","8":"first","9":"outofstock","10":"taxable","11":"shipping-taxable","12":"purchasable","13":"product-type-simple"},"acf":[],"_links":{"self":[{"href":"https:\/\/weinhundert.styleinc.eu\/da\/wp-json\/wp\/v2\/product\/11496","targetHints":{"allow":["GET"]}}],"collection":[{"href":"https:\/\/weinhundert.styleinc.eu\/da\/wp-json\/wp\/v2\/product"}],"about":[{"href":"https:\/\/weinhundert.styleinc.eu\/da\/wp-json\/wp\/v2\/types\/product"}],"replies":[{"embeddable":true,"href":"https:\/\/weinhundert.styleinc.eu\/da\/wp-json\/wp\/v2\/comments?post=11496"}],"wp:featuredmedia":[{"embeddable":true,"href":"https:\/\/weinhundert.styleinc.eu\/da\/wp-json\/wp\/v2\/media\/11497"}],"wp:attachment":[{"href":"https:\/\/weinhundert.styleinc.eu\/da\/wp-json\/wp\/v2\/media?parent=11496"}],"wp:term":[{"taxonomy":"product_brand","embeddable":true,"href":"https:\/\/weinhundert.styleinc.eu\/da\/wp-json\/wp\/v2\/product_brand?post=11496"},{"taxonomy":"product_cat","embeddable":true,"href":"https:\/\/weinhundert.styleinc.eu\/da\/wp-json\/wp\/v2\/product_cat?post=11496"},{"taxonomy":"product_tag","embeddable":true,"href":"https:\/\/weinhundert.styleinc.eu\/da\/wp-json\/wp\/v2\/product_tag?post=11496"}],"curies":[{"name":"wp","href":"https:\/\/api.w.org\/{rel}","templated":true}]}}