{"id":11484,"date":"2026-02-27T08:36:31","date_gmt":"2026-02-27T07:36:31","guid":{"rendered":"https:\/\/weinhundert.styleinc.eu\/produkt\/schloss-vollrads-riesling-gg-2016-075-l\/"},"modified":"2026-03-10T21:28:47","modified_gmt":"2026-03-10T20:28:47","slug":"schloss-vollrads-riesling-gg-2016-075-l","status":"publish","type":"product","link":"https:\/\/weinhundert.styleinc.eu\/da\/produkt\/schloss-vollrads-riesling-gg-2016-075-l\/","title":{"rendered":"Schloss Vollrads Riesling GG  2016 0,75 l"},"content":{"rendered":"<p>Der Schloss Vollrads Riesling GG aus dem Jahr 2016 ist wie ein Ausflug an die malerischen Ufer des Rheins \u2013 frisch, fruchtig und einfach ein Genuss. Mit seinem 13% Alkoholgehalt bringt er die typischen Aromen von saftigen \u00c4pfeln, zarten Pfirsichen und einem Hauch von Zitrus ins Glas, die dich sofort in gute Laune versetzen. Die Mineralit\u00e4t, die aus den B\u00f6den des Rheingaus stammt, sorgt daf\u00fcr, dass jeder Schluck ein bisschen nach mehr schmeckt. Dieser Wein ist perfekt f\u00fcr gesellige Abende, sei es zu einer knackigen Spargelsalat oder einem herzhaften Fischgericht. G\u00f6nn dir diesen besonderen Tropfen und lass dich von seiner Leichtigkeit verzaubern!<\/p>\n","protected":false},"excerpt":{"rendered":"<p>Rheingau-Klassiker mit Apfel und Pfirsich \u2013 mineralisch, frisch und perfekt zu Spargel und Fisch.<\/p>\n","protected":false},"featured_media":11485,"comment_status":"open","ping_status":"closed","template":"","meta":{"_acf_changed":false,"_et_pb_use_builder":"","_et_pb_old_content":"","_et_gb_content_width":"","inline_featured_image":false,"_price":"23.90","_stock":"25","_tribe_ticket_header":"","_tribe_default_ticket_provider":"","_ticket_start_date":"","_ticket_end_date":"","_tribe_ticket_show_description":"","_tribe_ticket_show_not_going":false,"_tribe_ticket_use_global_stock":"","_tribe_ticket_global_stock_level":"","_global_stock_mode":"","_global_stock_cap":"","_tribe_rsvp_for_event":"","_tribe_ticket_going_count":"","_tribe_ticket_not_going_count":"","_tribe_tickets_list":"[]","_tribe_ticket_has_attendee_info_fields":false},"product_brand":[],"product_cat":[120],"product_tag":[],"class_list":{"0":"post-11484","1":"product","2":"type-product","3":"status-publish","4":"has-post-thumbnail","6":"product_cat-weisswein","8":"first","9":"instock","10":"taxable","11":"shipping-taxable","12":"purchasable","13":"product-type-simple"},"acf":[],"_links":{"self":[{"href":"https:\/\/weinhundert.styleinc.eu\/da\/wp-json\/wp\/v2\/product\/11484","targetHints":{"allow":["GET"]}}],"collection":[{"href":"https:\/\/weinhundert.styleinc.eu\/da\/wp-json\/wp\/v2\/product"}],"about":[{"href":"https:\/\/weinhundert.styleinc.eu\/da\/wp-json\/wp\/v2\/types\/product"}],"replies":[{"embeddable":true,"href":"https:\/\/weinhundert.styleinc.eu\/da\/wp-json\/wp\/v2\/comments?post=11484"}],"wp:featuredmedia":[{"embeddable":true,"href":"https:\/\/weinhundert.styleinc.eu\/da\/wp-json\/wp\/v2\/media\/11485"}],"wp:attachment":[{"href":"https:\/\/weinhundert.styleinc.eu\/da\/wp-json\/wp\/v2\/media?parent=11484"}],"wp:term":[{"taxonomy":"product_brand","embeddable":true,"href":"https:\/\/weinhundert.styleinc.eu\/da\/wp-json\/wp\/v2\/product_brand?post=11484"},{"taxonomy":"product_cat","embeddable":true,"href":"https:\/\/weinhundert.styleinc.eu\/da\/wp-json\/wp\/v2\/product_cat?post=11484"},{"taxonomy":"product_tag","embeddable":true,"href":"https:\/\/weinhundert.styleinc.eu\/da\/wp-json\/wp\/v2\/product_tag?post=11484"}],"curies":[{"name":"wp","href":"https:\/\/api.w.org\/{rel}","templated":true}]}}