{"id":11466,"date":"2026-02-27T08:36:05","date_gmt":"2026-02-27T07:36:05","guid":{"rendered":"https:\/\/weinhundert.styleinc.eu\/?post_type=product&#038;p=11466"},"modified":"2026-03-10T21:28:32","modified_gmt":"2026-03-10T20:28:32","slug":"michel-fils-chablis-premier-cru-montee-de-tonner-2015-075-l","status":"publish","type":"product","link":"https:\/\/weinhundert.styleinc.eu\/da\/produkt\/michel-fils-chablis-premier-cru-montee-de-tonner-2015-075-l\/","title":{"rendered":"Michel &amp; Fils Chablis Premier Cru Mont\u00e9e de Tonner 2015 0,75 l"},"content":{"rendered":"<p>Der Michel &amp; Fils Chablis Premier Cru Mont\u00e9e de Tonner aus dem Jahr 2015 ist ein echtes Highlight aus der charmanten Region Burgund. Hier trifft der mineralische Charakter des Chardonnays auf eine spritzige Frische, die sofort gute Laune verbreitet. Du wirst die feinen Aromen von Zitrusfr\u00fcchten und gr\u00fcnen \u00c4pfeln lieben, die sich wunderbar mit einer subtile Note von wei\u00dfem Pfirsich verbinden. Dieser Wein ist wie ein erfrischender Sommerabend, an dem du einfach die Seele baumeln lassen kannst. Perfekt zu einem knackigen Salat mit Ziegenk\u00e4se oder zu gegrilltem Fisch \u2013 ein Genuss, den du dir nicht entgehen lassen solltest!<\/p>\n","protected":false},"excerpt":{"rendered":"<p>Mineralischer Chardonnay mit spritziger Frische, Zitrus und gr\u00fcnen \u00c4pfeln \u2013 pure Burgunder Eleganz f\u00fcr jeden Anlass.<\/p>\n","protected":false},"featured_media":11467,"comment_status":"open","ping_status":"closed","template":"","meta":{"_acf_changed":false,"_et_pb_use_builder":"","_et_pb_old_content":"","_et_gb_content_width":"","inline_featured_image":false,"_price":"29.90","_stock":"-1","_tribe_ticket_header":"","_tribe_default_ticket_provider":"","_ticket_start_date":"","_ticket_end_date":"","_tribe_ticket_show_description":"","_tribe_ticket_show_not_going":false,"_tribe_ticket_use_global_stock":"","_tribe_ticket_global_stock_level":"","_global_stock_mode":"","_global_stock_cap":"","_tribe_rsvp_for_event":"","_tribe_ticket_going_count":"","_tribe_ticket_not_going_count":"","_tribe_tickets_list":"[]","_tribe_ticket_has_attendee_info_fields":false},"product_brand":[],"product_cat":[120],"product_tag":[],"class_list":{"0":"post-11466","1":"product","2":"type-product","3":"status-publish","4":"has-post-thumbnail","6":"product_cat-weisswein","8":"first","9":"outofstock","10":"taxable","11":"shipping-taxable","12":"purchasable","13":"product-type-simple"},"acf":[],"_links":{"self":[{"href":"https:\/\/weinhundert.styleinc.eu\/da\/wp-json\/wp\/v2\/product\/11466","targetHints":{"allow":["GET"]}}],"collection":[{"href":"https:\/\/weinhundert.styleinc.eu\/da\/wp-json\/wp\/v2\/product"}],"about":[{"href":"https:\/\/weinhundert.styleinc.eu\/da\/wp-json\/wp\/v2\/types\/product"}],"replies":[{"embeddable":true,"href":"https:\/\/weinhundert.styleinc.eu\/da\/wp-json\/wp\/v2\/comments?post=11466"}],"wp:featuredmedia":[{"embeddable":true,"href":"https:\/\/weinhundert.styleinc.eu\/da\/wp-json\/wp\/v2\/media\/11467"}],"wp:attachment":[{"href":"https:\/\/weinhundert.styleinc.eu\/da\/wp-json\/wp\/v2\/media?parent=11466"}],"wp:term":[{"taxonomy":"product_brand","embeddable":true,"href":"https:\/\/weinhundert.styleinc.eu\/da\/wp-json\/wp\/v2\/product_brand?post=11466"},{"taxonomy":"product_cat","embeddable":true,"href":"https:\/\/weinhundert.styleinc.eu\/da\/wp-json\/wp\/v2\/product_cat?post=11466"},{"taxonomy":"product_tag","embeddable":true,"href":"https:\/\/weinhundert.styleinc.eu\/da\/wp-json\/wp\/v2\/product_tag?post=11466"}],"curies":[{"name":"wp","href":"https:\/\/api.w.org\/{rel}","templated":true}]}}