{"id":11463,"date":"2026-02-27T08:35:59","date_gmt":"2026-02-27T07:35:59","guid":{"rendered":"https:\/\/weinhundert.styleinc.eu\/?post_type=product&#038;p=11463"},"modified":"2026-03-10T21:28:31","modified_gmt":"2026-03-10T20:28:31","slug":"bruendlmayer-gruener-veltliner-2016-100-l","status":"publish","type":"product","link":"https:\/\/weinhundert.styleinc.eu\/da\/produkt\/bruendlmayer-gruener-veltliner-2016-100-l\/","title":{"rendered":"Br\u00fcndlmayer Gr\u00fcner Veltliner 2016 1,00 l"},"content":{"rendered":"<p>Der Br\u00fcndlmayer Gr\u00fcner Veltliner aus dem Jahrgang 2016 ist ein echter Genuss aus dem malerischen Kamptal in \u00d6sterreich. Mit einem Alkoholgehalt von 12% bringt er eine frische Lebendigkeit mit, die dich sofort in gute Laune versetzt. Dieser Wein ist wie ein Sommertag \u2013 spritzig, einladend und voller Licht. Du wirst Aromen von reifen \u00c4pfeln und zarten Zitrusnoten entdecken, die perfekt mit einer feinen Mineralit\u00e4t harmonieren. Egal, ob du ihn solo genie\u00dft oder zu einem leckeren Spargelrisotto oder frischen Meeresfr\u00fcchten servierst, dieser Veltliner bringt jeden Moment zum Strahlen. Lass dich von ihm \u00fcberraschen!<\/p>\n","protected":false},"excerpt":{"rendered":"<p>Frischer \u00f6sterreichischer Klassiker mit Apfel und Zitrus \u2013 spritzig, mineralisch und perfekt zu Spargel und Meeresfr\u00fcchten.<\/p>\n","protected":false},"featured_media":11464,"comment_status":"open","ping_status":"closed","template":"","meta":{"_acf_changed":false,"_et_pb_use_builder":"","_et_pb_old_content":"","_et_gb_content_width":"","inline_featured_image":false,"_price":"6.99","_stock":"-1","_tribe_ticket_header":"","_tribe_default_ticket_provider":"","_ticket_start_date":"","_ticket_end_date":"","_tribe_ticket_show_description":"","_tribe_ticket_show_not_going":false,"_tribe_ticket_use_global_stock":"","_tribe_ticket_global_stock_level":"","_global_stock_mode":"","_global_stock_cap":"","_tribe_rsvp_for_event":"","_tribe_ticket_going_count":"","_tribe_ticket_not_going_count":"","_tribe_tickets_list":"[]","_tribe_ticket_has_attendee_info_fields":false},"product_brand":[],"product_cat":[120],"product_tag":[],"class_list":{"0":"post-11463","1":"product","2":"type-product","3":"status-publish","4":"has-post-thumbnail","6":"product_cat-weisswein","8":"first","9":"outofstock","10":"taxable","11":"shipping-taxable","12":"purchasable","13":"product-type-simple"},"acf":[],"_links":{"self":[{"href":"https:\/\/weinhundert.styleinc.eu\/da\/wp-json\/wp\/v2\/product\/11463","targetHints":{"allow":["GET"]}}],"collection":[{"href":"https:\/\/weinhundert.styleinc.eu\/da\/wp-json\/wp\/v2\/product"}],"about":[{"href":"https:\/\/weinhundert.styleinc.eu\/da\/wp-json\/wp\/v2\/types\/product"}],"replies":[{"embeddable":true,"href":"https:\/\/weinhundert.styleinc.eu\/da\/wp-json\/wp\/v2\/comments?post=11463"}],"wp:featuredmedia":[{"embeddable":true,"href":"https:\/\/weinhundert.styleinc.eu\/da\/wp-json\/wp\/v2\/media\/11464"}],"wp:attachment":[{"href":"https:\/\/weinhundert.styleinc.eu\/da\/wp-json\/wp\/v2\/media?parent=11463"}],"wp:term":[{"taxonomy":"product_brand","embeddable":true,"href":"https:\/\/weinhundert.styleinc.eu\/da\/wp-json\/wp\/v2\/product_brand?post=11463"},{"taxonomy":"product_cat","embeddable":true,"href":"https:\/\/weinhundert.styleinc.eu\/da\/wp-json\/wp\/v2\/product_cat?post=11463"},{"taxonomy":"product_tag","embeddable":true,"href":"https:\/\/weinhundert.styleinc.eu\/da\/wp-json\/wp\/v2\/product_tag?post=11463"}],"curies":[{"name":"wp","href":"https:\/\/api.w.org\/{rel}","templated":true}]}}