{"id":11448,"date":"2026-02-27T08:35:36","date_gmt":"2026-02-27T07:35:36","guid":{"rendered":"https:\/\/weinhundert.styleinc.eu\/?post_type=product&#038;p=11448"},"modified":"2026-03-10T21:28:23","modified_gmt":"2026-03-10T20:28:23","slug":"domaines-ott-chateau-romassan-rose-2022-075-l","status":"publish","type":"product","link":"https:\/\/weinhundert.styleinc.eu\/da\/produkt\/domaines-ott-chateau-romassan-rose-2022-075-l\/","title":{"rendered":"Domaines Ott Chateau Romassan Ros\u00e9 2022 0,75 l"},"content":{"rendered":"<p>Der Chateau Romassan Ros\u00e9 von Domaines Ott ist wie ein Sommertraum aus der Provence \u2013 frisch, fruchtig und einfach unwiderstehlich. Mit seinem verf\u00fchrerischen Bukett, in dem sich Aromen von saftigen Erdbeeren und zarten Bl\u00fcten vereinen, ist dieser Ros\u00e9 der perfekte Begleiter f\u00fcr entspannte Abende im Freien. Der Jahrgang 2022 bringt eine lebendige Frische mit, die den Genuss noch mehr hebt. G\u00f6nn dir diesen Wein zu einem leichten Salat mit Ziegenk\u00e4se oder genie\u00dfe ihn einfach solo auf der Terrasse mit Freunden. Lass dich von der mediterranen Leichtigkeit verf\u00fchren und bring ein St\u00fcck Provence in dein Glas!<\/p>\n","protected":false},"excerpt":{"rendered":"<p>Sommerk\u00f6nig aus der Provence: Verf\u00fchrerisches Ros\u00e9-Aroma mit Erdbeere und Bl\u00fcte, frisch und unwiderstehlich.<\/p>\n","protected":false},"featured_media":11449,"comment_status":"open","ping_status":"closed","template":"","meta":{"_acf_changed":false,"_et_pb_use_builder":"","_et_pb_old_content":"","_et_gb_content_width":"","inline_featured_image":false,"_price":"33.90","_stock":"-1","_tribe_ticket_header":"","_tribe_default_ticket_provider":"","_ticket_start_date":"","_ticket_end_date":"","_tribe_ticket_show_description":"","_tribe_ticket_show_not_going":false,"_tribe_ticket_use_global_stock":"","_tribe_ticket_global_stock_level":"","_global_stock_mode":"","_global_stock_cap":"","_tribe_rsvp_for_event":"","_tribe_ticket_going_count":"","_tribe_ticket_not_going_count":"","_tribe_tickets_list":"[]","_tribe_ticket_has_attendee_info_fields":false},"product_brand":[],"product_cat":[135],"product_tag":[],"class_list":{"0":"post-11448","1":"product","2":"type-product","3":"status-publish","4":"has-post-thumbnail","6":"product_cat-rosewein","8":"first","9":"outofstock","10":"taxable","11":"shipping-taxable","12":"purchasable","13":"product-type-simple"},"acf":[],"_links":{"self":[{"href":"https:\/\/weinhundert.styleinc.eu\/da\/wp-json\/wp\/v2\/product\/11448","targetHints":{"allow":["GET"]}}],"collection":[{"href":"https:\/\/weinhundert.styleinc.eu\/da\/wp-json\/wp\/v2\/product"}],"about":[{"href":"https:\/\/weinhundert.styleinc.eu\/da\/wp-json\/wp\/v2\/types\/product"}],"replies":[{"embeddable":true,"href":"https:\/\/weinhundert.styleinc.eu\/da\/wp-json\/wp\/v2\/comments?post=11448"}],"wp:featuredmedia":[{"embeddable":true,"href":"https:\/\/weinhundert.styleinc.eu\/da\/wp-json\/wp\/v2\/media\/11449"}],"wp:attachment":[{"href":"https:\/\/weinhundert.styleinc.eu\/da\/wp-json\/wp\/v2\/media?parent=11448"}],"wp:term":[{"taxonomy":"product_brand","embeddable":true,"href":"https:\/\/weinhundert.styleinc.eu\/da\/wp-json\/wp\/v2\/product_brand?post=11448"},{"taxonomy":"product_cat","embeddable":true,"href":"https:\/\/weinhundert.styleinc.eu\/da\/wp-json\/wp\/v2\/product_cat?post=11448"},{"taxonomy":"product_tag","embeddable":true,"href":"https:\/\/weinhundert.styleinc.eu\/da\/wp-json\/wp\/v2\/product_tag?post=11448"}],"curies":[{"name":"wp","href":"https:\/\/api.w.org\/{rel}","templated":true}]}}