{"id":11430,"date":"2026-02-27T08:35:04","date_gmt":"2026-02-27T07:35:04","guid":{"rendered":"https:\/\/weinhundert.styleinc.eu\/?post_type=product&#038;p=11430"},"modified":"2026-03-10T21:28:13","modified_gmt":"2026-03-10T20:28:13","slug":"ramey-chardonnay-woolsey-road-2012-075-l","status":"publish","type":"product","link":"https:\/\/weinhundert.styleinc.eu\/da\/produkt\/ramey-chardonnay-woolsey-road-2012-075-l\/","title":{"rendered":"Ramey Chardonnay Woolsey Road 2012 0,75 l"},"content":{"rendered":"<p>Der Ramey Chardonnay Woolsey Road aus dem Jahr 2012 ist wie ein Sonnenstrahl an einem lauen Sommerabend \u2013 frisch, einladend und einfach zum Verlieben. Dieser kalifornische Wei\u00dfwein bringt die besten Facetten des Chardonnays zur Geltung: Fruchtige Aromen von reifen \u00c4pfeln und Birnen treffen auf feine Nuancen von Vanille und einem Hauch von N\u00fcssen. Mit einem Alkoholgehalt von 14,5 % ist er ein perfekter Begleiter f\u00fcr gesellige Runden oder entspannte Abende. G\u00f6nn dir diesen Wein zu einem cremigen Risotto oder einer leckeren Pasta mit Meeresfr\u00fcchten \u2013 du wirst es nicht bereuen! Lass dich von diesem Wein verf\u00fchren und erlebe, was Kalifornien zu bieten hat.<\/p>\n","protected":false},"excerpt":{"rendered":"<p>Kalifornischer Chardonnay mit verf\u00fchrerischen Aromen von Apfel, Birne und Vanille \u2013 perfekt zu Risotto und Meeresfr\u00fcchten.<\/p>\n","protected":false},"featured_media":11431,"comment_status":"open","ping_status":"closed","template":"","meta":{"_acf_changed":false,"_et_pb_use_builder":"","_et_pb_old_content":"","_et_gb_content_width":"","inline_featured_image":false,"_price":"69.90","_stock":"-1","_tribe_ticket_header":"","_tribe_default_ticket_provider":"","_ticket_start_date":"","_ticket_end_date":"","_tribe_ticket_show_description":"","_tribe_ticket_show_not_going":false,"_tribe_ticket_use_global_stock":"","_tribe_ticket_global_stock_level":"","_global_stock_mode":"","_global_stock_cap":"","_tribe_rsvp_for_event":"","_tribe_ticket_going_count":"","_tribe_ticket_not_going_count":"","_tribe_tickets_list":"[]","_tribe_ticket_has_attendee_info_fields":false},"product_brand":[],"product_cat":[120],"product_tag":[],"class_list":{"0":"post-11430","1":"product","2":"type-product","3":"status-publish","4":"has-post-thumbnail","6":"product_cat-weisswein","8":"first","9":"outofstock","10":"taxable","11":"shipping-taxable","12":"purchasable","13":"product-type-simple"},"acf":[],"_links":{"self":[{"href":"https:\/\/weinhundert.styleinc.eu\/da\/wp-json\/wp\/v2\/product\/11430","targetHints":{"allow":["GET"]}}],"collection":[{"href":"https:\/\/weinhundert.styleinc.eu\/da\/wp-json\/wp\/v2\/product"}],"about":[{"href":"https:\/\/weinhundert.styleinc.eu\/da\/wp-json\/wp\/v2\/types\/product"}],"replies":[{"embeddable":true,"href":"https:\/\/weinhundert.styleinc.eu\/da\/wp-json\/wp\/v2\/comments?post=11430"}],"wp:featuredmedia":[{"embeddable":true,"href":"https:\/\/weinhundert.styleinc.eu\/da\/wp-json\/wp\/v2\/media\/11431"}],"wp:attachment":[{"href":"https:\/\/weinhundert.styleinc.eu\/da\/wp-json\/wp\/v2\/media?parent=11430"}],"wp:term":[{"taxonomy":"product_brand","embeddable":true,"href":"https:\/\/weinhundert.styleinc.eu\/da\/wp-json\/wp\/v2\/product_brand?post=11430"},{"taxonomy":"product_cat","embeddable":true,"href":"https:\/\/weinhundert.styleinc.eu\/da\/wp-json\/wp\/v2\/product_cat?post=11430"},{"taxonomy":"product_tag","embeddable":true,"href":"https:\/\/weinhundert.styleinc.eu\/da\/wp-json\/wp\/v2\/product_tag?post=11430"}],"curies":[{"name":"wp","href":"https:\/\/api.w.org\/{rel}","templated":true}]}}