{"id":11403,"date":"2026-02-27T08:34:21","date_gmt":"2026-02-27T07:34:21","guid":{"rendered":"https:\/\/weinhundert.styleinc.eu\/produkt\/caymus-conundrum-red-2022-075-l\/"},"modified":"2026-03-10T21:27:54","modified_gmt":"2026-03-10T20:27:54","slug":"caymus-conundrum-red-2022-075-l","status":"publish","type":"product","link":"https:\/\/weinhundert.styleinc.eu\/da\/produkt\/caymus-conundrum-red-2022-075-l\/","title":{"rendered":"Caymus Conundrum Red 2022 0,75 l"},"content":{"rendered":"<p>Der Caymus Conundrum Red 2022 aus dem ber\u00fchmten Napa Valley ist wie ein aufregendes Abenteuer im Glas. Mit seinen verf\u00fchrerischen Aromen von saftigen Beeren und einem Hauch von Gew\u00fcrzen bringt dieser Rotwein richtig gute Laune in jede Runde. Die Kombination aus Zinfandel und Petite Syrah sorgt f\u00fcr einen fruchtigen Kick, der dir das Gef\u00fchl gibt, direkt in der kalifornischen Sonne zu sitzen. Mit einem Alkoholgehalt von 15,5 % ist er ein kraftvoller Begleiter, der perfekt zu herzhaften Grillgerichten oder einer leckeren Pizza passt. G\u00f6nn dir diesen Wein und mach deine n\u00e4chsten Abende zu etwas Besonderem!<\/p>\n","protected":false},"excerpt":{"rendered":"<p>Saftiges Beeren-Abenteuer aus Kalifornien: Zinfandel-Petite-Syrah-Blend mit Gew\u00fcrzspiel, kraftvoll und herzerw\u00e4rmend.<\/p>\n","protected":false},"featured_media":11404,"comment_status":"open","ping_status":"closed","template":"","meta":{"_acf_changed":false,"_et_pb_use_builder":"","_et_pb_old_content":"","_et_gb_content_width":"","inline_featured_image":false,"_price":"28.90","_stock":"27","_tribe_ticket_header":"","_tribe_default_ticket_provider":"","_ticket_start_date":"","_ticket_end_date":"","_tribe_ticket_show_description":"","_tribe_ticket_show_not_going":false,"_tribe_ticket_use_global_stock":"","_tribe_ticket_global_stock_level":"","_global_stock_mode":"","_global_stock_cap":"","_tribe_rsvp_for_event":"","_tribe_ticket_going_count":"","_tribe_ticket_not_going_count":"","_tribe_tickets_list":"[]","_tribe_ticket_has_attendee_info_fields":false},"product_brand":[],"product_cat":[119],"product_tag":[],"class_list":{"0":"post-11403","1":"product","2":"type-product","3":"status-publish","4":"has-post-thumbnail","6":"product_cat-rotwein","8":"first","9":"instock","10":"taxable","11":"shipping-taxable","12":"purchasable","13":"product-type-simple"},"acf":[],"_links":{"self":[{"href":"https:\/\/weinhundert.styleinc.eu\/da\/wp-json\/wp\/v2\/product\/11403","targetHints":{"allow":["GET"]}}],"collection":[{"href":"https:\/\/weinhundert.styleinc.eu\/da\/wp-json\/wp\/v2\/product"}],"about":[{"href":"https:\/\/weinhundert.styleinc.eu\/da\/wp-json\/wp\/v2\/types\/product"}],"replies":[{"embeddable":true,"href":"https:\/\/weinhundert.styleinc.eu\/da\/wp-json\/wp\/v2\/comments?post=11403"}],"wp:featuredmedia":[{"embeddable":true,"href":"https:\/\/weinhundert.styleinc.eu\/da\/wp-json\/wp\/v2\/media\/11404"}],"wp:attachment":[{"href":"https:\/\/weinhundert.styleinc.eu\/da\/wp-json\/wp\/v2\/media?parent=11403"}],"wp:term":[{"taxonomy":"product_brand","embeddable":true,"href":"https:\/\/weinhundert.styleinc.eu\/da\/wp-json\/wp\/v2\/product_brand?post=11403"},{"taxonomy":"product_cat","embeddable":true,"href":"https:\/\/weinhundert.styleinc.eu\/da\/wp-json\/wp\/v2\/product_cat?post=11403"},{"taxonomy":"product_tag","embeddable":true,"href":"https:\/\/weinhundert.styleinc.eu\/da\/wp-json\/wp\/v2\/product_tag?post=11403"}],"curies":[{"name":"wp","href":"https:\/\/api.w.org\/{rel}","templated":true}]}}