{"id":11313,"date":"2026-02-27T08:32:01","date_gmt":"2026-02-27T07:32:01","guid":{"rendered":"https:\/\/weinhundert.styleinc.eu\/?post_type=product&#038;p=11313"},"modified":"2026-03-10T21:26:52","modified_gmt":"2026-03-10T20:26:52","slug":"lail-vineyards-blueprint-cabernet-sauvignon-2013-075-l","status":"publish","type":"product","link":"https:\/\/weinhundert.styleinc.eu\/da\/produkt\/lail-vineyards-blueprint-cabernet-sauvignon-2013-075-l\/","title":{"rendered":"Lail Vineyards &#8216;Blueprint&#8217; Cabernet Sauvignon 2013 0,75 l"},"content":{"rendered":"<p>Der Lail Vineyards &#8216;Blueprint&#8217; Cabernet Sauvignon aus dem Jahr 2013 ist ein echter Schatz aus dem Napa Valley, der dich direkt in die Sonne Kaliforniens entf\u00fchrt. Mit seinem kraftvollen Charakter und den intensiven Aromen von dunklen Beeren, Schokolade und einem Hauch von Vanille sorgt dieser Rotwein f\u00fcr ein rundum genussvolles Erlebnis. Er hat nicht nur eine tolle Tiefe, sondern auch eine angenehme W\u00fcrze, die ihn zu einem perfekten Begleiter f\u00fcr ein saftiges Steak oder einen herzhaften Burger macht. G\u00f6nn dir diesen Wein und genie\u00dfe die entspannte Atmosph\u00e4re, die er mit jedem Schluck verbreitet!<\/p>\n","protected":false},"excerpt":{"rendered":"<p>Kraftvoller Napa Valley Cabernet mit dunklen Beeren, Schokolade und Vanille \u2013 das perfekte Steak-Abenteuer.<\/p>\n","protected":false},"featured_media":11314,"comment_status":"open","ping_status":"closed","template":"","meta":{"_acf_changed":false,"_et_pb_use_builder":"","_et_pb_old_content":"","_et_gb_content_width":"","inline_featured_image":false,"_price":"74.90","_stock":"-1","_tribe_ticket_header":"","_tribe_default_ticket_provider":"","_ticket_start_date":"","_ticket_end_date":"","_tribe_ticket_show_description":"","_tribe_ticket_show_not_going":false,"_tribe_ticket_use_global_stock":"","_tribe_ticket_global_stock_level":"","_global_stock_mode":"","_global_stock_cap":"","_tribe_rsvp_for_event":"","_tribe_ticket_going_count":"","_tribe_ticket_not_going_count":"","_tribe_tickets_list":"[]","_tribe_ticket_has_attendee_info_fields":false},"product_brand":[],"product_cat":[119],"product_tag":[],"class_list":{"0":"post-11313","1":"product","2":"type-product","3":"status-publish","4":"has-post-thumbnail","6":"product_cat-rotwein","8":"first","9":"outofstock","10":"taxable","11":"shipping-taxable","12":"purchasable","13":"product-type-simple"},"acf":[],"_links":{"self":[{"href":"https:\/\/weinhundert.styleinc.eu\/da\/wp-json\/wp\/v2\/product\/11313","targetHints":{"allow":["GET"]}}],"collection":[{"href":"https:\/\/weinhundert.styleinc.eu\/da\/wp-json\/wp\/v2\/product"}],"about":[{"href":"https:\/\/weinhundert.styleinc.eu\/da\/wp-json\/wp\/v2\/types\/product"}],"replies":[{"embeddable":true,"href":"https:\/\/weinhundert.styleinc.eu\/da\/wp-json\/wp\/v2\/comments?post=11313"}],"wp:featuredmedia":[{"embeddable":true,"href":"https:\/\/weinhundert.styleinc.eu\/da\/wp-json\/wp\/v2\/media\/11314"}],"wp:attachment":[{"href":"https:\/\/weinhundert.styleinc.eu\/da\/wp-json\/wp\/v2\/media?parent=11313"}],"wp:term":[{"taxonomy":"product_brand","embeddable":true,"href":"https:\/\/weinhundert.styleinc.eu\/da\/wp-json\/wp\/v2\/product_brand?post=11313"},{"taxonomy":"product_cat","embeddable":true,"href":"https:\/\/weinhundert.styleinc.eu\/da\/wp-json\/wp\/v2\/product_cat?post=11313"},{"taxonomy":"product_tag","embeddable":true,"href":"https:\/\/weinhundert.styleinc.eu\/da\/wp-json\/wp\/v2\/product_tag?post=11313"}],"curies":[{"name":"wp","href":"https:\/\/api.w.org\/{rel}","templated":true}]}}