{"id":11295,"date":"2026-02-27T08:31:35","date_gmt":"2026-02-27T07:31:35","guid":{"rendered":"https:\/\/weinhundert.styleinc.eu\/produkt\/montes-taita-2009-075-l\/"},"modified":"2026-03-10T21:26:44","modified_gmt":"2026-03-10T20:26:44","slug":"montes-taita-2009-075-l","status":"publish","type":"product","link":"https:\/\/weinhundert.styleinc.eu\/da\/produkt\/montes-taita-2009-075-l\/","title":{"rendered":"Montes Taita  2009 0,75 l"},"content":{"rendered":"<p>Der Montes Taita aus dem Jahrgang 2009 ist ein wahres Geschmackserlebnis, das dich direkt ins Herz Chiles entf\u00fchrt. Mit seiner kraftvollen Pr\u00e4senz und dem aufregenden Spiel aus saftigen Beeren und geheimen Gew\u00fcrzen zaubert er ein L\u00e4cheln auf dein Gesicht. Der hohe Alkoholgehalt von 15 % bringt ordentlich Schwung in die Sache, ohne dabei aufdringlich zu sein. Perfekt f\u00fcr entspannte Abende mit Freunden oder ein romantisches Dinner, passt dieser Rotwein wunderbar zu gegrilltem Fleisch oder einer herzhaften Lasagne. G\u00f6nn dir diesen Tropfen und lass dich von seiner Leidenschaft verf\u00fchren!<\/p>\n","protected":false},"excerpt":{"rendered":"<p>Kraftvoller Rotwein aus Chile mit saftigen Beeren und Gew\u00fcrzen \u2013 perfekt zu Grill und Pasta.<\/p>\n","protected":false},"featured_media":11296,"comment_status":"open","ping_status":"closed","template":"","meta":{"_acf_changed":false,"_et_pb_use_builder":"","_et_pb_old_content":"","_et_gb_content_width":"","inline_featured_image":false,"_price":"189.00","_stock":"1","_tribe_ticket_header":"","_tribe_default_ticket_provider":"","_ticket_start_date":"","_ticket_end_date":"","_tribe_ticket_show_description":"","_tribe_ticket_show_not_going":false,"_tribe_ticket_use_global_stock":"","_tribe_ticket_global_stock_level":"","_global_stock_mode":"","_global_stock_cap":"","_tribe_rsvp_for_event":"","_tribe_ticket_going_count":"","_tribe_ticket_not_going_count":"","_tribe_tickets_list":"[]","_tribe_ticket_has_attendee_info_fields":false},"product_brand":[],"product_cat":[119],"product_tag":[],"class_list":{"0":"post-11295","1":"product","2":"type-product","3":"status-publish","4":"has-post-thumbnail","6":"product_cat-rotwein","8":"first","9":"instock","10":"taxable","11":"shipping-taxable","12":"purchasable","13":"product-type-simple"},"acf":[],"_links":{"self":[{"href":"https:\/\/weinhundert.styleinc.eu\/da\/wp-json\/wp\/v2\/product\/11295","targetHints":{"allow":["GET"]}}],"collection":[{"href":"https:\/\/weinhundert.styleinc.eu\/da\/wp-json\/wp\/v2\/product"}],"about":[{"href":"https:\/\/weinhundert.styleinc.eu\/da\/wp-json\/wp\/v2\/types\/product"}],"replies":[{"embeddable":true,"href":"https:\/\/weinhundert.styleinc.eu\/da\/wp-json\/wp\/v2\/comments?post=11295"}],"wp:featuredmedia":[{"embeddable":true,"href":"https:\/\/weinhundert.styleinc.eu\/da\/wp-json\/wp\/v2\/media\/11296"}],"wp:attachment":[{"href":"https:\/\/weinhundert.styleinc.eu\/da\/wp-json\/wp\/v2\/media?parent=11295"}],"wp:term":[{"taxonomy":"product_brand","embeddable":true,"href":"https:\/\/weinhundert.styleinc.eu\/da\/wp-json\/wp\/v2\/product_brand?post=11295"},{"taxonomy":"product_cat","embeddable":true,"href":"https:\/\/weinhundert.styleinc.eu\/da\/wp-json\/wp\/v2\/product_cat?post=11295"},{"taxonomy":"product_tag","embeddable":true,"href":"https:\/\/weinhundert.styleinc.eu\/da\/wp-json\/wp\/v2\/product_tag?post=11295"}],"curies":[{"name":"wp","href":"https:\/\/api.w.org\/{rel}","templated":true}]}}