{"id":11271,"date":"2026-02-27T08:30:54","date_gmt":"2026-02-27T07:30:54","guid":{"rendered":"https:\/\/weinhundert.styleinc.eu\/produkt\/luce-della-vite-lucente-2013-075-l\/"},"modified":"2026-03-10T21:26:30","modified_gmt":"2026-03-10T20:26:30","slug":"luce-della-vite-lucente-2013-075-l","status":"publish","type":"product","link":"https:\/\/weinhundert.styleinc.eu\/da\/produkt\/luce-della-vite-lucente-2013-075-l\/","title":{"rendered":"Luce Della Vite Lucente 2013 0,75 l"},"content":{"rendered":"<p>Der Luce Della Vite Lucente aus dem Jahr 2013 ist ein echter Genuss aus der traumhaften Toskana. Hier treffen die Rebsorten Merlot und Sangiovese aufeinander und kreieren ein fruchtiges Erlebnis, das dich sofort in die italienische Sonne entf\u00fchrt. Mit einem kr\u00e4ftigen Alkoholgehalt von 14,5 % bringt dieser Rotwein eine tolle Tiefe und Charakter mit sich, die perfekt zu einem gem\u00fctlichen Abend passt. Ob zu Pasta mit einer aromatischen Tomatensauce oder saftigem Rindfleisch \u2013 dieser Wein macht jede Mahlzeit zu einem kleinen Fest. G\u00f6nn dir ein Glas und lass dich von der italienischen Lebensfreude anstecken!<\/p>\n","protected":false},"excerpt":{"rendered":"<p>Toskanischer Merlot-Sangiovese mit fruchtiger Eleganz: Sonnige Aromen, kr\u00e4ftig und charaktervoll zu Pasta und Rindfleisch.<\/p>\n","protected":false},"featured_media":11272,"comment_status":"open","ping_status":"closed","template":"","meta":{"_acf_changed":false,"_et_pb_use_builder":"","_et_pb_old_content":"","_et_gb_content_width":"","inline_featured_image":false,"_price":"24.90","_stock":"12","_tribe_ticket_header":"","_tribe_default_ticket_provider":"","_ticket_start_date":"","_ticket_end_date":"","_tribe_ticket_show_description":"","_tribe_ticket_show_not_going":false,"_tribe_ticket_use_global_stock":"","_tribe_ticket_global_stock_level":"","_global_stock_mode":"","_global_stock_cap":"","_tribe_rsvp_for_event":"","_tribe_ticket_going_count":"","_tribe_ticket_not_going_count":"","_tribe_tickets_list":"[]","_tribe_ticket_has_attendee_info_fields":false},"product_brand":[],"product_cat":[119],"product_tag":[],"class_list":{"0":"post-11271","1":"product","2":"type-product","3":"status-publish","4":"has-post-thumbnail","6":"product_cat-rotwein","8":"first","9":"instock","10":"taxable","11":"shipping-taxable","12":"purchasable","13":"product-type-simple"},"acf":[],"_links":{"self":[{"href":"https:\/\/weinhundert.styleinc.eu\/da\/wp-json\/wp\/v2\/product\/11271","targetHints":{"allow":["GET"]}}],"collection":[{"href":"https:\/\/weinhundert.styleinc.eu\/da\/wp-json\/wp\/v2\/product"}],"about":[{"href":"https:\/\/weinhundert.styleinc.eu\/da\/wp-json\/wp\/v2\/types\/product"}],"replies":[{"embeddable":true,"href":"https:\/\/weinhundert.styleinc.eu\/da\/wp-json\/wp\/v2\/comments?post=11271"}],"wp:featuredmedia":[{"embeddable":true,"href":"https:\/\/weinhundert.styleinc.eu\/da\/wp-json\/wp\/v2\/media\/11272"}],"wp:attachment":[{"href":"https:\/\/weinhundert.styleinc.eu\/da\/wp-json\/wp\/v2\/media?parent=11271"}],"wp:term":[{"taxonomy":"product_brand","embeddable":true,"href":"https:\/\/weinhundert.styleinc.eu\/da\/wp-json\/wp\/v2\/product_brand?post=11271"},{"taxonomy":"product_cat","embeddable":true,"href":"https:\/\/weinhundert.styleinc.eu\/da\/wp-json\/wp\/v2\/product_cat?post=11271"},{"taxonomy":"product_tag","embeddable":true,"href":"https:\/\/weinhundert.styleinc.eu\/da\/wp-json\/wp\/v2\/product_tag?post=11271"}],"curies":[{"name":"wp","href":"https:\/\/api.w.org\/{rel}","templated":true}]}}