{"id":11246,"date":"2026-02-26T12:47:56","date_gmt":"2026-02-26T11:47:56","guid":{"rendered":"https:\/\/weinhundert.styleinc.eu\/?post_type=product&#038;p=11246"},"modified":"2026-03-10T21:26:19","modified_gmt":"2026-03-10T20:26:19","slug":"pere-magloire-vsop-1l-100-l","status":"publish","type":"product","link":"https:\/\/weinhundert.styleinc.eu\/da\/produkt\/pere-magloire-vsop-1l-100-l\/","title":{"rendered":"Pere Magloire VSOP 1L 1,00 l"},"content":{"rendered":"<p>Entdecke mit dem Pere Magloire VSOP einen ganz besonderen Calvados, der aus den besten \u00c4pfeln der Normandie gewonnen wird. Mit seinem vollmundigen Charakter und den feinen Aromen von frischen \u00c4pfeln und leicht ger\u00f6steten N\u00fcssen bringt dieser Calvados die Essenz seiner Heimat direkt ins Glas. Der 40%ige Alkoholgehalt sorgt f\u00fcr eine angenehme W\u00e4rme, w\u00e4hrend die Reifung in Eichenholzf\u00e4ssern dem Getr\u00e4nk eine subtile Tiefe verleiht. Genie\u00dfe ihn pur, auf Eis oder als raffinierten Bestandteil in Cocktails. Er passt wunderbar zu einem herzhaften K\u00e4sebrett oder zu einem St\u00fcck Apfelkuchen \u2013 ein Genuss, der deine Geschmacksknospen erfreuen wird!<\/p>\n","protected":false},"excerpt":{"rendered":"<p>Normandischer Calvados mit feinen Apfel- und Nussaromen, voll und elegant gereift im Eichenholzfass.<\/p>\n","protected":false},"featured_media":11247,"comment_status":"open","ping_status":"closed","template":"","meta":{"_acf_changed":false,"_et_pb_use_builder":"","_et_pb_old_content":"","_et_gb_content_width":"","inline_featured_image":false,"_price":"23.99","_stock":"-1","_tribe_ticket_header":"","_tribe_default_ticket_provider":"","_ticket_start_date":"","_ticket_end_date":"","_tribe_ticket_show_description":"","_tribe_ticket_show_not_going":false,"_tribe_ticket_use_global_stock":"","_tribe_ticket_global_stock_level":"","_global_stock_mode":"","_global_stock_cap":"","_tribe_rsvp_for_event":"","_tribe_ticket_going_count":"","_tribe_ticket_not_going_count":"","_tribe_tickets_list":"[]","_tribe_ticket_has_attendee_info_fields":false},"product_brand":[],"product_cat":[134],"product_tag":[],"class_list":{"0":"post-11246","1":"product","2":"type-product","3":"status-publish","4":"has-post-thumbnail","6":"product_cat-spirituosen","8":"first","9":"outofstock","10":"taxable","11":"shipping-taxable","12":"purchasable","13":"product-type-simple"},"acf":[],"_links":{"self":[{"href":"https:\/\/weinhundert.styleinc.eu\/da\/wp-json\/wp\/v2\/product\/11246","targetHints":{"allow":["GET"]}}],"collection":[{"href":"https:\/\/weinhundert.styleinc.eu\/da\/wp-json\/wp\/v2\/product"}],"about":[{"href":"https:\/\/weinhundert.styleinc.eu\/da\/wp-json\/wp\/v2\/types\/product"}],"replies":[{"embeddable":true,"href":"https:\/\/weinhundert.styleinc.eu\/da\/wp-json\/wp\/v2\/comments?post=11246"}],"wp:featuredmedia":[{"embeddable":true,"href":"https:\/\/weinhundert.styleinc.eu\/da\/wp-json\/wp\/v2\/media\/11247"}],"wp:attachment":[{"href":"https:\/\/weinhundert.styleinc.eu\/da\/wp-json\/wp\/v2\/media?parent=11246"}],"wp:term":[{"taxonomy":"product_brand","embeddable":true,"href":"https:\/\/weinhundert.styleinc.eu\/da\/wp-json\/wp\/v2\/product_brand?post=11246"},{"taxonomy":"product_cat","embeddable":true,"href":"https:\/\/weinhundert.styleinc.eu\/da\/wp-json\/wp\/v2\/product_cat?post=11246"},{"taxonomy":"product_tag","embeddable":true,"href":"https:\/\/weinhundert.styleinc.eu\/da\/wp-json\/wp\/v2\/product_tag?post=11246"}],"curies":[{"name":"wp","href":"https:\/\/api.w.org\/{rel}","templated":true}]}}