{"id":11222,"date":"2026-02-26T12:47:16","date_gmt":"2026-02-26T11:47:16","guid":{"rendered":"https:\/\/weinhundert.styleinc.eu\/?post_type=product&#038;p=11222"},"modified":"2026-03-10T21:25:47","modified_gmt":"2026-03-10T20:25:47","slug":"gerard-bertrand-merlot-reserve-speciale-2014-075-l","status":"publish","type":"product","link":"https:\/\/weinhundert.styleinc.eu\/da\/produkt\/gerard-bertrand-merlot-reserve-speciale-2014-075-l\/","title":{"rendered":"Gerard Bertrand Merlot Reserve Speciale 2014 0,75 l"},"content":{"rendered":"<p>Der Gerard Bertrand Merlot Reserve Speciale aus dem Jahr 2014 ist ein echter Genuss f\u00fcr alle Rotweinliebhaber. Mit seinem tiefen Rubinrot und dem verf\u00fchrerischen Duft nach reifen Kirschen und Pflaumen zieht er sofort in seinen Bann. Am Gaumen entfaltet sich eine angenehme Fruchtigkeit, begleitet von feinen Nuancen ger\u00f6steter Eiche und einem Hauch von Gew\u00fcrzen, die ihm einen besonderen Charakter verleihen. Dieser Wein stammt aus dem malerischen S\u00fcdwesten Frankreichs und spiegelt die Leidenschaft des Winzers wider. Er passt hervorragend zu herzhaften Fleischgerichten wie einer Lammkeule oder einem Rinderfilet, aber auch zu einer K\u00e4seauswahl kann er gl\u00e4nzen. G\u00f6nn dir diesen Wein und lass dich von seinem Charme verf\u00fchren!<\/p>\n","protected":false},"excerpt":{"rendered":"<p>Tiefes Rubinrot mit verf\u00fchrerischen Kirschen und Pflaumen. Feine Eiche und Gew\u00fcrze am Gaumen. S\u00fcdwestfrankreich pur.<\/p>\n","protected":false},"featured_media":11223,"comment_status":"open","ping_status":"closed","template":"","meta":{"_acf_changed":false,"_et_pb_use_builder":"","_et_pb_old_content":"","_et_gb_content_width":"","inline_featured_image":false,"_price":"4.99","_stock":"-1","_tribe_ticket_header":"","_tribe_default_ticket_provider":"","_ticket_start_date":"","_ticket_end_date":"","_tribe_ticket_show_description":"","_tribe_ticket_show_not_going":false,"_tribe_ticket_use_global_stock":"","_tribe_ticket_global_stock_level":"","_global_stock_mode":"","_global_stock_cap":"","_tribe_rsvp_for_event":"","_tribe_ticket_going_count":"","_tribe_ticket_not_going_count":"","_tribe_tickets_list":"[]","_tribe_ticket_has_attendee_info_fields":false},"product_brand":[],"product_cat":[119],"product_tag":[],"class_list":{"0":"post-11222","1":"product","2":"type-product","3":"status-publish","4":"has-post-thumbnail","6":"product_cat-rotwein","8":"first","9":"outofstock","10":"taxable","11":"shipping-taxable","12":"purchasable","13":"product-type-simple"},"acf":[],"_links":{"self":[{"href":"https:\/\/weinhundert.styleinc.eu\/da\/wp-json\/wp\/v2\/product\/11222","targetHints":{"allow":["GET"]}}],"collection":[{"href":"https:\/\/weinhundert.styleinc.eu\/da\/wp-json\/wp\/v2\/product"}],"about":[{"href":"https:\/\/weinhundert.styleinc.eu\/da\/wp-json\/wp\/v2\/types\/product"}],"replies":[{"embeddable":true,"href":"https:\/\/weinhundert.styleinc.eu\/da\/wp-json\/wp\/v2\/comments?post=11222"}],"wp:featuredmedia":[{"embeddable":true,"href":"https:\/\/weinhundert.styleinc.eu\/da\/wp-json\/wp\/v2\/media\/11223"}],"wp:attachment":[{"href":"https:\/\/weinhundert.styleinc.eu\/da\/wp-json\/wp\/v2\/media?parent=11222"}],"wp:term":[{"taxonomy":"product_brand","embeddable":true,"href":"https:\/\/weinhundert.styleinc.eu\/da\/wp-json\/wp\/v2\/product_brand?post=11222"},{"taxonomy":"product_cat","embeddable":true,"href":"https:\/\/weinhundert.styleinc.eu\/da\/wp-json\/wp\/v2\/product_cat?post=11222"},{"taxonomy":"product_tag","embeddable":true,"href":"https:\/\/weinhundert.styleinc.eu\/da\/wp-json\/wp\/v2\/product_tag?post=11222"}],"curies":[{"name":"wp","href":"https:\/\/api.w.org\/{rel}","templated":true}]}}