{"id":11177,"date":"2026-02-26T12:45:50","date_gmt":"2026-02-26T11:45:50","guid":{"rendered":"https:\/\/weinhundert.styleinc.eu\/?post_type=product&#038;p=11177"},"modified":"2026-03-10T21:25:20","modified_gmt":"2026-03-10T20:25:20","slug":"robert-mondavi-private-selection-cabernet-sauvigno-2014-075-l","status":"publish","type":"product","link":"https:\/\/weinhundert.styleinc.eu\/da\/produkt\/robert-mondavi-private-selection-cabernet-sauvigno-2014-075-l\/","title":{"rendered":"Robert Mondavi Private Selection Cabernet Sauvigno 2014 0,75 l"},"content":{"rendered":"<p>Der Robert Mondavi Private Selection Cabernet Sauvignon aus dem Jahr 2014 ist ein echter Genuss aus Kalifornien, der dir das Lebensgef\u00fchl der Westk\u00fcste direkt ins Glas bringt. Mit seinem vollen Aroma von reifen Beeren und einem Hauch von Eiche verf\u00fchrt er dich sofort. Die sanften Tannine machen jeden Schluck zu einem Erlebnis, das Lust auf mehr macht. Er passt wunderbar zu einem herzhaften Steak vom Grill oder zu einem klassischen Ratatouille \u2013 perfekt f\u00fcr gesellige Abende mit Freunden oder ein entspanntes Dinner zu zweit. Lass dich von diesem Wein begeistern und genie\u00dfe eine kleine Auszeit vom Alltag!<\/p>\n","protected":false},"excerpt":{"rendered":"<p>Kalifornischer Klassiker mit reifen Beeren und feinen Eichenoten \u2013 perfekt zu Steak und gemeinsamen Genussmomenten.<\/p>\n","protected":false},"featured_media":11178,"comment_status":"open","ping_status":"closed","template":"","meta":{"_acf_changed":false,"_et_pb_use_builder":"","_et_pb_old_content":"","_et_gb_content_width":"","inline_featured_image":false,"_price":"9.99","_stock":"-1","_tribe_ticket_header":"","_tribe_default_ticket_provider":"","_ticket_start_date":"","_ticket_end_date":"","_tribe_ticket_show_description":"","_tribe_ticket_show_not_going":false,"_tribe_ticket_use_global_stock":"","_tribe_ticket_global_stock_level":"","_global_stock_mode":"","_global_stock_cap":"","_tribe_rsvp_for_event":"","_tribe_ticket_going_count":"","_tribe_ticket_not_going_count":"","_tribe_tickets_list":"[]","_tribe_ticket_has_attendee_info_fields":false},"product_brand":[],"product_cat":[119],"product_tag":[],"class_list":{"0":"post-11177","1":"product","2":"type-product","3":"status-publish","4":"has-post-thumbnail","6":"product_cat-rotwein","8":"first","9":"outofstock","10":"taxable","11":"shipping-taxable","12":"purchasable","13":"product-type-simple"},"acf":[],"_links":{"self":[{"href":"https:\/\/weinhundert.styleinc.eu\/da\/wp-json\/wp\/v2\/product\/11177","targetHints":{"allow":["GET"]}}],"collection":[{"href":"https:\/\/weinhundert.styleinc.eu\/da\/wp-json\/wp\/v2\/product"}],"about":[{"href":"https:\/\/weinhundert.styleinc.eu\/da\/wp-json\/wp\/v2\/types\/product"}],"replies":[{"embeddable":true,"href":"https:\/\/weinhundert.styleinc.eu\/da\/wp-json\/wp\/v2\/comments?post=11177"}],"wp:featuredmedia":[{"embeddable":true,"href":"https:\/\/weinhundert.styleinc.eu\/da\/wp-json\/wp\/v2\/media\/11178"}],"wp:attachment":[{"href":"https:\/\/weinhundert.styleinc.eu\/da\/wp-json\/wp\/v2\/media?parent=11177"}],"wp:term":[{"taxonomy":"product_brand","embeddable":true,"href":"https:\/\/weinhundert.styleinc.eu\/da\/wp-json\/wp\/v2\/product_brand?post=11177"},{"taxonomy":"product_cat","embeddable":true,"href":"https:\/\/weinhundert.styleinc.eu\/da\/wp-json\/wp\/v2\/product_cat?post=11177"},{"taxonomy":"product_tag","embeddable":true,"href":"https:\/\/weinhundert.styleinc.eu\/da\/wp-json\/wp\/v2\/product_tag?post=11177"}],"curies":[{"name":"wp","href":"https:\/\/api.w.org\/{rel}","templated":true}]}}