{"id":11174,"date":"2026-02-26T12:45:45","date_gmt":"2026-02-26T11:45:45","guid":{"rendered":"https:\/\/weinhundert.styleinc.eu\/produkt\/marques-de-caceres-crianza-2014-075-l\/"},"modified":"2026-03-10T21:25:19","modified_gmt":"2026-03-10T20:25:19","slug":"marques-de-caceres-crianza-2014-075-l","status":"publish","type":"product","link":"https:\/\/weinhundert.styleinc.eu\/da\/produkt\/marques-de-caceres-crianza-2014-075-l\/","title":{"rendered":"Marqu\u00e9s de C\u00e1ceres Crianza 2014 0,75 l"},"content":{"rendered":"<p>Der Marqu\u00e9s de C\u00e1ceres Crianza 2014 ist ein echter Schatz aus der renommierten Rioja-Region in Spanien. Mit einem feinen Zusammenspiel von Tempranillo, Garnacha und Graciano bringt dieser Rotwein die Seele Spaniens in dein Glas. Du wirst von den fruchtigen Aromen reifer Kirschen und Pflaumen begeistert sein, die sich mit einem Hauch von Vanille und Gew\u00fcrzen verbinden. Dieser Wein hat Charakter und l\u00e4dt ein, die Momente des Lebens zu feiern. Perfekt zu einem saftigen Lammgericht oder einer herzhaften Paella, wird er sicher zum Star deines n\u00e4chsten Abendessens. G\u00f6nn dir diesen spanischen Genuss und lass dich von seiner F\u00fclle \u00fcberraschen!<\/p>\n","protected":false},"excerpt":{"rendered":"<p>Feines Temperament aus Rioja: Kirschen und Pflaumen mit Vanille, w\u00fcrzig und vollmundig \u2013 Spaniens Seele im Glas.<\/p>\n","protected":false},"featured_media":11175,"comment_status":"open","ping_status":"closed","template":"","meta":{"_acf_changed":false,"_et_pb_use_builder":"","_et_pb_old_content":"","_et_gb_content_width":"","inline_featured_image":false,"_price":"6.99","_stock":"60","_tribe_ticket_header":"","_tribe_default_ticket_provider":"","_ticket_start_date":"","_ticket_end_date":"","_tribe_ticket_show_description":"","_tribe_ticket_show_not_going":false,"_tribe_ticket_use_global_stock":"","_tribe_ticket_global_stock_level":"","_global_stock_mode":"","_global_stock_cap":"","_tribe_rsvp_for_event":"","_tribe_ticket_going_count":"","_tribe_ticket_not_going_count":"","_tribe_tickets_list":"[]","_tribe_ticket_has_attendee_info_fields":false},"product_brand":[],"product_cat":[119],"product_tag":[],"class_list":{"0":"post-11174","1":"product","2":"type-product","3":"status-publish","4":"has-post-thumbnail","6":"product_cat-rotwein","8":"first","9":"instock","10":"taxable","11":"shipping-taxable","12":"purchasable","13":"product-type-simple"},"acf":[],"_links":{"self":[{"href":"https:\/\/weinhundert.styleinc.eu\/da\/wp-json\/wp\/v2\/product\/11174","targetHints":{"allow":["GET"]}}],"collection":[{"href":"https:\/\/weinhundert.styleinc.eu\/da\/wp-json\/wp\/v2\/product"}],"about":[{"href":"https:\/\/weinhundert.styleinc.eu\/da\/wp-json\/wp\/v2\/types\/product"}],"replies":[{"embeddable":true,"href":"https:\/\/weinhundert.styleinc.eu\/da\/wp-json\/wp\/v2\/comments?post=11174"}],"wp:featuredmedia":[{"embeddable":true,"href":"https:\/\/weinhundert.styleinc.eu\/da\/wp-json\/wp\/v2\/media\/11175"}],"wp:attachment":[{"href":"https:\/\/weinhundert.styleinc.eu\/da\/wp-json\/wp\/v2\/media?parent=11174"}],"wp:term":[{"taxonomy":"product_brand","embeddable":true,"href":"https:\/\/weinhundert.styleinc.eu\/da\/wp-json\/wp\/v2\/product_brand?post=11174"},{"taxonomy":"product_cat","embeddable":true,"href":"https:\/\/weinhundert.styleinc.eu\/da\/wp-json\/wp\/v2\/product_cat?post=11174"},{"taxonomy":"product_tag","embeddable":true,"href":"https:\/\/weinhundert.styleinc.eu\/da\/wp-json\/wp\/v2\/product_tag?post=11174"}],"curies":[{"name":"wp","href":"https:\/\/api.w.org\/{rel}","templated":true}]}}