{"id":11153,"date":"2026-02-26T12:45:02","date_gmt":"2026-02-26T11:45:02","guid":{"rendered":"https:\/\/weinhundert.styleinc.eu\/?post_type=product&#038;p=11153"},"modified":"2026-03-10T21:25:11","modified_gmt":"2026-03-10T20:25:11","slug":"marques-de-riscal-reserva-2017-075-l","status":"publish","type":"product","link":"https:\/\/weinhundert.styleinc.eu\/da\/produkt\/marques-de-riscal-reserva-2017-075-l\/","title":{"rendered":"Marqu\u00e9s de Riscal Reserva 2017 0,75 l"},"content":{"rendered":"<p>Der Marqu\u00e9s de Riscal Reserva 2017 entf\u00fchrt dich auf eine geschmackliche Reise durch die malerische Rioja-Region Spaniens. Mit seiner kraftvollen Pr\u00e4senz und den Aromen von dunklen Beeren, feinen Gew\u00fcrzen und einem Hauch von Vanille aus dem Eichenfass, ist dieser Rotwein ein echter Genuss f\u00fcr jeden Weinliebhaber. Die Trauben Tempranillo, Graciano und Mazuelo bringen eine fruchtige Frische mit, die sich perfekt mit den sanften R\u00f6staromen verbindet. Ob zu einem saftigen Lammgericht oder einer herzhaften Ratatouille, dieser Wein wird dein Essen auf jeden Fall auf das n\u00e4chste Level heben. G\u00f6nn dir diesen Klassiker und genie\u00dfe die Zeit mit Freunden und gutem Essen!<\/p>\n","protected":false},"excerpt":{"rendered":"<p>Kraftvoller Rioja-Klassiker mit dunklen Beeren, feinen Gew\u00fcrzen und Vanille-Noten. Perfekt zu Lamm und kr\u00e4ftigen Speisen.<\/p>\n","protected":false},"featured_media":11154,"comment_status":"open","ping_status":"closed","template":"","meta":{"_acf_changed":false,"_et_pb_use_builder":"","_et_pb_old_content":"","_et_gb_content_width":"","inline_featured_image":false,"_price":"12.29","_stock":"-1","_tribe_ticket_header":"","_tribe_default_ticket_provider":"","_ticket_start_date":"","_ticket_end_date":"","_tribe_ticket_show_description":"","_tribe_ticket_show_not_going":false,"_tribe_ticket_use_global_stock":"","_tribe_ticket_global_stock_level":"","_global_stock_mode":"","_global_stock_cap":"","_tribe_rsvp_for_event":"","_tribe_ticket_going_count":"","_tribe_ticket_not_going_count":"","_tribe_tickets_list":"[]","_tribe_ticket_has_attendee_info_fields":false},"product_brand":[],"product_cat":[119],"product_tag":[],"class_list":{"0":"post-11153","1":"product","2":"type-product","3":"status-publish","4":"has-post-thumbnail","6":"product_cat-rotwein","8":"first","9":"outofstock","10":"taxable","11":"shipping-taxable","12":"purchasable","13":"product-type-simple"},"acf":[],"_links":{"self":[{"href":"https:\/\/weinhundert.styleinc.eu\/da\/wp-json\/wp\/v2\/product\/11153","targetHints":{"allow":["GET"]}}],"collection":[{"href":"https:\/\/weinhundert.styleinc.eu\/da\/wp-json\/wp\/v2\/product"}],"about":[{"href":"https:\/\/weinhundert.styleinc.eu\/da\/wp-json\/wp\/v2\/types\/product"}],"replies":[{"embeddable":true,"href":"https:\/\/weinhundert.styleinc.eu\/da\/wp-json\/wp\/v2\/comments?post=11153"}],"wp:featuredmedia":[{"embeddable":true,"href":"https:\/\/weinhundert.styleinc.eu\/da\/wp-json\/wp\/v2\/media\/11154"}],"wp:attachment":[{"href":"https:\/\/weinhundert.styleinc.eu\/da\/wp-json\/wp\/v2\/media?parent=11153"}],"wp:term":[{"taxonomy":"product_brand","embeddable":true,"href":"https:\/\/weinhundert.styleinc.eu\/da\/wp-json\/wp\/v2\/product_brand?post=11153"},{"taxonomy":"product_cat","embeddable":true,"href":"https:\/\/weinhundert.styleinc.eu\/da\/wp-json\/wp\/v2\/product_cat?post=11153"},{"taxonomy":"product_tag","embeddable":true,"href":"https:\/\/weinhundert.styleinc.eu\/da\/wp-json\/wp\/v2\/product_tag?post=11153"}],"curies":[{"name":"wp","href":"https:\/\/api.w.org\/{rel}","templated":true}]}}