{"id":11144,"date":"2026-02-26T12:44:45","date_gmt":"2026-02-26T11:44:45","guid":{"rendered":"https:\/\/weinhundert.styleinc.eu\/?post_type=product&#038;p=11144"},"modified":"2026-03-10T21:25:07","modified_gmt":"2026-03-10T20:25:07","slug":"montes-alpha-syrah-2015-075-l","status":"publish","type":"product","link":"https:\/\/weinhundert.styleinc.eu\/da\/produkt\/montes-alpha-syrah-2015-075-l\/","title":{"rendered":"Montes Alpha Syrah 2015 0,75 l"},"content":{"rendered":"<p>Der Montes Alpha Syrah 2015 ist ein echter Genuss aus Chile, der dir sofort ein L\u00e4cheln ins Gesicht zaubert. Mit seinen satten Aromen von dunklen Beeren, einem Hauch von Pfeffer und feinen R\u00f6staromen entfaltet dieser Rotwein seinen Charakter in jeder einzelnen Flasche. Der Alkoholgehalt von 14,5 % gibt ihm einen kraftvollen Ausdruck, der perfekt zu einem geselligen Abend mit Freunden passt. Genie\u00dfe ihn zu einem saftigen Lammgericht oder einer herzhaften Pasta mit w\u00fcrziger Tomatensauce und lass dich von seinem einzigartigen Geschmack verf\u00fchren. Hol dir ein St\u00fcck Chile direkt nach Hause!<\/p>\n","protected":false},"excerpt":{"rendered":"<p>Kraftvoller chilenischer Syrah mit dunklen Beeren, Pfeffer und R\u00f6staromen \u2013 perfekt zu Lamm und w\u00fcrzigen Pastakreationen.<\/p>\n","protected":false},"featured_media":11145,"comment_status":"open","ping_status":"closed","template":"","meta":{"_acf_changed":false,"_et_pb_use_builder":"","_et_pb_old_content":"","_et_gb_content_width":"","inline_featured_image":false,"_price":"9.99","_stock":"-1","_tribe_ticket_header":"","_tribe_default_ticket_provider":"","_ticket_start_date":"","_ticket_end_date":"","_tribe_ticket_show_description":"","_tribe_ticket_show_not_going":false,"_tribe_ticket_use_global_stock":"","_tribe_ticket_global_stock_level":"","_global_stock_mode":"","_global_stock_cap":"","_tribe_rsvp_for_event":"","_tribe_ticket_going_count":"","_tribe_ticket_not_going_count":"","_tribe_tickets_list":"[]","_tribe_ticket_has_attendee_info_fields":false},"product_brand":[],"product_cat":[119],"product_tag":[],"class_list":{"0":"post-11144","1":"product","2":"type-product","3":"status-publish","4":"has-post-thumbnail","6":"product_cat-rotwein","8":"first","9":"outofstock","10":"taxable","11":"shipping-taxable","12":"purchasable","13":"product-type-simple"},"acf":[],"_links":{"self":[{"href":"https:\/\/weinhundert.styleinc.eu\/da\/wp-json\/wp\/v2\/product\/11144","targetHints":{"allow":["GET"]}}],"collection":[{"href":"https:\/\/weinhundert.styleinc.eu\/da\/wp-json\/wp\/v2\/product"}],"about":[{"href":"https:\/\/weinhundert.styleinc.eu\/da\/wp-json\/wp\/v2\/types\/product"}],"replies":[{"embeddable":true,"href":"https:\/\/weinhundert.styleinc.eu\/da\/wp-json\/wp\/v2\/comments?post=11144"}],"wp:featuredmedia":[{"embeddable":true,"href":"https:\/\/weinhundert.styleinc.eu\/da\/wp-json\/wp\/v2\/media\/11145"}],"wp:attachment":[{"href":"https:\/\/weinhundert.styleinc.eu\/da\/wp-json\/wp\/v2\/media?parent=11144"}],"wp:term":[{"taxonomy":"product_brand","embeddable":true,"href":"https:\/\/weinhundert.styleinc.eu\/da\/wp-json\/wp\/v2\/product_brand?post=11144"},{"taxonomy":"product_cat","embeddable":true,"href":"https:\/\/weinhundert.styleinc.eu\/da\/wp-json\/wp\/v2\/product_cat?post=11144"},{"taxonomy":"product_tag","embeddable":true,"href":"https:\/\/weinhundert.styleinc.eu\/da\/wp-json\/wp\/v2\/product_tag?post=11144"}],"curies":[{"name":"wp","href":"https:\/\/api.w.org\/{rel}","templated":true}]}}