{"id":11141,"date":"2026-02-26T12:44:41","date_gmt":"2026-02-26T11:44:41","guid":{"rendered":"https:\/\/weinhundert.styleinc.eu\/?post_type=product&#038;p=11141"},"modified":"2026-03-10T21:25:07","modified_gmt":"2026-03-10T20:25:07","slug":"marques-de-caceres-rioja-rosado-2017-075-l","status":"publish","type":"product","link":"https:\/\/weinhundert.styleinc.eu\/da\/produkt\/marques-de-caceres-rioja-rosado-2017-075-l\/","title":{"rendered":"Marqu\u00e9s de C\u00e1ceres Rioja Rosado 2017 0,75 l"},"content":{"rendered":"<p>Der Marqu\u00e9s de C\u00e1ceres Rioja Rosado 2017 ist ein wahrer Genuss aus der ber\u00fchmten Rioja-Region in Spanien. Dieser Ros\u00e9wein, gekeltert aus der typischen Tempranillo-Traube, begeistert mit seinem fruchtigen Charakter, der an saftige Erdbeeren und reife Kirschen erinnert. Mit einem Alkoholgehalt von 13,5 % bringt er eine erfrischende Leichtigkeit mit, die perfekt f\u00fcr entspannte Sommerabende im Freien ist. Ob zu einem leicht marinierten Grillgem\u00fcse, einer Paella oder einfach nur als Begleiter zu einem geselligen Abend mit Freunden \u2013 dieser Ros\u00e9 sorgt f\u00fcr gute Laune und macht jede Gelegenheit zu etwas Besonderem. G\u00f6nn dir diesen Wein und genie\u00dfe die spanische Lebensfreude!<\/p>\n","protected":false},"excerpt":{"rendered":"<p>Fruchtiger Rioja-Ros\u00e9 mit Erdbeeren und Kirschen \u2013 perfekt f\u00fcr laue Sommerabende und gesellige Grillstunden.<\/p>\n","protected":false},"featured_media":11142,"comment_status":"open","ping_status":"closed","template":"","meta":{"_acf_changed":false,"_et_pb_use_builder":"","_et_pb_old_content":"","_et_gb_content_width":"","inline_featured_image":false,"_price":"3.99","_stock":"-1","_tribe_ticket_header":"","_tribe_default_ticket_provider":"","_ticket_start_date":"","_ticket_end_date":"","_tribe_ticket_show_description":"","_tribe_ticket_show_not_going":false,"_tribe_ticket_use_global_stock":"","_tribe_ticket_global_stock_level":"","_global_stock_mode":"","_global_stock_cap":"","_tribe_rsvp_for_event":"","_tribe_ticket_going_count":"","_tribe_ticket_not_going_count":"","_tribe_tickets_list":"[]","_tribe_ticket_has_attendee_info_fields":false},"product_brand":[],"product_cat":[135],"product_tag":[],"class_list":{"0":"post-11141","1":"product","2":"type-product","3":"status-publish","4":"has-post-thumbnail","6":"product_cat-rosewein","8":"first","9":"outofstock","10":"taxable","11":"shipping-taxable","12":"purchasable","13":"product-type-simple"},"acf":[],"_links":{"self":[{"href":"https:\/\/weinhundert.styleinc.eu\/da\/wp-json\/wp\/v2\/product\/11141","targetHints":{"allow":["GET"]}}],"collection":[{"href":"https:\/\/weinhundert.styleinc.eu\/da\/wp-json\/wp\/v2\/product"}],"about":[{"href":"https:\/\/weinhundert.styleinc.eu\/da\/wp-json\/wp\/v2\/types\/product"}],"replies":[{"embeddable":true,"href":"https:\/\/weinhundert.styleinc.eu\/da\/wp-json\/wp\/v2\/comments?post=11141"}],"wp:featuredmedia":[{"embeddable":true,"href":"https:\/\/weinhundert.styleinc.eu\/da\/wp-json\/wp\/v2\/media\/11142"}],"wp:attachment":[{"href":"https:\/\/weinhundert.styleinc.eu\/da\/wp-json\/wp\/v2\/media?parent=11141"}],"wp:term":[{"taxonomy":"product_brand","embeddable":true,"href":"https:\/\/weinhundert.styleinc.eu\/da\/wp-json\/wp\/v2\/product_brand?post=11141"},{"taxonomy":"product_cat","embeddable":true,"href":"https:\/\/weinhundert.styleinc.eu\/da\/wp-json\/wp\/v2\/product_cat?post=11141"},{"taxonomy":"product_tag","embeddable":true,"href":"https:\/\/weinhundert.styleinc.eu\/da\/wp-json\/wp\/v2\/product_tag?post=11141"}],"curies":[{"name":"wp","href":"https:\/\/api.w.org\/{rel}","templated":true}]}}