{"id":11108,"date":"2026-02-26T12:43:38","date_gmt":"2026-02-26T11:43:38","guid":{"rendered":"https:\/\/weinhundert.styleinc.eu\/?post_type=product&#038;p=11108"},"modified":"2026-03-10T21:24:54","modified_gmt":"2026-03-10T20:24:54","slug":"marques-de-caceres-gaudium-2011-075-l","status":"publish","type":"product","link":"https:\/\/weinhundert.styleinc.eu\/da\/produkt\/marques-de-caceres-gaudium-2011-075-l\/","title":{"rendered":"Marqu\u00e9s de C\u00e1ceres Gaudium 2011 0,75 l"},"content":{"rendered":"<p>Der Marqu\u00e9s de C\u00e1ceres Gaudium aus dem Jahr 2011 ist ein echter Genuss f\u00fcr jeden Rotweinliebhaber. Mit seiner tiefen, rubinroten Farbe und einem verf\u00fchrerischen Bouquet, das an reife Beeren und feine Gew\u00fcrze erinnert, zieht er sofort in seinen Bann. Die harmonische Verbindung der Rebsorten Tempranillo und Graciano verleiht ihm einen besonderen Charakter, der sich im Mund angenehm entfaltet. Der Wein hat einen kr\u00e4ftigen K\u00f6rper und \u00fcberrascht mit einer sch\u00f6nen Frische, die ihn lebendig macht. Ideal passt er zu herzhaften Gerichten wie einem saftigen Rindersteak oder einer w\u00fcrzigen Paella. Lass dich von diesem spanischen Schatz verzaubern!<\/p>\n","protected":false},"excerpt":{"rendered":"<p>Tiefe Rubinfarbe, Beeren- und Gew\u00fcrzaromen: Dieser spanische Rotwein begeistert mit harmonischer Eleganz und lebendiger Frische.<\/p>\n","protected":false},"featured_media":11109,"comment_status":"open","ping_status":"closed","template":"","meta":{"_acf_changed":false,"_et_pb_use_builder":"","_et_pb_old_content":"","_et_gb_content_width":"","inline_featured_image":false,"_price":"34.90","_stock":"-1","_tribe_ticket_header":"","_tribe_default_ticket_provider":"","_ticket_start_date":"","_ticket_end_date":"","_tribe_ticket_show_description":"","_tribe_ticket_show_not_going":false,"_tribe_ticket_use_global_stock":"","_tribe_ticket_global_stock_level":"","_global_stock_mode":"","_global_stock_cap":"","_tribe_rsvp_for_event":"","_tribe_ticket_going_count":"","_tribe_ticket_not_going_count":"","_tribe_tickets_list":"[]","_tribe_ticket_has_attendee_info_fields":false},"product_brand":[],"product_cat":[119],"product_tag":[],"class_list":{"0":"post-11108","1":"product","2":"type-product","3":"status-publish","4":"has-post-thumbnail","6":"product_cat-rotwein","8":"first","9":"outofstock","10":"taxable","11":"shipping-taxable","12":"purchasable","13":"product-type-simple"},"acf":[],"_links":{"self":[{"href":"https:\/\/weinhundert.styleinc.eu\/da\/wp-json\/wp\/v2\/product\/11108","targetHints":{"allow":["GET"]}}],"collection":[{"href":"https:\/\/weinhundert.styleinc.eu\/da\/wp-json\/wp\/v2\/product"}],"about":[{"href":"https:\/\/weinhundert.styleinc.eu\/da\/wp-json\/wp\/v2\/types\/product"}],"replies":[{"embeddable":true,"href":"https:\/\/weinhundert.styleinc.eu\/da\/wp-json\/wp\/v2\/comments?post=11108"}],"wp:featuredmedia":[{"embeddable":true,"href":"https:\/\/weinhundert.styleinc.eu\/da\/wp-json\/wp\/v2\/media\/11109"}],"wp:attachment":[{"href":"https:\/\/weinhundert.styleinc.eu\/da\/wp-json\/wp\/v2\/media?parent=11108"}],"wp:term":[{"taxonomy":"product_brand","embeddable":true,"href":"https:\/\/weinhundert.styleinc.eu\/da\/wp-json\/wp\/v2\/product_brand?post=11108"},{"taxonomy":"product_cat","embeddable":true,"href":"https:\/\/weinhundert.styleinc.eu\/da\/wp-json\/wp\/v2\/product_cat?post=11108"},{"taxonomy":"product_tag","embeddable":true,"href":"https:\/\/weinhundert.styleinc.eu\/da\/wp-json\/wp\/v2\/product_tag?post=11108"}],"curies":[{"name":"wp","href":"https:\/\/api.w.org\/{rel}","templated":true}]}}