{"id":11081,"date":"2026-02-26T12:42:49","date_gmt":"2026-02-26T11:42:49","guid":{"rendered":"https:\/\/weinhundert.styleinc.eu\/?post_type=product&#038;p=11081"},"modified":"2026-03-10T21:24:30","modified_gmt":"2026-03-10T20:24:30","slug":"buitenvervachting-merlot-2009-075-l","status":"publish","type":"product","link":"https:\/\/weinhundert.styleinc.eu\/da\/produkt\/buitenvervachting-merlot-2009-075-l\/","title":{"rendered":"Buitenvervachting Merlot 2009 0,75 l"},"content":{"rendered":"<p>Der Buitenverwachting Merlot aus dem Jahr 2009 ist ein echter Genuss aus der malerischen Region Constantia in S\u00fcdafrika. Mit seinem fruchtigen Charakter und den feinen Aromen von reifen Beeren und einem Hauch von Gew\u00fcrzen, l\u00e4dt er dich zu einem entspannten Abend ein. Die 14 % Alkoholgehalt geben ihm eine angenehme F\u00fclle, die perfekt mit einer herzhaften Pasta oder einem saftigen Steak harmoniert. Lass dich von diesem Wein verf\u00fchren und genie\u00dfe die s\u00fcdafrikanische Lebensfreude in deinem Glas \u2013 ein wunderbarer Begleiter f\u00fcr gesellige Runden oder einfach zum Entspannen nach einem langen Tag.<\/p>\n","protected":false},"excerpt":{"rendered":"<p>S\u00fcdafrikanischer Merlot mit fruchtigen Beeren und feinen Gew\u00fcrzen \u2013 die perfekte Harmonie zu Pasta und Steak.<\/p>\n","protected":false},"featured_media":11082,"comment_status":"open","ping_status":"closed","template":"","meta":{"_acf_changed":false,"_et_pb_use_builder":"","_et_pb_old_content":"","_et_gb_content_width":"","inline_featured_image":false,"_price":"9.99","_stock":"-1","_tribe_ticket_header":"","_tribe_default_ticket_provider":"","_ticket_start_date":"","_ticket_end_date":"","_tribe_ticket_show_description":"","_tribe_ticket_show_not_going":false,"_tribe_ticket_use_global_stock":"","_tribe_ticket_global_stock_level":"","_global_stock_mode":"","_global_stock_cap":"","_tribe_rsvp_for_event":"","_tribe_ticket_going_count":"","_tribe_ticket_not_going_count":"","_tribe_tickets_list":"[]","_tribe_ticket_has_attendee_info_fields":false},"product_brand":[],"product_cat":[119],"product_tag":[],"class_list":{"0":"post-11081","1":"product","2":"type-product","3":"status-publish","4":"has-post-thumbnail","6":"product_cat-rotwein","8":"first","9":"outofstock","10":"taxable","11":"shipping-taxable","12":"purchasable","13":"product-type-simple"},"acf":[],"_links":{"self":[{"href":"https:\/\/weinhundert.styleinc.eu\/da\/wp-json\/wp\/v2\/product\/11081","targetHints":{"allow":["GET"]}}],"collection":[{"href":"https:\/\/weinhundert.styleinc.eu\/da\/wp-json\/wp\/v2\/product"}],"about":[{"href":"https:\/\/weinhundert.styleinc.eu\/da\/wp-json\/wp\/v2\/types\/product"}],"replies":[{"embeddable":true,"href":"https:\/\/weinhundert.styleinc.eu\/da\/wp-json\/wp\/v2\/comments?post=11081"}],"wp:featuredmedia":[{"embeddable":true,"href":"https:\/\/weinhundert.styleinc.eu\/da\/wp-json\/wp\/v2\/media\/11082"}],"wp:attachment":[{"href":"https:\/\/weinhundert.styleinc.eu\/da\/wp-json\/wp\/v2\/media?parent=11081"}],"wp:term":[{"taxonomy":"product_brand","embeddable":true,"href":"https:\/\/weinhundert.styleinc.eu\/da\/wp-json\/wp\/v2\/product_brand?post=11081"},{"taxonomy":"product_cat","embeddable":true,"href":"https:\/\/weinhundert.styleinc.eu\/da\/wp-json\/wp\/v2\/product_cat?post=11081"},{"taxonomy":"product_tag","embeddable":true,"href":"https:\/\/weinhundert.styleinc.eu\/da\/wp-json\/wp\/v2\/product_tag?post=11081"}],"curies":[{"name":"wp","href":"https:\/\/api.w.org\/{rel}","templated":true}]}}