{"id":11072,"date":"2026-02-26T12:42:31","date_gmt":"2026-02-26T11:42:31","guid":{"rendered":"https:\/\/weinhundert.styleinc.eu\/produkt\/chateau-peyre-lebade-2011-075-l\/"},"modified":"2026-03-10T21:24:20","modified_gmt":"2026-03-10T20:24:20","slug":"chateau-peyre-lebade-2011-075-l","status":"publish","type":"product","link":"https:\/\/weinhundert.styleinc.eu\/da\/produkt\/chateau-peyre-lebade-2011-075-l\/","title":{"rendered":"Ch\u00e2teau Peyre Lebade 2011 0,75 l"},"content":{"rendered":"<p>Der Ch\u00e2teau Peyre Lebade aus dem Jahr 2011 entf\u00fchrt dich auf eine genussvolle Reise in die malerische Region Bordeaux. Mit einer verf\u00fchrerischen Kombination aus Cabernet Sauvignon und Merlot bringt dieser Rotwein die typischen Aromen von reifen roten Fr\u00fcchten und feinen Kr\u00e4utern zum Vorschein. Du wirst die angenehme Frische und die subtile Tiefe dieses Weins lieben, die ihn zu einem perfekten Begleiter f\u00fcr gesellige Abende macht. Genie\u00dfe ihn zu einem saftigen Rindersteak oder einer herzhaften Ratatouille, und lass dich von seinen charismatischen Noten \u00fcberraschen. Ein Wein, der dich einl\u00e4dt, ihn zu entdecken und zu genie\u00dfen!<\/p>\n","protected":false},"excerpt":{"rendered":"<p>Klassischer Bordeaux mit Cabernet und Merlot: reife rote Fr\u00fcchte, feine Kr\u00e4uter und subtile Tiefe f\u00fcr unvergessliche Abende.<\/p>\n","protected":false},"featured_media":11073,"comment_status":"open","ping_status":"closed","template":"","meta":{"_acf_changed":false,"_et_pb_use_builder":"","_et_pb_old_content":"","_et_gb_content_width":"","inline_featured_image":false,"_price":"17.99","_stock":"12","_tribe_ticket_header":"","_tribe_default_ticket_provider":"","_ticket_start_date":"","_ticket_end_date":"","_tribe_ticket_show_description":"","_tribe_ticket_show_not_going":false,"_tribe_ticket_use_global_stock":"","_tribe_ticket_global_stock_level":"","_global_stock_mode":"","_global_stock_cap":"","_tribe_rsvp_for_event":"","_tribe_ticket_going_count":"","_tribe_ticket_not_going_count":"","_tribe_tickets_list":"[]","_tribe_ticket_has_attendee_info_fields":false},"product_brand":[],"product_cat":[119],"product_tag":[],"class_list":{"0":"post-11072","1":"product","2":"type-product","3":"status-publish","4":"has-post-thumbnail","6":"product_cat-rotwein","8":"first","9":"instock","10":"taxable","11":"shipping-taxable","12":"purchasable","13":"product-type-simple"},"acf":[],"_links":{"self":[{"href":"https:\/\/weinhundert.styleinc.eu\/da\/wp-json\/wp\/v2\/product\/11072","targetHints":{"allow":["GET"]}}],"collection":[{"href":"https:\/\/weinhundert.styleinc.eu\/da\/wp-json\/wp\/v2\/product"}],"about":[{"href":"https:\/\/weinhundert.styleinc.eu\/da\/wp-json\/wp\/v2\/types\/product"}],"replies":[{"embeddable":true,"href":"https:\/\/weinhundert.styleinc.eu\/da\/wp-json\/wp\/v2\/comments?post=11072"}],"wp:featuredmedia":[{"embeddable":true,"href":"https:\/\/weinhundert.styleinc.eu\/da\/wp-json\/wp\/v2\/media\/11073"}],"wp:attachment":[{"href":"https:\/\/weinhundert.styleinc.eu\/da\/wp-json\/wp\/v2\/media?parent=11072"}],"wp:term":[{"taxonomy":"product_brand","embeddable":true,"href":"https:\/\/weinhundert.styleinc.eu\/da\/wp-json\/wp\/v2\/product_brand?post=11072"},{"taxonomy":"product_cat","embeddable":true,"href":"https:\/\/weinhundert.styleinc.eu\/da\/wp-json\/wp\/v2\/product_cat?post=11072"},{"taxonomy":"product_tag","embeddable":true,"href":"https:\/\/weinhundert.styleinc.eu\/da\/wp-json\/wp\/v2\/product_tag?post=11072"}],"curies":[{"name":"wp","href":"https:\/\/api.w.org\/{rel}","templated":true}]}}