{"id":11069,"date":"2026-02-26T12:42:26","date_gmt":"2026-02-26T11:42:26","guid":{"rendered":"https:\/\/weinhundert.styleinc.eu\/?post_type=product&#038;p=11069"},"modified":"2026-03-10T21:24:18","modified_gmt":"2026-03-10T20:24:18","slug":"castel-firmian-sauvignon-blanc-2013-075-l","status":"publish","type":"product","link":"https:\/\/weinhundert.styleinc.eu\/da\/produkt\/castel-firmian-sauvignon-blanc-2013-075-l\/","title":{"rendered":"Castel Firmian Sauvignon Blanc 2013 0,75 l"},"content":{"rendered":"<p>Der Castel Firmian Sauvignon Blanc aus dem Jahrgang 2013 ist ein wahrer Genuss aus dem malerischen Trentino in Italien. Mit seinem frischen, fruchtigen Charakter bringt er die Aromen von saftigem gr\u00fcnen Apfel und spritziger Zitrusfrucht direkt ins Glas. Ein Hauch von kr\u00e4utriger Note rundet das Geschmackserlebnis ab und macht ihn zu einem perfekten Begleiter f\u00fcr gesellige Abende. Genie\u00dfe ihn gut gek\u00fchlt zu leichten Gerichten wie einem knackigen Salat mit Ziegenk\u00e4se oder einer Pasta mit frischem Gem\u00fcse. Dieser Wein l\u00e4dt ein, neue Geschm\u00e4cker zu entdecken und die italienische Lebensfreude zu feiern!<\/p>\n","protected":false},"excerpt":{"rendered":"<p>Frischer Sauvignon Blanc aus Trentino mit gr\u00fcnem Apfel und Zitrus \u2013 perfekt zu leichten Sommergerichten und geselligen Stunden.<\/p>\n","protected":false},"featured_media":11070,"comment_status":"open","ping_status":"closed","template":"","meta":{"_acf_changed":false,"_et_pb_use_builder":"","_et_pb_old_content":"","_et_gb_content_width":"","inline_featured_image":false,"_price":"3.99","_stock":"-1","_tribe_ticket_header":"","_tribe_default_ticket_provider":"","_ticket_start_date":"","_ticket_end_date":"","_tribe_ticket_show_description":"","_tribe_ticket_show_not_going":false,"_tribe_ticket_use_global_stock":"","_tribe_ticket_global_stock_level":"","_global_stock_mode":"","_global_stock_cap":"","_tribe_rsvp_for_event":"","_tribe_ticket_going_count":"","_tribe_ticket_not_going_count":"","_tribe_tickets_list":"[]","_tribe_ticket_has_attendee_info_fields":false},"product_brand":[],"product_cat":[120],"product_tag":[],"class_list":{"0":"post-11069","1":"product","2":"type-product","3":"status-publish","4":"has-post-thumbnail","6":"product_cat-weisswein","8":"first","9":"outofstock","10":"taxable","11":"shipping-taxable","12":"purchasable","13":"product-type-simple"},"acf":[],"_links":{"self":[{"href":"https:\/\/weinhundert.styleinc.eu\/da\/wp-json\/wp\/v2\/product\/11069","targetHints":{"allow":["GET"]}}],"collection":[{"href":"https:\/\/weinhundert.styleinc.eu\/da\/wp-json\/wp\/v2\/product"}],"about":[{"href":"https:\/\/weinhundert.styleinc.eu\/da\/wp-json\/wp\/v2\/types\/product"}],"replies":[{"embeddable":true,"href":"https:\/\/weinhundert.styleinc.eu\/da\/wp-json\/wp\/v2\/comments?post=11069"}],"wp:featuredmedia":[{"embeddable":true,"href":"https:\/\/weinhundert.styleinc.eu\/da\/wp-json\/wp\/v2\/media\/11070"}],"wp:attachment":[{"href":"https:\/\/weinhundert.styleinc.eu\/da\/wp-json\/wp\/v2\/media?parent=11069"}],"wp:term":[{"taxonomy":"product_brand","embeddable":true,"href":"https:\/\/weinhundert.styleinc.eu\/da\/wp-json\/wp\/v2\/product_brand?post=11069"},{"taxonomy":"product_cat","embeddable":true,"href":"https:\/\/weinhundert.styleinc.eu\/da\/wp-json\/wp\/v2\/product_cat?post=11069"},{"taxonomy":"product_tag","embeddable":true,"href":"https:\/\/weinhundert.styleinc.eu\/da\/wp-json\/wp\/v2\/product_tag?post=11069"}],"curies":[{"name":"wp","href":"https:\/\/api.w.org\/{rel}","templated":true}]}}