{"id":11036,"date":"2026-02-26T06:21:56","date_gmt":"2026-02-26T05:21:56","guid":{"rendered":"https:\/\/weinhundert.styleinc.eu\/?post_type=product&#038;p=11036"},"modified":"2026-03-10T21:23:57","modified_gmt":"2026-03-10T20:23:57","slug":"feudo-arancio-grillo-2014-075-l","status":"publish","type":"product","link":"https:\/\/weinhundert.styleinc.eu\/da\/produkt\/feudo-arancio-grillo-2014-075-l\/","title":{"rendered":"Feudo Arancio Grillo 2014 0,75 l"},"content":{"rendered":"<p>Der Feudo Arancio Grillo aus dem Jahr 2014 entf\u00fchrt dich auf eine Reise nach Sizilien, wo die Sonne und der Duft des Meeres in jeder Flasche stecken. Mit seinem frischen und fruchtigen Charakter verf\u00fchrt dieser Wei\u00dfwein mit Aromen von Zitrusfr\u00fcchten und einem Hauch von tropischer Ananas, die wunderbar lebendig und einladend sind. Dein Gaumen wird von seiner spritzigen Art begeistert sein, die perfekt zu einem sommerlichen Abend auf der Terrasse passt. Probiere ihn zu gegrilltem Fisch oder einer leichten Pasta mit Zitronensauce \u2013 ein Genuss, der das mediterrane Lebensgef\u00fchl direkt zu dir nach Hause bringt! Lass dich von diesem sizilianischen Schatz \u00fcberraschen und genie\u00dfe jeden Schluck!<\/p>\n","protected":false},"excerpt":{"rendered":"<p>Sizilianische Sonne im Glas: frischer Grillo mit Zitrus und tropischen Noten \u2013 perfekt f\u00fcr warme Sommertage.<\/p>\n","protected":false},"featured_media":11037,"comment_status":"open","ping_status":"closed","template":"","meta":{"_acf_changed":false,"_et_pb_use_builder":"","_et_pb_old_content":"","_et_gb_content_width":"","inline_featured_image":false,"_price":"3.99","_stock":"-1","_tribe_ticket_header":"","_tribe_default_ticket_provider":"","_ticket_start_date":"","_ticket_end_date":"","_tribe_ticket_show_description":"","_tribe_ticket_show_not_going":false,"_tribe_ticket_use_global_stock":"","_tribe_ticket_global_stock_level":"","_global_stock_mode":"","_global_stock_cap":"","_tribe_rsvp_for_event":"","_tribe_ticket_going_count":"","_tribe_ticket_not_going_count":"","_tribe_tickets_list":"[]","_tribe_ticket_has_attendee_info_fields":false},"product_brand":[],"product_cat":[120],"product_tag":[],"class_list":{"0":"post-11036","1":"product","2":"type-product","3":"status-publish","4":"has-post-thumbnail","6":"product_cat-weisswein","8":"first","9":"outofstock","10":"taxable","11":"shipping-taxable","12":"purchasable","13":"product-type-simple"},"acf":[],"_links":{"self":[{"href":"https:\/\/weinhundert.styleinc.eu\/da\/wp-json\/wp\/v2\/product\/11036","targetHints":{"allow":["GET"]}}],"collection":[{"href":"https:\/\/weinhundert.styleinc.eu\/da\/wp-json\/wp\/v2\/product"}],"about":[{"href":"https:\/\/weinhundert.styleinc.eu\/da\/wp-json\/wp\/v2\/types\/product"}],"replies":[{"embeddable":true,"href":"https:\/\/weinhundert.styleinc.eu\/da\/wp-json\/wp\/v2\/comments?post=11036"}],"wp:featuredmedia":[{"embeddable":true,"href":"https:\/\/weinhundert.styleinc.eu\/da\/wp-json\/wp\/v2\/media\/11037"}],"wp:attachment":[{"href":"https:\/\/weinhundert.styleinc.eu\/da\/wp-json\/wp\/v2\/media?parent=11036"}],"wp:term":[{"taxonomy":"product_brand","embeddable":true,"href":"https:\/\/weinhundert.styleinc.eu\/da\/wp-json\/wp\/v2\/product_brand?post=11036"},{"taxonomy":"product_cat","embeddable":true,"href":"https:\/\/weinhundert.styleinc.eu\/da\/wp-json\/wp\/v2\/product_cat?post=11036"},{"taxonomy":"product_tag","embeddable":true,"href":"https:\/\/weinhundert.styleinc.eu\/da\/wp-json\/wp\/v2\/product_tag?post=11036"}],"curies":[{"name":"wp","href":"https:\/\/api.w.org\/{rel}","templated":true}]}}