{"id":11033,"date":"2026-02-26T06:21:54","date_gmt":"2026-02-26T05:21:54","guid":{"rendered":"https:\/\/weinhundert.styleinc.eu\/produkt\/castel-firmian-pinot-grigio-2014-075-l\/"},"modified":"2026-03-10T21:23:55","modified_gmt":"2026-03-10T20:23:55","slug":"castel-firmian-pinot-grigio-2014-075-l","status":"publish","type":"product","link":"https:\/\/weinhundert.styleinc.eu\/da\/produkt\/castel-firmian-pinot-grigio-2014-075-l\/","title":{"rendered":"Castel Firmian Pinot Grigio 2014 0,75 l"},"content":{"rendered":"<p>Der Castel Firmian Pinot Grigio aus dem Jahr 2014 bringt das Lebensgef\u00fchl Italiens direkt in dein Glas. Mit seinem frischen, fruchtigen Charakter l\u00e4dt er dazu ein, die Seele baumeln zu lassen und den Moment zu genie\u00dfen. Die feinen Aromen von gr\u00fcnen \u00c4pfeln und Birnen werden von einem Hauch von Zitrusfr\u00fcchten begleitet, was ihn zu einem perfekten Begleiter f\u00fcr laue Sommerabende macht. Ob zu einer leichten Pasta mit Pesto oder einem knackigen Salat \u2013 dieser Wei\u00dfwein sorgt f\u00fcr das richtige Flair und l\u00e4sst jedes Gericht strahlen. Lass dich von der italienischen Sonne inspirieren und genie\u00dfe diesen feinen Tropfen.<\/p>\n","protected":false},"excerpt":{"rendered":"<p>Italienisches Lebensgef\u00fchl im Glas: frischer Pinot Grigio mit Noten von gr\u00fcnen \u00c4pfeln und Zitrus \u2013 perfekt f\u00fcr laue Sommerabende.<\/p>\n","protected":false},"featured_media":11034,"comment_status":"open","ping_status":"closed","template":"","meta":{"_acf_changed":false,"_et_pb_use_builder":"","_et_pb_old_content":"","_et_gb_content_width":"","inline_featured_image":false,"_price":"3.99","_stock":"27","_tribe_ticket_header":"","_tribe_default_ticket_provider":"","_ticket_start_date":"","_ticket_end_date":"","_tribe_ticket_show_description":"","_tribe_ticket_show_not_going":false,"_tribe_ticket_use_global_stock":"","_tribe_ticket_global_stock_level":"","_global_stock_mode":"","_global_stock_cap":"","_tribe_rsvp_for_event":"","_tribe_ticket_going_count":"","_tribe_ticket_not_going_count":"","_tribe_tickets_list":"[]","_tribe_ticket_has_attendee_info_fields":false},"product_brand":[],"product_cat":[120],"product_tag":[],"class_list":{"0":"post-11033","1":"product","2":"type-product","3":"status-publish","4":"has-post-thumbnail","6":"product_cat-weisswein","8":"first","9":"instock","10":"taxable","11":"shipping-taxable","12":"purchasable","13":"product-type-simple"},"acf":[],"_links":{"self":[{"href":"https:\/\/weinhundert.styleinc.eu\/da\/wp-json\/wp\/v2\/product\/11033","targetHints":{"allow":["GET"]}}],"collection":[{"href":"https:\/\/weinhundert.styleinc.eu\/da\/wp-json\/wp\/v2\/product"}],"about":[{"href":"https:\/\/weinhundert.styleinc.eu\/da\/wp-json\/wp\/v2\/types\/product"}],"replies":[{"embeddable":true,"href":"https:\/\/weinhundert.styleinc.eu\/da\/wp-json\/wp\/v2\/comments?post=11033"}],"wp:featuredmedia":[{"embeddable":true,"href":"https:\/\/weinhundert.styleinc.eu\/da\/wp-json\/wp\/v2\/media\/11034"}],"wp:attachment":[{"href":"https:\/\/weinhundert.styleinc.eu\/da\/wp-json\/wp\/v2\/media?parent=11033"}],"wp:term":[{"taxonomy":"product_brand","embeddable":true,"href":"https:\/\/weinhundert.styleinc.eu\/da\/wp-json\/wp\/v2\/product_brand?post=11033"},{"taxonomy":"product_cat","embeddable":true,"href":"https:\/\/weinhundert.styleinc.eu\/da\/wp-json\/wp\/v2\/product_cat?post=11033"},{"taxonomy":"product_tag","embeddable":true,"href":"https:\/\/weinhundert.styleinc.eu\/da\/wp-json\/wp\/v2\/product_tag?post=11033"}],"curies":[{"name":"wp","href":"https:\/\/api.w.org\/{rel}","templated":true}]}}