{"id":11030,"date":"2026-02-26T06:21:52","date_gmt":"2026-02-26T05:21:52","guid":{"rendered":"https:\/\/weinhundert.styleinc.eu\/produkt\/castel-firmian-lagrein-2013-075-l\/"},"modified":"2026-03-10T21:23:55","modified_gmt":"2026-03-10T20:23:55","slug":"castel-firmian-lagrein-2013-075-l","status":"publish","type":"product","link":"https:\/\/weinhundert.styleinc.eu\/da\/produkt\/castel-firmian-lagrein-2013-075-l\/","title":{"rendered":"Castel Firmian Lagrein 2013 0,75 l"},"content":{"rendered":"<p>Der Castel Firmian Lagrein aus dem Jahr 2013 ist ein echter Geheimtipp aus der malerischen Region Trentino in Italien. Dieser Rotwein pr\u00e4sentiert sich mit einer tiefen, rubinroten Farbe und verf\u00fchrt dich mit Aromen von reifen Kirschen, feinen Gew\u00fcrzen und einem Hauch von Schokolade. Er hat eine angenehme F\u00fclle, die beim Trinken f\u00fcr ein echtes Geschmackserlebnis sorgt. Lass dich von der italienischen Lebensfreude anstecken und genie\u00dfe ihn am besten zu herzhaften Gerichten wie Rindersteak oder einer w\u00fcrzigen Lasagne. Ein Glas Lagrein ist der perfekte Begleiter f\u00fcr gesellige Abende mit Freunden oder einfach zum Entspannen nach einem langen Tag.<\/p>\n","protected":false},"excerpt":{"rendered":"<p>Tiefer Lagrein mit reifen Kirschen, feinen Gew\u00fcrzen und Schokolade \u2013 italienischer Klassiker zum Geniessen.<\/p>\n","protected":false},"featured_media":11031,"comment_status":"open","ping_status":"closed","template":"","meta":{"_acf_changed":false,"_et_pb_use_builder":"","_et_pb_old_content":"","_et_gb_content_width":"","inline_featured_image":false,"_price":"3.99","_stock":"5","_tribe_ticket_header":"","_tribe_default_ticket_provider":"","_ticket_start_date":"","_ticket_end_date":"","_tribe_ticket_show_description":"","_tribe_ticket_show_not_going":false,"_tribe_ticket_use_global_stock":"","_tribe_ticket_global_stock_level":"","_global_stock_mode":"","_global_stock_cap":"","_tribe_rsvp_for_event":"","_tribe_ticket_going_count":"","_tribe_ticket_not_going_count":"","_tribe_tickets_list":"[]","_tribe_ticket_has_attendee_info_fields":false},"product_brand":[],"product_cat":[119],"product_tag":[],"class_list":{"0":"post-11030","1":"product","2":"type-product","3":"status-publish","4":"has-post-thumbnail","6":"product_cat-rotwein","8":"first","9":"instock","10":"taxable","11":"shipping-taxable","12":"purchasable","13":"product-type-simple"},"acf":[],"_links":{"self":[{"href":"https:\/\/weinhundert.styleinc.eu\/da\/wp-json\/wp\/v2\/product\/11030","targetHints":{"allow":["GET"]}}],"collection":[{"href":"https:\/\/weinhundert.styleinc.eu\/da\/wp-json\/wp\/v2\/product"}],"about":[{"href":"https:\/\/weinhundert.styleinc.eu\/da\/wp-json\/wp\/v2\/types\/product"}],"replies":[{"embeddable":true,"href":"https:\/\/weinhundert.styleinc.eu\/da\/wp-json\/wp\/v2\/comments?post=11030"}],"wp:featuredmedia":[{"embeddable":true,"href":"https:\/\/weinhundert.styleinc.eu\/da\/wp-json\/wp\/v2\/media\/11031"}],"wp:attachment":[{"href":"https:\/\/weinhundert.styleinc.eu\/da\/wp-json\/wp\/v2\/media?parent=11030"}],"wp:term":[{"taxonomy":"product_brand","embeddable":true,"href":"https:\/\/weinhundert.styleinc.eu\/da\/wp-json\/wp\/v2\/product_brand?post=11030"},{"taxonomy":"product_cat","embeddable":true,"href":"https:\/\/weinhundert.styleinc.eu\/da\/wp-json\/wp\/v2\/product_cat?post=11030"},{"taxonomy":"product_tag","embeddable":true,"href":"https:\/\/weinhundert.styleinc.eu\/da\/wp-json\/wp\/v2\/product_tag?post=11030"}],"curies":[{"name":"wp","href":"https:\/\/api.w.org\/{rel}","templated":true}]}}