{"id":11021,"date":"2026-02-26T06:21:45","date_gmt":"2026-02-26T05:21:45","guid":{"rendered":"https:\/\/weinhundert.styleinc.eu\/produkt\/castel-firmian-cabernet-sauvignon-2012-075-l\/"},"modified":"2026-03-10T21:23:53","modified_gmt":"2026-03-10T20:23:53","slug":"castel-firmian-cabernet-sauvignon-2012-075-l","status":"publish","type":"product","link":"https:\/\/weinhundert.styleinc.eu\/da\/produkt\/castel-firmian-cabernet-sauvignon-2012-075-l\/","title":{"rendered":"Castel Firmian Cabernet Sauvignon 2012 0,75 l"},"content":{"rendered":"<p>Der Castel Firmian Cabernet Sauvignon aus dem Jahrgang 2012 ist ein echter Genuss f\u00fcr alle Rotweinliebhaber. Aus der malerischen Region Trentino in Italien stammend, bringt dieser Wein die Sonne und das Terroir des Landes direkt ins Glas. Mit seinen fruchtigen Aromen von reifen Beeren und einer feinen W\u00fcrze ist er der perfekte Begleiter f\u00fcr gesellige Abende. Du wirst die tiefgr\u00fcndige Note und das angenehme Mundgef\u00fchl lieben, das einen bleibenden Eindruck hinterl\u00e4sst. Genie\u00dfe ihn am besten zu einem saftigen Rindersteak oder einer herzhaften Pasta mit Fleischsauce \u2013 das wird ein Fest f\u00fcr die Sinne!<\/p>\n","protected":false},"excerpt":{"rendered":"<p>Eleganter Cabernet Sauvignon aus Trentino mit reifen Beerenfr\u00fcchten und feiner W\u00fcrze \u2013 perfekt zu Fleischgerichten.<\/p>\n","protected":false},"featured_media":11022,"comment_status":"open","ping_status":"closed","template":"","meta":{"_acf_changed":false,"_et_pb_use_builder":"","_et_pb_old_content":"","_et_gb_content_width":"","inline_featured_image":false,"_price":"3.99","_stock":"1","_tribe_ticket_header":"","_tribe_default_ticket_provider":"","_ticket_start_date":"","_ticket_end_date":"","_tribe_ticket_show_description":"","_tribe_ticket_show_not_going":false,"_tribe_ticket_use_global_stock":"","_tribe_ticket_global_stock_level":"","_global_stock_mode":"","_global_stock_cap":"","_tribe_rsvp_for_event":"","_tribe_ticket_going_count":"","_tribe_ticket_not_going_count":"","_tribe_tickets_list":"[]","_tribe_ticket_has_attendee_info_fields":false},"product_brand":[],"product_cat":[119],"product_tag":[],"class_list":{"0":"post-11021","1":"product","2":"type-product","3":"status-publish","4":"has-post-thumbnail","6":"product_cat-rotwein","8":"first","9":"instock","10":"taxable","11":"shipping-taxable","12":"purchasable","13":"product-type-simple"},"acf":[],"_links":{"self":[{"href":"https:\/\/weinhundert.styleinc.eu\/da\/wp-json\/wp\/v2\/product\/11021","targetHints":{"allow":["GET"]}}],"collection":[{"href":"https:\/\/weinhundert.styleinc.eu\/da\/wp-json\/wp\/v2\/product"}],"about":[{"href":"https:\/\/weinhundert.styleinc.eu\/da\/wp-json\/wp\/v2\/types\/product"}],"replies":[{"embeddable":true,"href":"https:\/\/weinhundert.styleinc.eu\/da\/wp-json\/wp\/v2\/comments?post=11021"}],"wp:featuredmedia":[{"embeddable":true,"href":"https:\/\/weinhundert.styleinc.eu\/da\/wp-json\/wp\/v2\/media\/11022"}],"wp:attachment":[{"href":"https:\/\/weinhundert.styleinc.eu\/da\/wp-json\/wp\/v2\/media?parent=11021"}],"wp:term":[{"taxonomy":"product_brand","embeddable":true,"href":"https:\/\/weinhundert.styleinc.eu\/da\/wp-json\/wp\/v2\/product_brand?post=11021"},{"taxonomy":"product_cat","embeddable":true,"href":"https:\/\/weinhundert.styleinc.eu\/da\/wp-json\/wp\/v2\/product_cat?post=11021"},{"taxonomy":"product_tag","embeddable":true,"href":"https:\/\/weinhundert.styleinc.eu\/da\/wp-json\/wp\/v2\/product_tag?post=11021"}],"curies":[{"name":"wp","href":"https:\/\/api.w.org\/{rel}","templated":true}]}}