{"id":10997,"date":"2026-02-26T06:21:28","date_gmt":"2026-02-26T05:21:28","guid":{"rendered":"https:\/\/weinhundert.styleinc.eu\/produkt\/masi-costasera-amarone-2010-075-l\/"},"modified":"2026-03-10T21:23:19","modified_gmt":"2026-03-10T20:23:19","slug":"masi-costasera-amarone-2010-075-l","status":"publish","type":"product","link":"https:\/\/weinhundert.styleinc.eu\/da\/produkt\/masi-costasera-amarone-2010-075-l\/","title":{"rendered":"Masi Costasera Amarone 2010 0,75 l"},"content":{"rendered":"<p>Mit dem Masi Costasera Amarone 2010 tauchst du ein in die Seele des Veneto. Dieser Rotwein vereint die typischen Rebsorten Corvina, Rondinella und Molinara und pr\u00e4sentiert sich mit einer beeindruckenden Tiefe, die dich sofort in ihren Bann zieht. Aromen von reifen Kirschen, getrockneten Fr\u00fcchten und einem Hauch von Gew\u00fcrzen begegnen dir und machen jeden Schluck zu einem Erlebnis. Der Alkoholgehalt von 15 % sorgt f\u00fcr einen w\u00e4rmenden Abschluss, der diesen Wein perfekt f\u00fcr besondere Anl\u00e4sse macht. G\u00f6nn dir diesen Amarone zu einem saftigen Rinderbraten oder einer w\u00fcrzigen K\u00e4seplatte \u2013 das wird ein Fest f\u00fcr die Sinne!<\/p>\n","protected":false},"excerpt":{"rendered":"<p>Tiefe und Eleganz aus dem Veneto: getrocknete Fr\u00fcchte, Kirschen und Gew\u00fcrze in vollendeter Harmonie.<\/p>\n","protected":false},"featured_media":10998,"comment_status":"open","ping_status":"closed","template":"","meta":{"_acf_changed":false,"_et_pb_use_builder":"","_et_pb_old_content":"","_et_gb_content_width":"","inline_featured_image":false,"_price":"42.90","_stock":"29","_tribe_ticket_header":"","_tribe_default_ticket_provider":"","_ticket_start_date":"","_ticket_end_date":"","_tribe_ticket_show_description":"","_tribe_ticket_show_not_going":false,"_tribe_ticket_use_global_stock":"","_tribe_ticket_global_stock_level":"","_global_stock_mode":"","_global_stock_cap":"","_tribe_rsvp_for_event":"","_tribe_ticket_going_count":"","_tribe_ticket_not_going_count":"","_tribe_tickets_list":"[]","_tribe_ticket_has_attendee_info_fields":false},"product_brand":[],"product_cat":[119],"product_tag":[],"class_list":{"0":"post-10997","1":"product","2":"type-product","3":"status-publish","4":"has-post-thumbnail","6":"product_cat-rotwein","8":"first","9":"instock","10":"taxable","11":"shipping-taxable","12":"purchasable","13":"product-type-simple"},"acf":[],"_links":{"self":[{"href":"https:\/\/weinhundert.styleinc.eu\/da\/wp-json\/wp\/v2\/product\/10997","targetHints":{"allow":["GET"]}}],"collection":[{"href":"https:\/\/weinhundert.styleinc.eu\/da\/wp-json\/wp\/v2\/product"}],"about":[{"href":"https:\/\/weinhundert.styleinc.eu\/da\/wp-json\/wp\/v2\/types\/product"}],"replies":[{"embeddable":true,"href":"https:\/\/weinhundert.styleinc.eu\/da\/wp-json\/wp\/v2\/comments?post=10997"}],"wp:featuredmedia":[{"embeddable":true,"href":"https:\/\/weinhundert.styleinc.eu\/da\/wp-json\/wp\/v2\/media\/10998"}],"wp:attachment":[{"href":"https:\/\/weinhundert.styleinc.eu\/da\/wp-json\/wp\/v2\/media?parent=10997"}],"wp:term":[{"taxonomy":"product_brand","embeddable":true,"href":"https:\/\/weinhundert.styleinc.eu\/da\/wp-json\/wp\/v2\/product_brand?post=10997"},{"taxonomy":"product_cat","embeddable":true,"href":"https:\/\/weinhundert.styleinc.eu\/da\/wp-json\/wp\/v2\/product_cat?post=10997"},{"taxonomy":"product_tag","embeddable":true,"href":"https:\/\/weinhundert.styleinc.eu\/da\/wp-json\/wp\/v2\/product_tag?post=10997"}],"curies":[{"name":"wp","href":"https:\/\/api.w.org\/{rel}","templated":true}]}}