{"id":10985,"date":"2026-02-26T06:21:18","date_gmt":"2026-02-26T05:21:18","guid":{"rendered":"https:\/\/weinhundert.styleinc.eu\/?post_type=product&#038;p=10985"},"modified":"2026-03-10T21:23:10","modified_gmt":"2026-03-10T20:23:10","slug":"schwarz-rot-2015-075-l","status":"publish","type":"product","link":"https:\/\/weinhundert.styleinc.eu\/da\/produkt\/schwarz-rot-2015-075-l\/","title":{"rendered":"Schwarz Rot 2015 0,75 l"},"content":{"rendered":"<p>Der Schwarz Rot aus dem Jahr 2015 ist ein wahrer Genuss f\u00fcr alle, die sich gerne von den Aromen des Burgenlandes verf\u00fchren lassen. Dieser Zweigelt begeistert mit seinen fruchtigen Noten von Kirsche und roten Beeren, die wunderbar mit einer feinen W\u00fcrze harmonieren. Die angenehme F\u00fclle und der fruchtige Charakter laden zum Entspannen und Genie\u00dfen ein \u2013 perfekt f\u00fcr einen geselligen Abend mit Freunden oder einem gem\u00fctlichen Dinner. Probiere ihn doch einmal zu einem herzhaften Rindfleischgericht oder einer k\u00e4sigen Lasagne, und lass dich von seinem charmanten Wesen begeistern. G\u00f6nn dir diesen Wein und erlebe, was der Burgenland zu bieten hat!<\/p>\n","protected":false},"excerpt":{"rendered":"<p>Verf\u00fchrerischer Zweigelt aus dem Burgenland mit Kirsch- und Beerennoten, feiner W\u00fcrze und fruchtigem Charakter.<\/p>\n","protected":false},"featured_media":10986,"comment_status":"open","ping_status":"closed","template":"","meta":{"_acf_changed":false,"_et_pb_use_builder":"","_et_pb_old_content":"","_et_gb_content_width":"","inline_featured_image":false,"_price":"40.90","_stock":"-1","_tribe_ticket_header":"","_tribe_default_ticket_provider":"","_ticket_start_date":"","_ticket_end_date":"","_tribe_ticket_show_description":"","_tribe_ticket_show_not_going":false,"_tribe_ticket_use_global_stock":"","_tribe_ticket_global_stock_level":"","_global_stock_mode":"","_global_stock_cap":"","_tribe_rsvp_for_event":"","_tribe_ticket_going_count":"","_tribe_ticket_not_going_count":"","_tribe_tickets_list":"[]","_tribe_ticket_has_attendee_info_fields":false},"product_brand":[],"product_cat":[119],"product_tag":[],"class_list":{"0":"post-10985","1":"product","2":"type-product","3":"status-publish","4":"has-post-thumbnail","6":"product_cat-rotwein","8":"first","9":"outofstock","10":"taxable","11":"shipping-taxable","12":"purchasable","13":"product-type-simple"},"acf":[],"_links":{"self":[{"href":"https:\/\/weinhundert.styleinc.eu\/da\/wp-json\/wp\/v2\/product\/10985","targetHints":{"allow":["GET"]}}],"collection":[{"href":"https:\/\/weinhundert.styleinc.eu\/da\/wp-json\/wp\/v2\/product"}],"about":[{"href":"https:\/\/weinhundert.styleinc.eu\/da\/wp-json\/wp\/v2\/types\/product"}],"replies":[{"embeddable":true,"href":"https:\/\/weinhundert.styleinc.eu\/da\/wp-json\/wp\/v2\/comments?post=10985"}],"wp:featuredmedia":[{"embeddable":true,"href":"https:\/\/weinhundert.styleinc.eu\/da\/wp-json\/wp\/v2\/media\/10986"}],"wp:attachment":[{"href":"https:\/\/weinhundert.styleinc.eu\/da\/wp-json\/wp\/v2\/media?parent=10985"}],"wp:term":[{"taxonomy":"product_brand","embeddable":true,"href":"https:\/\/weinhundert.styleinc.eu\/da\/wp-json\/wp\/v2\/product_brand?post=10985"},{"taxonomy":"product_cat","embeddable":true,"href":"https:\/\/weinhundert.styleinc.eu\/da\/wp-json\/wp\/v2\/product_cat?post=10985"},{"taxonomy":"product_tag","embeddable":true,"href":"https:\/\/weinhundert.styleinc.eu\/da\/wp-json\/wp\/v2\/product_tag?post=10985"}],"curies":[{"name":"wp","href":"https:\/\/api.w.org\/{rel}","templated":true}]}}